{"id":7869,"date":"2025-12-19T10:41:27","date_gmt":"2025-12-19T10:41:27","guid":{"rendered":"https:\/\/hydemotorworks.com\/shop\/?post_type=product&#038;p=7869"},"modified":"2025-12-22T20:05:33","modified_gmt":"2025-12-22T20:05:33","slug":"v-x-r-sc14-to-rotrex-supercharger-upgrade-kit","status":"publish","type":"product","link":"https:\/\/hydemotorworks.com\/shop\/de\/produkt\/v-x-r-sc14-to-rotrex-supercharger-upgrade-kit\/","title":{"rendered":"V.X.R. SC14 to Rotrex Supercharger Upgrade Kit"},"content":{"rendered":"<h2><span style=\"text-decoration: underline; color: #13aff0; font-size: 24pt;\"><strong>V.X.R. ROTREX UPGRADE ADAPTER KIT FOR SC14 SUPERCHARGERS<\/strong><\/span><\/h2>\n<p>Designed in 2025 by Kristjan Quinn from Australia in full corporation with K.C. Design Concepts in the USA. Built around using the Rotrex C30 &amp; 38 centrifugal superchargers from Rotrex Superchargers in Denmark. With the Rotrex C38, the V.X.R. kit is capable of holding just around 0.8 &#8211; 1 Bar of boost (10-14PSI) on most BMW M5x 6 Cylinder engines up to 3L when used with the V2 Legacy, and 1.5 Bars of boost (well over 20PSI) on the typical 4 Cylinder BMW M4x engines up to 2L when used with the V4 M.O.A.B. 1500. The V.X.R. also of course supports the smaller Rotrex C30.<\/p>\n<h2><span style=\"text-decoration: underline; color: #13aff0; font-size: 14pt;\"><strong>INCLUDED PARTS<\/strong><\/span><\/h2>\n<ul>\n<li><small>V.X.R. Bracket<\/small><\/li>\n<li><small>Full set of Fasteners (nuts &amp; bolts)<\/small><\/li>\n<li><small>Finished in Powder Coated in Matt Black (Adapter\/Supercharger Kit)<br \/>\n<\/small><\/li>\n<li><small>Gew\u00e4hrleistung von 36 Monaten auf die Verarbeitung**<\/small><\/li>\n<\/ul>\n<p>&nbsp;<\/p>\n<p><a href=\"https:\/\/hydemotorworks.com\/shop\/wp-content\/uploads\/2024\/12\/Rotrex-Supercharger-HMW2-2024.jpg\"><img fetchpriority=\"high\" decoding=\"async\" class=\"alignnone wp-image-6751 size-full\" src=\"https:\/\/hydemotorworks.com\/shop\/wp-content\/uploads\/2024\/12\/Rotrex-Supercharger-HMW2-2024.jpg\" alt=\"Rotrex C30 C38 Supercharger Hyde Motor Works\" width=\"1024\" height=\"768\" srcset=\"https:\/\/hydemotorworks.com\/shop\/wp-content\/uploads\/2024\/12\/Rotrex-Supercharger-HMW2-2024.jpg 1024w, https:\/\/hydemotorworks.com\/shop\/wp-content\/uploads\/2024\/12\/Rotrex-Supercharger-HMW2-2024-300x225.jpg 300w, https:\/\/hydemotorworks.com\/shop\/wp-content\/uploads\/2024\/12\/Rotrex-Supercharger-HMW2-2024-768x576.jpg 768w, https:\/\/hydemotorworks.com\/shop\/wp-content\/uploads\/2024\/12\/Rotrex-Supercharger-HMW2-2024-16x12.jpg 16w, https:\/\/hydemotorworks.com\/shop\/wp-content\/uploads\/2024\/12\/Rotrex-Supercharger-HMW2-2024-504x378.jpg 504w\" sizes=\"(max-width: 1024px) 100vw, 1024px\" \/><\/a><\/p>\n<p><a href=\"https:\/\/hydemotorworks.com\/shop\/wp-content\/uploads\/2019\/07\/HMW-V2-Rotrex-C30-C38-V.X.R.-Upgrade-Kit-IMG_20251006_121134.jpg\"><img decoding=\"async\" class=\"alignnone wp-image-7829 size-full\" src=\"https:\/\/hydemotorworks.com\/shop\/wp-content\/uploads\/2019\/07\/HMW-V2-Rotrex-C30-C38-V.X.R.-Upgrade-Kit-IMG_20251006_121134.jpg\" alt=\"HMW V2 Rotrex C30 &amp; C38 V.X.R. Upgrade Kit-\" width=\"1200\" height=\"1539\" srcset=\"https:\/\/hydemotorworks.com\/shop\/wp-content\/uploads\/2019\/07\/HMW-V2-Rotrex-C30-C38-V.X.R.-Upgrade-Kit-IMG_20251006_121134.jpg 1200w, https:\/\/hydemotorworks.com\/shop\/wp-content\/uploads\/2019\/07\/HMW-V2-Rotrex-C30-C38-V.X.R.-Upgrade-Kit-IMG_20251006_121134-234x300.jpg 234w, https:\/\/hydemotorworks.com\/shop\/wp-content\/uploads\/2019\/07\/HMW-V2-Rotrex-C30-C38-V.X.R.-Upgrade-Kit-IMG_20251006_121134-798x1024.jpg 798w, https:\/\/hydemotorworks.com\/shop\/wp-content\/uploads\/2019\/07\/HMW-V2-Rotrex-C30-C38-V.X.R.-Upgrade-Kit-IMG_20251006_121134-768x985.jpg 768w, https:\/\/hydemotorworks.com\/shop\/wp-content\/uploads\/2019\/07\/HMW-V2-Rotrex-C30-C38-V.X.R.-Upgrade-Kit-IMG_20251006_121134-1198x1536.jpg 1198w, https:\/\/hydemotorworks.com\/shop\/wp-content\/uploads\/2019\/07\/HMW-V2-Rotrex-C30-C38-V.X.R.-Upgrade-Kit-IMG_20251006_121134-9x12.jpg 9w, https:\/\/hydemotorworks.com\/shop\/wp-content\/uploads\/2019\/07\/HMW-V2-Rotrex-C30-C38-V.X.R.-Upgrade-Kit-IMG_20251006_121134-504x646.jpg 504w\" sizes=\"(max-width: 1200px) 100vw, 1200px\" \/><\/a><\/p>\n<p class=\"responsive-video-wrap clr\"><iframe title=\"Rotrex Supercharger Kit for BMW&#039;s | V2R Legacy &amp; V4R M.O.A.B.\" width=\"1200\" height=\"675\" src=\"https:\/\/www.youtube.com\/embed\/sYBl-kNUKHA?feature=oembed\" frameborder=\"0\" allow=\"accelerometer; autoplay; clipboard-write; encrypted-media; gyroscope; picture-in-picture; web-share\" referrerpolicy=\"strict-origin-when-cross-origin\" allowfullscreen><\/iframe><\/p>\n<h2><span style=\"text-decoration: underline; color: #13aff0; font-size: 14pt;\"><strong>MANUFACTURERS NOTES &amp; DISCLAIMER<\/strong><\/span><\/h2>\n<ul>\n<li><span style=\"font-size: 10pt;\"><strong><em>The Rotrex Supercharger is not included in the kit unless ordered separately from us. You are also able to use the given part number for the supercharger and order the supercharger locally.<\/em><\/strong><\/span><\/li>\n<li><span style=\"font-size: 10pt;\"><em><strong>Clutched Pulley Delete required.<\/strong> The SC14 usually comes with a clutched 113mm Supercharger Pulley. You wont be able to use the clutched function any more and will need to disconnect \/ leave the clutch switch in the ON position.<\/em><\/span><\/li>\n<li><span style=\"font-size: 10pt;\"><em>Depending on the Supercharger unit and pulley used, it may see boost higher than 14PSI with an air to air intercooler, For most stock engines we suggest going with a larger Supercharger pulley to keep the boost under 10PSI for engine longevity.<\/em><\/span><\/li>\n<li><span style=\"font-size: 10pt;\"><em>This will depend on the application, engine displacement, the pulley used on the supercharger as well as the crankshaft. It is suggested the customer does their own research what the Rotrex C30 \/ C38 Superchargers are capable of and the engine they want to use it for.Refer to online calculators such as the Rotrex Calculator found here: https:\/\/rotrex.com\/calculators\/<\/em><\/span><\/li>\n<li><span style=\"font-size: 10pt;\"><em>Some SC14 variants such as the Type 2 or even Type 3 will have one out of the two front mounting legs about 10mm further back, this means you may have to install the bracket with one mounting hole with a 10mm spacer for alignment. Learn more about the SC14 here: <a href=\"https:\/\/hydemotorworks.com\/about-the-supercharger\/\">About the SC14 Supercharger<\/a>.<\/em><\/span><\/li>\n<li><span style=\"font-size: 10pt;\"><em>To use the full potential of larger \/ more modern Superchargers, the engine must be built to hold high boost, the stock engine should not be pushed beyond 10PSI.*<\/em><\/span><\/li>\n<li><span style=\"font-size: 10pt;\"><em>Hyde Motor Works, Hyde Superchargers or any associated brands of H.E.D.E. Group, all of our Partners clarify and state that any other brands mentioned here is for educational and comparison purposes only, we do not own nor are associated with them.<\/em><\/span><\/li>\n<li><span style=\"font-size: 10pt;\"><em>By selling this product, we do not promise or agree to support beyond the service, use and warranty of the product. We are not obliged to assist or help with any custom builds. If you have a custom project that you would like to develop a Supercharger Ki and want our support or involvement, then you can look at our <a href=\"https:\/\/hydemotorworks.com\/our-engineers\/\">engineers program<\/a> and contact us.<\/em><\/span><\/li>\n<li><span style=\"font-size: 10pt;\"><em>Disclaimer: By using this product, the user takes full liability and responsibility to know and comply with all local laws and regulations, as well as being solely liable for any damage or injury that may arise from using this product. Product is sold as &#8220;Off Road Use&#8221; basis only.<\/em><\/span><\/li>\n<\/ul>\n<p>&nbsp;<\/p>\n<h2><span style=\"text-decoration: underline; color: #13aff0; font-size: 14pt;\"><strong>ADDITIONAL:<\/strong><\/span><\/h2>\n<p>Um die Installation eines der Setups abzuschlie\u00dfen, ben\u00f6tigen Sie au\u00dferdem die folgenden zus\u00e4tzlichen Teile:<\/p>\n<ul>\n<li><em><small>Rotrex C38 \/ C30 Supercharger with recommended accessories (check the technical specifications for part numbers)<\/small><\/em><\/li>\n<li><em><small>an Intercooler Kit is recommended<\/small><\/em><\/li>\n<li><em><small>Unterdruckschlauch<br \/>\n<\/small><\/em><\/li>\n<li><em><small>einen Luftfilter mit hohem Durchsatz<br \/>\n<\/small><\/em><\/li>\n<li><em><small>eine Ladedruckanzeige<br \/>\n<\/small><\/em><\/li>\n<li><em><small>proper tune is highly recommended if exceeding the normal boost levels of the engine.<\/small><\/em><\/li>\n<\/ul>\n<p>&nbsp;<\/p>\n<p>Bitte konsultieren Sie die <span style=\"color: #13aff0;\"><a style=\"color: #13aff0;\" href=\"https:\/\/hydemotorworks.com\/installation-guides\/\">Installationsanleitung<\/a><\/span> f\u00fcr weitere Informationen.<\/p>\n<p><em><strong>F\u00fcr das Tuning<\/strong>empfehlen wir die Verwendung einer unserer ausgew\u00e4hlten <span style=\"color: #13aff0;\"><a style=\"color: #13aff0;\" href=\"https:\/\/hydemotorworks.com\/tag\/official-tuner\/\">Tuning Partner<\/a><\/span>.<\/em><br \/>\n<em>In unserem Shop k\u00f6nnen Tuning-Pakete auch erworben werden.<\/em><\/p>\n<p>Bitte informieren Sie sich im <a href=\"https:\/\/hydemotorworks.com\/shop\/product-finder\/\"><strong>Produkt Finder<\/strong><\/a> \u00fcber alle in unserem Shop verf\u00fcgbaren Teile, die f\u00fcr diesen Aufbau erforderlich sind.<br \/>\nFor more information on the Black Kaiser Supercharger Kit please check the overview on <strong><a href=\"https:\/\/hydemotorworks.com\/products-and-supercharger-setups\/\">PRODUKTE<\/a><\/strong> Seiten.<\/p>","protected":false},"excerpt":{"rendered":"<p><small>(Weitere Informationen finden Sie in den nachstehenden Leistungsbeschreibungen)<\/small><\/p>\n<p>Upgrade your old SC14 to a modern Rotrex C30 or C38 Centrifugal Supercharger. You can also use the V.X.R. adapter bracket as a Rotrex Supercharger Mount for a custom supercharged build!<\/p>\n<p>This SC14 to Rotrex conversion kit was made for our original SC14 based kits such as the V2 Legacy &amp; V4 M.O.A.B. 1500 for the BMW&#8217;s. The V.X.R. lets the user convert and upgraded their existing SC14 Supercharger and use in its place the more modern, brand new and highly efficient Rotrex C30 and C38 Centrifugal Superchargers.<\/p>\n<p>The V.X.R. can also be used to replace existing factory equipped Wankle AG \/ Ogur Clutch \/ Toyota type OEM SC14 Superchargers found in the <em>Toyota MR2, Previa, Estima<\/em> vans, cars from <em>Volvo<\/em> that may have the TX14\/SC14 Supercharger and marine engines as Kawasaki Jetski&#8217;s that may use the SC14 based TX20 \/ TX28 and more.<\/p>","protected":false},"featured_media":7830,"template":"","meta":{"kia_subtitle":"Rotrex C30\/C38 Supercharger Mount | SC14 Replacement Upgrade","ocean_post_layout":"","ocean_both_sidebars_style":"","ocean_both_sidebars_content_width":0,"ocean_both_sidebars_sidebars_width":0,"ocean_sidebar":"0","ocean_second_sidebar":"0","ocean_disable_margins":"enable","ocean_add_body_class":"","ocean_shortcode_before_top_bar":"","ocean_shortcode_after_top_bar":"","ocean_shortcode_before_header":"","ocean_shortcode_after_header":"","ocean_has_shortcode":"","ocean_shortcode_after_title":"","ocean_shortcode_before_footer_widgets":"","ocean_shortcode_after_footer_widgets":"","ocean_shortcode_before_footer_bottom":"","ocean_shortcode_after_footer_bottom":"","ocean_display_top_bar":"default","ocean_display_header":"default","ocean_header_style":"","ocean_center_header_left_menu":"0","ocean_custom_header_template":"0","ocean_custom_logo":0,"ocean_custom_retina_logo":0,"ocean_custom_logo_max_width":0,"ocean_custom_logo_tablet_max_width":0,"ocean_custom_logo_mobile_max_width":0,"ocean_custom_logo_max_height":0,"ocean_custom_logo_tablet_max_height":0,"ocean_custom_logo_mobile_max_height":0,"ocean_header_custom_menu":"0","ocean_menu_typo_font_family":"0","ocean_menu_typo_font_subset":"","ocean_menu_typo_font_size":0,"ocean_menu_typo_font_size_tablet":0,"ocean_menu_typo_font_size_mobile":0,"ocean_menu_typo_font_size_unit":"px","ocean_menu_typo_font_weight":"","ocean_menu_typo_font_weight_tablet":"","ocean_menu_typo_font_weight_mobile":"","ocean_menu_typo_transform":"","ocean_menu_typo_transform_tablet":"","ocean_menu_typo_transform_mobile":"","ocean_menu_typo_line_height":0,"ocean_menu_typo_line_height_tablet":0,"ocean_menu_typo_line_height_mobile":0,"ocean_menu_typo_line_height_unit":"","ocean_menu_typo_spacing":0,"ocean_menu_typo_spacing_tablet":0,"ocean_menu_typo_spacing_mobile":0,"ocean_menu_typo_spacing_unit":"","ocean_menu_link_color":"","ocean_menu_link_color_hover":"","ocean_menu_link_color_active":"","ocean_menu_link_background":"","ocean_menu_link_hover_background":"","ocean_menu_link_active_background":"","ocean_menu_social_links_bg":"","ocean_menu_social_hover_links_bg":"","ocean_menu_social_links_color":"","ocean_menu_social_hover_links_color":"","ocean_disable_title":"default","ocean_disable_heading":"default","ocean_post_title":"","ocean_post_subheading":"","ocean_post_title_style":"","ocean_post_title_background_color":"","ocean_post_title_background":0,"ocean_post_title_bg_image_position":"","ocean_post_title_bg_image_attachment":"","ocean_post_title_bg_image_repeat":"","ocean_post_title_bg_image_size":"","ocean_post_title_height":0,"ocean_post_title_bg_overlay":0.5,"ocean_post_title_bg_overlay_color":"","ocean_disable_breadcrumbs":"default","ocean_breadcrumbs_color":"","ocean_breadcrumbs_separator_color":"","ocean_breadcrumbs_links_color":"","ocean_breadcrumbs_links_hover_color":"","ocean_display_footer_widgets":"default","ocean_display_footer_bottom":"default","ocean_custom_footer_template":"0","ofc_meta_disable_footer_callout":"","ofc_meta_callout_button_url":"","ofc_meta_callout_button_txt":"","ofc_meta_callout_text":"","ofc_enable_fullscreen":"disable","ofc_fullscreen_speed":0,"ofc_fullscreen_nav":"enable","ofc_fullscreen_nav_pos":"right","ofc_fullscreen_nav_color":"","ofc_fullscreen_nav_tooltip_color":"","ofc_fullscreen_responsive":0,"osh_disable_topbar_sticky":"default","osh_disable_header_sticky":"default","osh_sticky_header_style":"default","osh_sticky_header_effect":"","osh_custom_sticky_logo":0,"osh_custom_retina_sticky_logo":0,"osh_custom_sticky_logo_height":0,"osh_background_color":"","osh_links_color":"","osh_links_hover_color":"","osh_links_active_color":"","osh_links_bg_color":"","osh_links_hover_bg_color":"","osh_links_active_bg_color":"","osh_menu_social_links_color":"","osh_menu_social_hover_links_color":""},"product_brand":[],"product_cat":[479,341],"product_tag":[495,429,485,486,483,493,484,494,488,490,491,487,480,481,489,492,482],"class_list":{"0":"post-7869","1":"product","2":"type-product","3":"status-publish","4":"has-post-thumbnail","6":"product_cat-sc14-supercharger-replacement-upgrade","7":"product_cat-supercharger-kits","8":"product_tag-c30","9":"product_tag-c38-61-71-81-91-92","10":"product_tag-estima","11":"product_tag-mr2","12":"product_tag-ogura-clutch","13":"product_tag-penta-supercharger-upgrade","14":"product_tag-previa","15":"product_tag-rotrex-mounting-bracket","16":"product_tag-sc14-upgrade-supercharger","17":"product_tag-sc20","18":"product_tag-sc28","19":"product_tag-toyota-sc14-upgrade-bearings","20":"product_tag-toyota-sc14-upgrade-kit","21":"product_tag-tx15-supercharger-to-rotrex","22":"product_tag-tx20","23":"product_tag-volvo","24":"product_tag-wankle-ag","26":"entry","27":"has-media","29":"first","30":"instock","31":"featured","32":"taxable","33":"shipping-taxable","34":"purchasable","35":"product-type-simple","36":"has-product-nav","37":"col","38":"span_1_of_4","39":"owp-content-center","40":"owp-thumbs-layout-horizontal","41":"owp-btn-normal","42":"owp-tabs-layout-vertical"},"_links":{"self":[{"href":"https:\/\/hydemotorworks.com\/shop\/de\/wp-json\/wp\/v2\/product\/7869","targetHints":{"allow":["GET"]}}],"collection":[{"href":"https:\/\/hydemotorworks.com\/shop\/de\/wp-json\/wp\/v2\/product"}],"about":[{"href":"https:\/\/hydemotorworks.com\/shop\/de\/wp-json\/wp\/v2\/types\/product"}],"version-history":[{"count":11,"href":"https:\/\/hydemotorworks.com\/shop\/de\/wp-json\/wp\/v2\/product\/7869\/revisions"}],"predecessor-version":[{"id":7873,"href":"https:\/\/hydemotorworks.com\/shop\/de\/wp-json\/wp\/v2\/product\/7869\/revisions\/7873"}],"wp:featuredmedia":[{"embeddable":true,"href":"https:\/\/hydemotorworks.com\/shop\/de\/wp-json\/wp\/v2\/media\/7830"}],"wp:attachment":[{"href":"https:\/\/hydemotorworks.com\/shop\/de\/wp-json\/wp\/v2\/media?parent=7869"}],"wp:term":[{"taxonomy":"product_brand","embeddable":true,"href":"https:\/\/hydemotorworks.com\/shop\/de\/wp-json\/wp\/v2\/product_brand?post=7869"},{"taxonomy":"product_cat","embeddable":true,"href":"https:\/\/hydemotorworks.com\/shop\/de\/wp-json\/wp\/v2\/product_cat?post=7869"},{"taxonomy":"product_tag","embeddable":true,"href":"https:\/\/hydemotorworks.com\/shop\/de\/wp-json\/wp\/v2\/product_tag?post=7869"}],"curies":[{"name":"wp","href":"https:\/\/api.w.org\/{rel}","templated":true}]}}