{"id":774,"date":"2019-07-14T05:59:50","date_gmt":"2019-07-14T05:59:50","guid":{"rendered":"https:\/\/hydemotorworks.com\/shop\/?post_type=product&#038;p=774"},"modified":"2026-02-09T15:34:21","modified_gmt":"2026-02-09T15:34:21","slug":"v3-supercharger-kit","status":"publish","type":"product","link":"https:\/\/hydemotorworks.com\/shop\/de\/produkt\/v3-supercharger-kit\/","title":{"rendered":"V3.2 M90 Kompressor Kit"},"content":{"rendered":"<h2><span style=\"text-decoration: underline; color: #13aff0;\"><strong>V3.2 M90 KOMPRESSOR KIT<\/strong><\/span><\/h2>\n<p>Das von K.C. Design Concepts selbst entwickelte und 2020 ver\u00f6ffentlichte V3.2 M90-Kit verwendet den kleinen Jaguar \/ Aston Martin Eaton M90 Kompressor und ist eine kompakte Option f\u00fcr die BMW M50, M52, M54, S50, S52, S54 Motoren.<\/p>\n<p>Das V3.2 M90 Supercharger Kit ist ideal f\u00fcr den t\u00e4glichen Einsatz auf der Stra\u00dfe, aber auch f\u00fcr den harten Einsatz auf der Rennstrecke. Derzeit ist es in der 4. Generation verf\u00fcgbar, und nutzt den werksseitigen Riemenantrieb, der es Ihnen erm\u00f6glicht, alle urspr\u00fcnglichen, riemengetriebenen Motorzubeh\u00f6rteile wie die Lichtmaschine, Servolenkung, Klimaanlage, alle in ihrer urspr\u00fcnglichen Position zu erhalten.<\/p>\n<p><strong>Umfasst:<\/strong><\/p>\n<ul>\n<li><small>Kompletter Satz Halterungen<\/small><\/li>\n<li><small>Einlass- und Auslasskr\u00fcmmer f\u00fcr den Mercedes Eaton M90 Kompressor<\/small><\/li>\n<li><small>M5x Motor Drosselklappenstutzen Verlagerungs- Kr\u00fcmmer (Throttle Body Relocation Manifolds)<\/small><\/li>\n<li><small>M50 \/ M52 Power Steering Adapter Bracket (depending on engine selected)<\/small><\/li>\n<li><small>SR1-Kr\u00fcmmer (falls mit dem Bausatz bestellt, sonst auch separat erh\u00e4ltlich)<\/small><\/li>\n<li><small>Full set of Gaskets (Included with orders from fall 2024 on wards)<br \/>\n<\/small><\/li>\n<li><small>Kundenspezifischer Riemenantrieb<\/small><small> &amp; Umlenkrollen<\/small><\/li>\n<li><small>Kompletter Satz Befestigungselemente (Muttern, Schrauben und Abstandshalter)<\/small><\/li>\n<li><small>Pulverbeschichtet in Jet Black oder English Race Green ( Kompressor Kit)<br \/>\n<\/small><\/li>\n<li><small>Gew\u00e4hrleistung von 24 Monaten auf die Verarbeitung <u>f\u00fcr die volle Nutzung der Rennstrecke*<\/u><\/small><\/li>\n<\/ul>\n<p>&nbsp;<\/p>\n<p><strong>F\u00fcr BMW Modelle und Fahrzeuge mit 6-Zylinder BMW M50, M52, M54, S50, S52, S54 Motoren:<\/strong><\/p>\n<ul>\n<li><small>1990-1992 E34 520i<br \/>\n<\/small><\/li>\n<li><small>1991-1995 E36 320i<br \/>\n<\/small><\/li>\n<li><small>1992-1994 E36 320i<br \/>\n<\/small><\/li>\n<li><small>1992-1996 E34 520i<br \/>\n<\/small><\/li>\n<li><small>1993-1995 E36 325iA\/2.4<br \/>\n<\/small><\/li>\n<li><small>1992-1996 E34 525iA\/2.4<br \/>\n<\/small><\/li>\n<li><small>1990-1992 E34 525i, 525ix<br \/>\n<\/small><\/li>\n<li><small>1991-1992 E36 325i, 325is<br \/>\n<\/small><\/li>\n<li><small>1993-1995 E36 325i, 325is<br \/>\n<\/small><\/li>\n<li><small>1992-1996 E34 525i, 525ix<br \/>\n<\/small><\/li>\n<li><small>1992-1995 E36 M3<br \/>\n<\/small><\/li>\n<li><small>1994-1995 E36 M3<br \/>\n<\/small><\/li>\n<li><small>1995-1999 E36 M3<br \/>\n<\/small><\/li>\n<li><small>1996-2000 Z3 M Coupe and M Roadster<br \/>\n<\/small><\/li>\n<li><small>1994-1998 E36 320i<br \/>\n<\/small><\/li>\n<li><small>1995-1998 E39 520i<br \/>\n<\/small><\/li>\n<li><small>1998-2000 E46 320i, 320Ci<br \/>\n<\/small><\/li>\n<li><small>1998-2000 E39 520i<br \/>\n<\/small><\/li>\n<li><small>1999-2000 E36\/7 Z3 2.0i<br \/>\n<\/small><\/li>\n<li><small>1995-1998 E36 323i<br \/>\n<\/small><\/li>\n<li><small>1995-2000 E36\/5 323ti<br \/>\n<\/small><\/li>\n<li><small>1995-1998 E39 523i<br \/>\n<\/small><\/li>\n<li><small>1998-2000 E46 323i, 323Ci<br \/>\n<\/small><\/li>\n<li><small>1998-2000 E39 523i<br \/>\n<\/small><\/li>\n<li><small>1998-2000 E36\/7 Z3 2.3i<br \/>\n<\/small><\/li>\n<li><small>1995-1999 E36 328i, 328is<br \/>\n<\/small><\/li>\n<li><small>1995-1998 E39 528i<br \/>\n<\/small><\/li>\n<li><small>1995-1998 E38 728i, 728iL<br \/>\n<\/small><\/li>\n<li><small>1997-1998 E36\/7 Z3 2.8<br \/>\n<\/small><\/li>\n<li><small>1997-2000 Land Rover Defender<br \/>\n<\/small><\/li>\n<li><small>1998-2000 E46 328i, 328Ci<br \/>\n<\/small><\/li>\n<li><small>1998-2000 E36\/7\/8 Z3 2.8<br \/>\n<\/small><\/li>\n<li><small>1998-2000 E39 528i<br \/>\n<\/small><\/li>\n<li><small>1998-2000 E38 728i<br \/>\n<\/small><\/li>\n<li><small>1996-1999 E36 M3 (Canada and US only)<br \/>\n<\/small><\/li>\n<li><small>1998-2000 E36\/7\/8 Z3M<br \/>\n<\/small><\/li>\n<li><small>2000\u20132006 E46 320i, 320Ci<br \/>\n<\/small><\/li>\n<li><small>2000\u20132003 E39 520i<br \/>\n<\/small><\/li>\n<li><small>2000\u20132002 E36\/7 Z3 2.2i<br \/>\n<\/small><\/li>\n<li><small>2003\u20132005 E85 Z4 2.2i<br \/>\n<\/small><\/li>\n<li><small>2003\u20132005 E60\/E61 520i<br \/>\n<\/small><\/li>\n<li><small>2000\u20132002 E36\/7 Z3 2.5i<br \/>\n<\/small><\/li>\n<li><small>2000\u20132006 E46 325i, 325xi, 325Ci<br \/>\n<\/small><\/li>\n<li><small>2000\u20132004 E46\/5 325ti<br \/>\n<\/small><\/li>\n<li><small>2000\u20132004 E39 525i<br \/>\n<\/small><\/li>\n<li><small>2003\u20132005 E60\/E61 525i, 525xi<br \/>\n<\/small><\/li>\n<li><small>2003\u20132006 E83 X3 2.5i<br \/>\n<\/small><\/li>\n<li><small>2002\u20132005 E85 Z4 2.5i<br \/>\n<\/small><\/li>\n<li><small>2000\u20132006 E46 330i, 330xi, 330Ci<br \/>\n<\/small><\/li>\n<li><small>2000\u20132004 E39 530i<br \/>\n<\/small><\/li>\n<li><small>2000\u20132002 E36\/7 Z3 3.0i<br \/>\n<\/small><\/li>\n<li><small>2003\u20132005 E60 530i<br \/>\n<\/small><\/li>\n<li><small>2002\u20132005 E85 Z4 3.0i<br \/>\n<\/small><\/li>\n<li><small>2003\u20132006 E83 X3 3.0i<br \/>\n<\/small><\/li>\n<li><small>2000\u20132006 E53 X5 3.0i<br \/>\n<\/small><\/li>\n<li><small>2002\u20132005 E65\/E66 730i, 730Li<br \/>\n<\/small><\/li>\n<li><small>2000\u20132002 Wiesmann MF 30<br \/>\n<\/small><\/li>\n<li><small>2000\u20132006 E46 M3<br \/>\n<\/small><\/li>\n<li><small>2000\u20132002 E36\/7 Z3 M Roadster, E36\/8 M Coup\u00e9<br \/>\n<\/small><\/li>\n<li><small>2002\u20132011 Wiesmann MF 3 Roadster<br \/>\n<\/small><\/li>\n<li><small>2006\u20132008 E85 Z4 M Roadster, E86 Z4 M Coup\u00e9<br \/>\n<\/small><\/li>\n<li><small>2003 E46 M3 CSL<br \/>\n<\/small><\/li>\n<li><small>2009 Wiesmann MF 3 Roadster 20th Anniversary Edition<\/small><small><\/small><small><\/small><\/li>\n<\/ul>\n<p>&nbsp;<\/p>\n<p><span style=\"text-decoration: underline; color: #13aff0;\"><strong>Anmerkungen<\/strong><\/span><\/p>\n<ul>\n<li><em>Dieser Halterungssatz erfordert die Verwendung des k\u00fcrzerer Hyde Motor Works <\/em><em><span style=\"color: #13aff0;\"><a style=\"color: #13aff0;\" href=\"https:\/\/hydemotorworks.com\/shop\/product\/straight-six-manifold\/\">SR1 Kr\u00fcmmer<\/a><\/span><\/em><em>. Der serienm\u00e4\u00dfige Kr\u00fcmmer l\u00e4sst den Einbau des Kompressors nicht zu.<br \/>\n<\/em><\/li>\n<li><em><em>Bei den Modellen E46, E38 und E39 m\u00fcssen Sie den K\u00fchlerbeh\u00e4lter versetzen oder aus Platzgr\u00fcnden einen E36- oder Nachr\u00fcstk\u00fchler verwenden.<\/em><\/em><\/li>\n<li><em>Der Kompressor ist nicht im Kit enthalten, es sei denn, Sie bestellen ihn separat bei uns. Wir empfehlen Ihnen, die angegebene Teilenummer f\u00fcr den Kompressor zu verwenden und den Kompressor vor Ort zu bestellen.<br \/>\n<\/em><\/li>\n<li><em>Verschiedene M62- und M90-Kompressoren k\u00f6nnen mit den V3.2 M90-Kits unter Verwendung des SR1-Kr\u00fcmmers nachger\u00fcstet werden, diese sind jedoch weder offiziell getestet noch werden sie von Hyde Motor Works unterst\u00fctzt.<br \/>\n<\/em><\/li>\n<li><em>Die serienm\u00e4\u00dfige M90 Riemenscheibe begrenzt den Ladedruck auf 9PSI mit einem Luft-Luft-Ladeluftk\u00fchler. F\u00fcr 12-14+ PSI m\u00fcssen Sie den M90 Kompressor mit neuen Kugellagern umbauen und jede sonst vorhandene <a href=\"https:\/\/hydemotorworks.com\/shop\/product-category\/accessories\/pulleys\/\">Hyde Motor Works Overdrive Riemenscheibe, verwenden<\/a> , die f\u00fcr den M90 Kompressor hergestellt wurde. Der Serienmotor sollte nicht \u00fcber 10PSI hinaus belastet werden.*<\/em><\/li>\n<\/ul>\n<p>&nbsp;<\/p>\n<p><strong>Um die Installation eines der Setups abzuschlie\u00dfen, ben\u00f6tigen Sie au\u00dferdem die folgenden zus\u00e4tzlichen Teile:<\/strong><\/p>\n<ul>\n<li><small>Eaton M90 Kompressor mit empfohlenem Zubeh\u00f6r (Teilenummern finden Sie in den technischen Daten)<br \/>\n<\/small><\/li>\n<li><small>ein Ladeluftk\u00fchler-Kit mit Silikonrohren und Schlauchschellen (kann separat erworben werden)<\/small><\/li>\n<li><small>Unterdruckschlauch<br \/>\n<\/small><\/li>\n<li><small>einen Luftfilter mit hohem Durchsatz<br \/>\n<\/small><\/li>\n<li><small>eine Ladedruckanzeige<br \/>\n<\/small><\/li>\n<li><small>ein Umgehungsventil mit R\u00fcckf\u00fchrung und<br \/>\n<\/small><\/li>\n<li><small>das passende Tuning<\/small><small><small><\/small><\/small><\/li>\n<\/ul>\n<p>&nbsp;<\/p>\n<p>Bitte konsultieren Sie die <span style=\"color: #13aff0;\"><a style=\"color: #13aff0;\" href=\"https:\/\/hydemotorworks.com\/installation-guides\/\">Installationsanleitung<\/a><\/span> f\u00fcr weitere Informationen.<\/p>\n<p><em><strong>F\u00fcr das Tuning<\/strong>empfehlen wir die Verwendung einer unserer ausgew\u00e4hlten <span style=\"color: #13aff0;\"><a style=\"color: #13aff0;\" href=\"https:\/\/hydemotorworks.com\/tag\/official-tuner\/\">Tuning Partner<\/a><\/span>.<\/em><br \/>\n<em>In unserem Shop k\u00f6nnen Tuning-Pakete auch erworben werden.<\/em><\/p>\n<p class=\"responsive-video-wrap clr\"><iframe title=\"V3 Supercharger on BMW 328i - Test Drive in France\" width=\"1200\" height=\"675\" src=\"https:\/\/www.youtube.com\/embed\/EUCDceEHDJQ?feature=oembed\" frameborder=\"0\" allow=\"accelerometer; autoplay; clipboard-write; encrypted-media; gyroscope; picture-in-picture; web-share\" referrerpolicy=\"strict-origin-when-cross-origin\" allowfullscreen><\/iframe><\/p>\n<p class=\"responsive-video-wrap clr\"><iframe title=\"BMW 330i V3 Supercharged Drift Machine - Camel Drift\" width=\"1200\" height=\"675\" src=\"https:\/\/www.youtube.com\/embed\/1vCU5wzCtU0?feature=oembed\" frameborder=\"0\" allow=\"accelerometer; autoplay; clipboard-write; encrypted-media; gyroscope; picture-in-picture; web-share\" referrerpolicy=\"strict-origin-when-cross-origin\" allowfullscreen><\/iframe><\/p>\n<p>Bitte informieren Sie sich im <a href=\"https:\/\/hydemotorworks.com\/shop\/product-finder\/\"><strong><span style=\"color: #13aff0;\">Produkt Finder<\/span><\/strong><\/a> \u00fcber alle in unserem Shop verf\u00fcgbaren Teile, die f\u00fcr diesen Aufbau erforderlich sind.<br \/>\nFor more information on the V3 M90 Supercharger Kit, please check the overview on <span style=\"color: #13aff0;\"><strong><a style=\"color: #13aff0;\" href=\"https:\/\/hydemotorworks.com\/products-and-supercharger-setups\/\">PRODUKTE<\/a><\/strong><\/span> Seiten.<\/p>","protected":false},"excerpt":{"rendered":"<p><strong>Durchschnittliche Leistungskurve: 300 - 450 PS\u2660<br \/>\n<\/strong><small>(Weitere Informationen finden Sie in den nachstehenden Leistungsbeschreibungen)<\/small><\/p>\n<p>Das V3.2 ist ein Kompressor-Kit f\u00fcr ein t\u00e4gliches Stra\u00dfenfahrzeug, das auch auf der Rennstrecke eingesetzt werden kann. Es wurde f\u00fcr die 6-Zylinder BMW M50, M52, M54, S50, S52 &amp; S54 Motoren entwickelt. Das Kit selbst kann die Jaguar &amp; Aston Martin basierte kompakte Einheit Eaton M90 Kompressor unterst\u00fctzen.<\/p>\n<p>Dieses Kompressorsystem unterst\u00fctzt eine breite Palette von klassischen und neumodernen BMW-Modellen wie die Modelle BMW E34, E36, E38, E39, E46, E83 X3, E85, E53 X5, E60, E61, E65, E66, Z3, Z4 sowie Wiesmann MF 30 (2000- 2002) und Land Rover Defender (1997-2000).<\/p>","protected":false},"featured_media":6754,"template":"","meta":{"kia_subtitle":"M90 Supercharger","ocean_post_layout":"","ocean_both_sidebars_style":"","ocean_both_sidebars_content_width":0,"ocean_both_sidebars_sidebars_width":0,"ocean_sidebar":"0","ocean_second_sidebar":"0","ocean_disable_margins":"enable","ocean_add_body_class":"","ocean_shortcode_before_top_bar":"","ocean_shortcode_after_top_bar":"","ocean_shortcode_before_header":"","ocean_shortcode_after_header":"","ocean_has_shortcode":"","ocean_shortcode_after_title":"","ocean_shortcode_before_footer_widgets":"","ocean_shortcode_after_footer_widgets":"","ocean_shortcode_before_footer_bottom":"","ocean_shortcode_after_footer_bottom":"","ocean_display_top_bar":"default","ocean_display_header":"default","ocean_header_style":"","ocean_center_header_left_menu":"0","ocean_custom_header_template":"0","ocean_custom_logo":0,"ocean_custom_retina_logo":0,"ocean_custom_logo_max_width":0,"ocean_custom_logo_tablet_max_width":0,"ocean_custom_logo_mobile_max_width":0,"ocean_custom_logo_max_height":0,"ocean_custom_logo_tablet_max_height":0,"ocean_custom_logo_mobile_max_height":0,"ocean_header_custom_menu":"0","ocean_menu_typo_font_family":"0","ocean_menu_typo_font_subset":"","ocean_menu_typo_font_size":0,"ocean_menu_typo_font_size_tablet":0,"ocean_menu_typo_font_size_mobile":0,"ocean_menu_typo_font_size_unit":"px","ocean_menu_typo_font_weight":"","ocean_menu_typo_font_weight_tablet":"","ocean_menu_typo_font_weight_mobile":"","ocean_menu_typo_transform":"","ocean_menu_typo_transform_tablet":"","ocean_menu_typo_transform_mobile":"","ocean_menu_typo_line_height":0,"ocean_menu_typo_line_height_tablet":0,"ocean_menu_typo_line_height_mobile":0,"ocean_menu_typo_line_height_unit":"","ocean_menu_typo_spacing":0,"ocean_menu_typo_spacing_tablet":0,"ocean_menu_typo_spacing_mobile":0,"ocean_menu_typo_spacing_unit":"","ocean_menu_link_color":"","ocean_menu_link_color_hover":"","ocean_menu_link_color_active":"","ocean_menu_link_background":"","ocean_menu_link_hover_background":"","ocean_menu_link_active_background":"","ocean_menu_social_links_bg":"","ocean_menu_social_hover_links_bg":"","ocean_menu_social_links_color":"","ocean_menu_social_hover_links_color":"","ocean_disable_title":"default","ocean_disable_heading":"default","ocean_post_title":"","ocean_post_subheading":"","ocean_post_title_style":"","ocean_post_title_background_color":"","ocean_post_title_background":0,"ocean_post_title_bg_image_position":"","ocean_post_title_bg_image_attachment":"","ocean_post_title_bg_image_repeat":"","ocean_post_title_bg_image_size":"","ocean_post_title_height":0,"ocean_post_title_bg_overlay":0.5,"ocean_post_title_bg_overlay_color":"","ocean_disable_breadcrumbs":"default","ocean_breadcrumbs_color":"","ocean_breadcrumbs_separator_color":"","ocean_breadcrumbs_links_color":"","ocean_breadcrumbs_links_hover_color":"","ocean_display_footer_widgets":"default","ocean_display_footer_bottom":"default","ocean_custom_footer_template":"0","ofc_meta_disable_footer_callout":"","ofc_meta_callout_button_url":"","ofc_meta_callout_button_txt":"","ofc_meta_callout_text":"","ofc_enable_fullscreen":"disable","ofc_fullscreen_speed":0,"ofc_fullscreen_nav":"enable","ofc_fullscreen_nav_pos":"right","ofc_fullscreen_nav_color":"","ofc_fullscreen_nav_tooltip_color":"","ofc_fullscreen_responsive":0,"osh_disable_topbar_sticky":"default","osh_disable_header_sticky":"default","osh_sticky_header_style":"default","osh_sticky_header_effect":"","osh_custom_sticky_logo":0,"osh_custom_retina_sticky_logo":0,"osh_custom_sticky_logo_height":0,"osh_background_color":"","osh_links_color":"","osh_links_hover_color":"","osh_links_active_color":"","osh_links_bg_color":"","osh_links_hover_bg_color":"","osh_links_active_bg_color":"","osh_menu_social_links_color":"","osh_menu_social_hover_links_color":""},"product_brand":[],"product_cat":[79,294,341],"product_tag":[98,97,197,99,100,101,155],"class_list":{"0":"post-774","1":"product","2":"type-product","3":"status-publish","4":"has-post-thumbnail","6":"product_cat-6-cylinder-engines","7":"product_cat-bmw-m50-m52-m54-s50-s52-s54","8":"product_cat-supercharger-kits","9":"product_tag-eaton","10":"product_tag-hmw-v3","11":"product_tag-hmw-v3-sc-series","12":"product_tag-m62","13":"product_tag-m90","14":"product_tag-supercharer-kit","15":"product_tag-v3-supercharger-kit","17":"entry","18":"has-media","20":"first","21":"instock","22":"taxable","23":"shipping-taxable","24":"purchasable","25":"product-type-variable","26":"has-product-nav","27":"col","28":"span_1_of_4","29":"owp-content-center","30":"owp-thumbs-layout-horizontal","31":"owp-btn-normal","32":"owp-tabs-layout-vertical"},"_links":{"self":[{"href":"https:\/\/hydemotorworks.com\/shop\/de\/wp-json\/wp\/v2\/product\/774","targetHints":{"allow":["GET"]}}],"collection":[{"href":"https:\/\/hydemotorworks.com\/shop\/de\/wp-json\/wp\/v2\/product"}],"about":[{"href":"https:\/\/hydemotorworks.com\/shop\/de\/wp-json\/wp\/v2\/types\/product"}],"version-history":[{"count":28,"href":"https:\/\/hydemotorworks.com\/shop\/de\/wp-json\/wp\/v2\/product\/774\/revisions"}],"predecessor-version":[{"id":8169,"href":"https:\/\/hydemotorworks.com\/shop\/de\/wp-json\/wp\/v2\/product\/774\/revisions\/8169"}],"wp:featuredmedia":[{"embeddable":true,"href":"https:\/\/hydemotorworks.com\/shop\/de\/wp-json\/wp\/v2\/media\/6754"}],"wp:attachment":[{"href":"https:\/\/hydemotorworks.com\/shop\/de\/wp-json\/wp\/v2\/media?parent=774"}],"wp:term":[{"taxonomy":"product_brand","embeddable":true,"href":"https:\/\/hydemotorworks.com\/shop\/de\/wp-json\/wp\/v2\/product_brand?post=774"},{"taxonomy":"product_cat","embeddable":true,"href":"https:\/\/hydemotorworks.com\/shop\/de\/wp-json\/wp\/v2\/product_cat?post=774"},{"taxonomy":"product_tag","embeddable":true,"href":"https:\/\/hydemotorworks.com\/shop\/de\/wp-json\/wp\/v2\/product_tag?post=774"}],"curies":[{"name":"wp","href":"https:\/\/api.w.org\/{rel}","templated":true}]}}