{"id":7696,"date":"2025-12-16T16:31:34","date_gmt":"2025-12-16T16:31:34","guid":{"rendered":"https:\/\/hydemotorworks.com\/shop\/?post_type=product&#038;p=7696"},"modified":"2026-02-27T12:59:27","modified_gmt":"2026-02-27T12:59:27","slug":"stormbringer-v8-supercharger-kit","status":"publish","type":"product","link":"https:\/\/hydemotorworks.com\/shop\/de\/produkt\/stormbringer-v8-supercharger-kit\/","title":{"rendered":"Stormbringer V8 Supercharger Kit"},"content":{"rendered":"<h2><span style=\"text-decoration: underline; color: #13aff0; font-size: 24pt;\"><strong>STORMBRINGER SUPERCHARGER KIT<\/strong><\/span><\/h2>\n<p>The Stormbringer has been under development in house since 2024 under Chief Engineer Keith Caldwell of K.C. Design Concepts in U.S.A. Designed around the Rotrex C38 centrifugal superchargers from Rotrex in Denmark. The kit is capable of holding well beyond 600 HP, as well as being able to have support for the smaller Rotrex C30 in the future.<\/p>\n<p>This supercharger kit also supports full air to air inter cooling support aiding to its cooling capabilities of the charged air, resulting in a great power output. Made with aircraft grade aluminum, it comes with\u00a0 is able to retain the use of the existing crank pulley and belt drive, which in both cases allows you to preserve all the original stock belt driven engine accessories as the alternator, power steering, air conditioner, all in their original position.<\/p>\n<h2><span style=\"text-decoration: underline; color: #13aff0; font-size: 14pt;\"><strong>INCLUDED PARTS<\/strong><\/span><\/h2>\n<ul>\n<li><small>Kompletter Satz Halterungen<\/small><\/li>\n<li><small>Inlet \/ Outlet Silicone Piping<\/small><\/li>\n<li><small>Drosselklappenverstellkabel (f\u00fcr nicht elektrische Drosselklappen wie beim M60)<\/small><\/li>\n<li><small>Umlenkrollen<\/small><\/li>\n<li><small>Kompletter Satz Befestigungselemente (Muttern, Schrauben und Abstandshalter)<\/small><\/li>\n<li><small>Finished in Powder Coated in Matt Black (Supercharger Kit)<br \/>\n<\/small><\/li>\n<li><small>Guaranteed 24 months craftsmanship warranty**<\/small><\/li>\n<\/ul>\n<p>&nbsp;<\/p>\n<p class=\"responsive-video-wrap clr\"><iframe title=\"Project Storm-Bringer | BMW M60 &amp; M62 Supercharger Kit\" width=\"1200\" height=\"675\" src=\"https:\/\/www.youtube.com\/embed\/wPKGnLc8QKw?feature=oembed\" frameborder=\"0\" allow=\"accelerometer; autoplay; clipboard-write; encrypted-media; gyroscope; picture-in-picture; web-share\" referrerpolicy=\"strict-origin-when-cross-origin\" allowfullscreen><\/iframe><\/p>\n<h2><span style=\"text-decoration: underline; color: #13aff0; font-size: 14pt;\"><strong>MANUFACTURERS NOTES &amp; DISCLAIMER<\/strong><\/span><\/h2>\n<ul>\n<li><span style=\"font-size: 10pt;\"><strong><em>The Rotrex Supercharger is not included in the kit unless ordered separately from us. You are also able to use the given part number for the supercharger and order the supercharger locally.<\/em><\/strong><\/span><\/li>\n<li><span style=\"font-size: 10pt;\"><em>Gen.2 Supports Rotrex C30 (if buying the kit together with the SC, then it will be automatically included, if buying later kindly email us or request it.\u00a0 (Gen.2 Available from Fall 2026)<\/em><\/span><\/li>\n<li><span style=\"font-size: 10pt;\"><em>Depending on the Supercharger unit and pulley used, it may see boost higher than 14PSI with an air to air intercooler, For most stock engines we suggest going with a larger Supercharger pulley to keep the boost under 10PSI for engine longevity.<\/em><\/span><\/li>\n<li><span style=\"font-size: 10pt;\"><em>Um das volle Potenzial der gr\u00f6\u00dferen Kompressoren zu nutzen, muss der Motor so gebaut sein, dass er einen hohen Ladedruck halten kann. Der Serienmotor sollte nicht \u00fcber 10 PSI hinaus belastet werden.<\/em><\/span><\/li>\n<li><span style=\"font-size: 10pt;\"><em>By selling this product, we do not promise or agree to support beyond the service, use and warranty of the product. We are not obliged to assist or help with any custom builds. If you have a custom project that you would like to develop a Supercharger Ki and want our support or involvement, then you can look at our <a href=\"https:\/\/hydemotorworks.com\/our-engineers\/\">engineers program<\/a> and contact us.<\/em><\/span><\/li>\n<li><span style=\"font-size: 10pt;\"><em>Disclaimer: By using this product, the user takes full liability and responsibility to know and comply with all local laws and regulations, as well as being solely liable for any damage or injury that may arise from using this product. Product is sold as &#8220;Off Road Use&#8221; basis only.<\/em><\/span><\/li>\n<\/ul>\n<p>&nbsp;<\/p>\n<h2><span style=\"text-decoration: underline; color: #13aff0; font-size: 14pt;\"><strong>ADDITIONAL:<\/strong><\/span><\/h2>\n<p>Um die Installation eines der Setups abzuschlie\u00dfen, ben\u00f6tigen Sie au\u00dferdem die folgenden zus\u00e4tzlichen Teile:<\/p>\n<ul>\n<li><em><small>Rotrex C38 \/ C30 Supercharger with recommended accessories (check the technical specifications for part numbers)<\/small><\/em><\/li>\n<li><em><small>ein Ladeluftk\u00fchler-Kit mit Silikonrohren und Schlauchschellen (kann separat erworben werden)<\/small><\/em><\/li>\n<li><em><small>Unterdruckschlauch<br \/>\n<\/small><\/em><\/li>\n<li><em><small>einen Luftfilter mit hohem Durchsatz<br \/>\n<\/small><\/em><\/li>\n<li><em><small>eine Ladedruckanzeige<br \/>\n<\/small><\/em><\/li>\n<li><em><small>das passende Tuning<\/small><\/em><small><small><\/small><\/small><\/li>\n<\/ul>\n<p>&nbsp;<\/p>\n<p>Bitte konsultieren Sie die <span style=\"color: #13aff0;\"><a style=\"color: #13aff0;\" href=\"https:\/\/hydemotorworks.com\/installation-guides\/\">Installationsanleitung<\/a><\/span> f\u00fcr weitere Informationen.<\/p>\n<p><em><strong>F\u00fcr das Tuning<\/strong>empfehlen wir die Verwendung einer unserer ausgew\u00e4hlten <span style=\"color: #13aff0;\"><a style=\"color: #13aff0;\" href=\"https:\/\/hydemotorworks.com\/tag\/official-tuner\/\">Tuning Partner<\/a><\/span>.<\/em><br \/>\n<em>In unserem Shop k\u00f6nnen Tuning-Pakete auch erworben werden.<\/em><\/p>\n<p>Bitte informieren Sie sich im <a href=\"https:\/\/hydemotorworks.com\/shop\/product-finder\/\"><strong>Produkt Finder<\/strong><\/a> \u00fcber alle in unserem Shop verf\u00fcgbaren Teile, die f\u00fcr diesen Aufbau erforderlich sind.<br \/>\nFor more information on the Black Kaiser Supercharger Kit please check the overview on <strong><a href=\"https:\/\/hydemotorworks.com\/products-and-supercharger-setups\/\">PRODUKTE<\/a><\/strong> Seiten.<\/p>","protected":false},"excerpt":{"rendered":"<p><strong>Average power curve: 475 \u2013 600 HP* <\/strong><br \/>\n<small>(Weitere Informationen finden Sie in den nachstehenden Leistungsbeschreibungen)<\/small><\/p>\n<p>The Stormbringer Supercharger kit was built for the 8 cylinder BMW V8 M6x engines of all displacements, it is our ideal budget friendly solution for a moderately powerful 5, 7 or even 8 series BMW that is both street &amp; track friendly.<\/p>\n<p>Entwickelt mit Luft-Luft-Ladeluftk\u00fchlung f\u00fcr die 8-Zylinder BMW N62, M62, M60, S62, S65 V8-Motoren sowie Motoren auf Basis der BMW N6x, M6x oder S6x Motorbl\u00f6cke wie Alpina H1, F3, F4, F5 und Racing Dynamics R52.<\/p>\n<p>This side mount supercharger system supports a wide range of classic and Neo-modern BMW&#8217;s such as the E31, E32, E34, E38, E39, E39 M5, Z8, E53 X5, E60, E61, E63, E64, E65, E66, E70 , E90, E92, E93 M3 models as well as cars such as Morgan Aero 8, Aplina B10 V8, Roadster V8, B5, B6, B7, Wiesmann MF4 and more.<\/p>\n<p style=\"font-size: 10.5px;\"><em><span style=\"text-decoration: underline; color: #13aff0;\"><strong>Pre-Order Produkt:<\/strong><\/span> This product is available on Pre Order. A minimum deposit of 50% is required for us to accept your pre order, the remainder can be paid when we are ready to ship. The estimated time frame for the 2026 Batch is <span style=\"text-decoration: underline;\"><strong>April &#8211; May 2026<\/strong><\/span>.<br \/>\nAlle <a href=\"https:\/\/hydemotorworks.com\/shop\/terms-of-usage\/\">Bedingungen und Konditionen<\/a> gelten.<a href=\"https:\/\/hydemotorworks.com\/contact-orders\/\"> Kontaktieren<\/a> directly for any questions. The Rotrex Supercharger &amp; our In house made Intercooler are sold separately.*<\/em><\/p>","protected":false},"featured_media":7702,"template":"","meta":{"kia_subtitle":"Rotrex C38 Supercharger","ocean_post_layout":"","ocean_both_sidebars_style":"","ocean_both_sidebars_content_width":0,"ocean_both_sidebars_sidebars_width":0,"ocean_sidebar":"0","ocean_second_sidebar":"0","ocean_disable_margins":"enable","ocean_add_body_class":"","ocean_shortcode_before_top_bar":"","ocean_shortcode_after_top_bar":"","ocean_shortcode_before_header":"","ocean_shortcode_after_header":"","ocean_has_shortcode":"","ocean_shortcode_after_title":"","ocean_shortcode_before_footer_widgets":"","ocean_shortcode_after_footer_widgets":"","ocean_shortcode_before_footer_bottom":"","ocean_shortcode_after_footer_bottom":"","ocean_display_top_bar":"default","ocean_display_header":"default","ocean_header_style":"","ocean_center_header_left_menu":"0","ocean_custom_header_template":"0","ocean_custom_logo":0,"ocean_custom_retina_logo":0,"ocean_custom_logo_max_width":0,"ocean_custom_logo_tablet_max_width":0,"ocean_custom_logo_mobile_max_width":0,"ocean_custom_logo_max_height":0,"ocean_custom_logo_tablet_max_height":0,"ocean_custom_logo_mobile_max_height":0,"ocean_header_custom_menu":"0","ocean_menu_typo_font_family":"0","ocean_menu_typo_font_subset":"","ocean_menu_typo_font_size":0,"ocean_menu_typo_font_size_tablet":0,"ocean_menu_typo_font_size_mobile":0,"ocean_menu_typo_font_size_unit":"px","ocean_menu_typo_font_weight":"","ocean_menu_typo_font_weight_tablet":"","ocean_menu_typo_font_weight_mobile":"","ocean_menu_typo_transform":"","ocean_menu_typo_transform_tablet":"","ocean_menu_typo_transform_mobile":"","ocean_menu_typo_line_height":0,"ocean_menu_typo_line_height_tablet":0,"ocean_menu_typo_line_height_mobile":0,"ocean_menu_typo_line_height_unit":"","ocean_menu_typo_spacing":0,"ocean_menu_typo_spacing_tablet":0,"ocean_menu_typo_spacing_mobile":0,"ocean_menu_typo_spacing_unit":"","ocean_menu_link_color":"","ocean_menu_link_color_hover":"","ocean_menu_link_color_active":"","ocean_menu_link_background":"","ocean_menu_link_hover_background":"","ocean_menu_link_active_background":"","ocean_menu_social_links_bg":"","ocean_menu_social_hover_links_bg":"","ocean_menu_social_links_color":"","ocean_menu_social_hover_links_color":"","ocean_disable_title":"default","ocean_disable_heading":"default","ocean_post_title":"","ocean_post_subheading":"","ocean_post_title_style":"","ocean_post_title_background_color":"","ocean_post_title_background":0,"ocean_post_title_bg_image_position":"","ocean_post_title_bg_image_attachment":"","ocean_post_title_bg_image_repeat":"","ocean_post_title_bg_image_size":"","ocean_post_title_height":0,"ocean_post_title_bg_overlay":0.5,"ocean_post_title_bg_overlay_color":"","ocean_disable_breadcrumbs":"default","ocean_breadcrumbs_color":"","ocean_breadcrumbs_separator_color":"","ocean_breadcrumbs_links_color":"","ocean_breadcrumbs_links_hover_color":"","ocean_display_footer_widgets":"default","ocean_display_footer_bottom":"default","ocean_custom_footer_template":"0","ofc_meta_disable_footer_callout":"","ofc_meta_callout_button_url":"","ofc_meta_callout_button_txt":"","ofc_meta_callout_text":"","ofc_enable_fullscreen":"disable","ofc_fullscreen_speed":0,"ofc_fullscreen_nav":"enable","ofc_fullscreen_nav_pos":"right","ofc_fullscreen_nav_color":"","ofc_fullscreen_nav_tooltip_color":"","ofc_fullscreen_responsive":0,"osh_disable_topbar_sticky":"default","osh_disable_header_sticky":"default","osh_sticky_header_style":"default","osh_sticky_header_effect":"","osh_custom_sticky_logo":0,"osh_custom_retina_sticky_logo":0,"osh_custom_sticky_logo_height":0,"osh_background_color":"","osh_links_color":"","osh_links_hover_color":"","osh_links_active_color":"","osh_links_bg_color":"","osh_links_hover_bg_color":"","osh_links_active_bg_color":"","osh_menu_social_links_color":"","osh_menu_social_hover_links_color":""},"product_brand":[],"product_cat":[250,340,252,341],"product_tag":[328,330,331,332,329,335,334,311,338,439,337,313,314,315,316,317,318,320,279,280,281,282,321,322,323,324,325,326,306,305,303,327,304,333,336,302,310,308,309,307,312,339,319],"class_list":{"0":"post-7696","1":"product","2":"type-product","3":"status-publish","4":"has-post-thumbnail","6":"product_cat-8-cylinder-engines","7":"product_cat-bmw-n62-m62-m60-engines","8":"product_cat-pre-orders","9":"product_cat-supercharger-kits","10":"product_tag-alpina-b10-v8","11":"product_tag-alpina-b5","12":"product_tag-alpina-b6","13":"product_tag-alpina-b7","14":"product_tag-alpina-roadster-v8","15":"product_tag-ascari-a10","16":"product_tag-ascari-kz1","17":"product_tag-black-kaiser","18":"product_tag-bmw-e90-92-93-m3","19":"product_tag-bmw-m62-m60-supercharger-kit","20":"product_tag-de-tomaso-guara","21":"product_tag-e31","22":"product_tag-e32","23":"product_tag-e34","24":"product_tag-e38","25":"product_tag-e39","26":"product_tag-e39-m5","27":"product_tag-e53-x5","28":"product_tag-e60","29":"product_tag-e61","30":"product_tag-e63","31":"product_tag-e64","32":"product_tag-e65","33":"product_tag-e66","34":"product_tag-e70","35":"product_tag-e90","36":"product_tag-e92","37":"product_tag-e93-m3","38":"product_tag-m60b30","39":"product_tag-m60b40","40":"product_tag-m62b44","41":"product_tag-morgan-aero","42":"product_tag-n62b48","43":"product_tag-racing-dynamics-r52","44":"product_tag-range-rover","45":"product_tag-supercharged-m3","46":"product_tag-supercharged-m60","47":"product_tag-supercharged-m62","48":"product_tag-supercharged-n62","49":"product_tag-supercharged-s65-v8","50":"product_tag-supercharged-v8-bmw","51":"product_tag-wiesmann-mf4","52":"product_tag-z8","54":"entry","55":"has-media","57":"first","58":"instock","59":"sale","60":"featured","61":"taxable","62":"shipping-taxable","63":"purchasable","64":"product-type-simple","65":"has-product-nav","66":"col","67":"span_1_of_4","68":"owp-content-center","69":"owp-thumbs-layout-horizontal","70":"owp-btn-normal","71":"owp-tabs-layout-vertical"},"_links":{"self":[{"href":"https:\/\/hydemotorworks.com\/shop\/de\/wp-json\/wp\/v2\/product\/7696","targetHints":{"allow":["GET"]}}],"collection":[{"href":"https:\/\/hydemotorworks.com\/shop\/de\/wp-json\/wp\/v2\/product"}],"about":[{"href":"https:\/\/hydemotorworks.com\/shop\/de\/wp-json\/wp\/v2\/types\/product"}],"version-history":[{"count":7,"href":"https:\/\/hydemotorworks.com\/shop\/de\/wp-json\/wp\/v2\/product\/7696\/revisions"}],"predecessor-version":[{"id":7703,"href":"https:\/\/hydemotorworks.com\/shop\/de\/wp-json\/wp\/v2\/product\/7696\/revisions\/7703"}],"wp:featuredmedia":[{"embeddable":true,"href":"https:\/\/hydemotorworks.com\/shop\/de\/wp-json\/wp\/v2\/media\/7702"}],"wp:attachment":[{"href":"https:\/\/hydemotorworks.com\/shop\/de\/wp-json\/wp\/v2\/media?parent=7696"}],"wp:term":[{"taxonomy":"product_brand","embeddable":true,"href":"https:\/\/hydemotorworks.com\/shop\/de\/wp-json\/wp\/v2\/product_brand?post=7696"},{"taxonomy":"product_cat","embeddable":true,"href":"https:\/\/hydemotorworks.com\/shop\/de\/wp-json\/wp\/v2\/product_cat?post=7696"},{"taxonomy":"product_tag","embeddable":true,"href":"https:\/\/hydemotorworks.com\/shop\/de\/wp-json\/wp\/v2\/product_tag?post=7696"}],"curies":[{"name":"wp","href":"https:\/\/api.w.org\/{rel}","templated":true}]}}