{"id":752,"date":"2019-07-13T10:04:47","date_gmt":"2019-07-13T10:04:47","guid":{"rendered":"https:\/\/hydemotorworks.com\/shop\/?post_type=product&#038;p=752"},"modified":"2026-01-09T10:38:34","modified_gmt":"2026-01-09T10:38:34","slug":"v2-sc14-setup","status":"publish","type":"product","link":"https:\/\/hydemotorworks.com\/shop\/de\/produkt\/v2-sc14-setup\/","title":{"rendered":"V2 Legacy Kompressor Kit"},"content":{"rendered":"<h2><span style=\"text-decoration: underline; color: #13aff0; font-size: 24pt;\"><strong>V2 LEGACY Kompressor Kit<\/strong><\/span><\/h2>\n<p>Die von Hyde selbst im Jahr 2015 entwickelte und 2016 ver\u00f6ffentlichte V2-Serie folgte auf den Vorg\u00e4nger des V1 Prototypen. Dieses Kompressorkit bewies seine Zuverl\u00e4ssigkeit bei den 2017 American Endurance Races, wo es den 3. Platz von 80 anderen Fahrzeugen belegte, die ebenfalls an dem 24-Stunden-Langstreckenrennen teilnahmen. Das V2-Kit verwendet den Wankel AG \/ Ogura Clutch TX15 basierten Toyota SC14 Kompressor und ist ein einfaches Hochleistungs-Laderkit f\u00fcr die BMW M50, M52, M54, S50, S52, S54 Motoren.<\/p>\n<p>In 2025 to celebrate 10 years of the V2 Series, Support for the Rotrex C30 and C38 was added to this kit allowing new and existing customers to upgrade their supercharger to the more modern Rotrex lineup of Superchargers using the V.X.R. Upgrade Bracket, also sold separately on our shop.<\/p>\n<p>Das V2 Supercharger Kit ist ideal f\u00fcr den t\u00e4glichen Einsatz auf der Stra\u00dfe sowie f\u00fcr den Einsatz auf der Rennstrecke. Derzeit in der 5. Generation erh\u00e4ltlich, und nutzt den werksseitigen Riemenantrieb, der es Ihnen erm\u00f6glicht, alle originalen, riemengetriebenen Motorzubeh\u00f6rteile wie die Lichtmaschine, Servolenkung, Klimaanlage, alle in ihrer urspr\u00fcnglichen Position zu erhalten.<\/p>\n<h2><span style=\"text-decoration: underline; color: #13aff0; font-size: 14pt;\"><strong>INCLUDED PARTS<\/strong><\/span><\/h2>\n<ul>\n<li><small>Kompletter Satz Halterungen<\/small><\/li>\n<li><small>V.X.R Rotrex C30\/C38 Supercharger Adapter brackets included only if ordered.<\/small><\/li>\n<li><small>Inlet and outlet manifolds for the Toyota SC14 Supercharger (For SC14 Orders only)<\/small><\/li>\n<li><small>M5x Motor Drosselklappenstutzen Verlagerungs- Kr\u00fcmmer (Throttle Body Relocation Manifolds)<\/small><\/li>\n<li><small>Full set of Gaskets (Included with orders from fall 2025 onwards)<br \/>\n<\/small><\/li>\n<li><small>Kundenspezifischer Riemenantrieb<\/small><small> &amp; Umlenkrollen<\/small><\/li>\n<li><small>Kompletter Satz Befestigungselemente (Muttern, Schrauben und Abstandshalter)<\/small><\/li>\n<li><small>Pulverbeschichtet in der Farbe Jet Black (Kompressor-Kit)<br \/>\n<\/small><\/li>\n<li><small>Gew\u00e4hrleistung von 36 Monaten auf die Verarbeitung <u>f\u00fcr die volle Nutzung der Rennstrecke*<\/u><\/small><\/li>\n<li><small>Kompressor-Garantie 6 Monate von Hyde Motor Works* (bei Kauf \u00fcber uns)*<br \/>\n<\/small><\/li>\n<\/ul>\n<p>&nbsp;<\/p>\n<p><a href=\"https:\/\/hydemotorworks.com\/shop\/wp-content\/uploads\/2019\/07\/V2-Legacy-Supercharger-Kit-SC14-and-Rotrex-C30-C38-Hyde-Motor-Works-IMG_7851.jpg\"><img fetchpriority=\"high\" decoding=\"async\" class=\"alignnone wp-image-7840 size-full\" src=\"https:\/\/hydemotorworks.com\/shop\/wp-content\/uploads\/2019\/07\/V2-Legacy-Supercharger-Kit-SC14-and-Rotrex-C30-C38-Hyde-Motor-Works-IMG_7851.jpg\" alt=\"V2 LEgacy Supercharger Kit SC14 and Rotrex C30 C38 - Hyde Motor Works\" width=\"1200\" height=\"900\" srcset=\"https:\/\/hydemotorworks.com\/shop\/wp-content\/uploads\/2019\/07\/V2-Legacy-Supercharger-Kit-SC14-and-Rotrex-C30-C38-Hyde-Motor-Works-IMG_7851.jpg 1200w, https:\/\/hydemotorworks.com\/shop\/wp-content\/uploads\/2019\/07\/V2-Legacy-Supercharger-Kit-SC14-and-Rotrex-C30-C38-Hyde-Motor-Works-IMG_7851-300x225.jpg 300w, https:\/\/hydemotorworks.com\/shop\/wp-content\/uploads\/2019\/07\/V2-Legacy-Supercharger-Kit-SC14-and-Rotrex-C30-C38-Hyde-Motor-Works-IMG_7851-1024x768.jpg 1024w, https:\/\/hydemotorworks.com\/shop\/wp-content\/uploads\/2019\/07\/V2-Legacy-Supercharger-Kit-SC14-and-Rotrex-C30-C38-Hyde-Motor-Works-IMG_7851-768x576.jpg 768w, https:\/\/hydemotorworks.com\/shop\/wp-content\/uploads\/2019\/07\/V2-Legacy-Supercharger-Kit-SC14-and-Rotrex-C30-C38-Hyde-Motor-Works-IMG_7851-16x12.jpg 16w, https:\/\/hydemotorworks.com\/shop\/wp-content\/uploads\/2019\/07\/V2-Legacy-Supercharger-Kit-SC14-and-Rotrex-C30-C38-Hyde-Motor-Works-IMG_7851-504x378.jpg 504w\" sizes=\"(max-width: 1200px) 100vw, 1200px\" \/><\/a><\/p>\n<p class=\"responsive-video-wrap clr\"><iframe title=\"V2 Supercharger Kit on BMW 328i (Fran\u00e7ais)\" width=\"1200\" height=\"675\" src=\"https:\/\/www.youtube.com\/embed\/SZRqc1gOJjY?feature=oembed\" frameborder=\"0\" allow=\"accelerometer; autoplay; clipboard-write; encrypted-media; gyroscope; picture-in-picture; web-share\" referrerpolicy=\"strict-origin-when-cross-origin\" allowfullscreen><\/iframe><\/p>\n<p class=\"responsive-video-wrap clr\"><iframe title=\"Rotrex Supercharger Kit for BMW&#039;s | V2R Legacy &amp; V4R M.O.A.B.\" width=\"1200\" height=\"675\" src=\"https:\/\/www.youtube.com\/embed\/sYBl-kNUKHA?feature=oembed\" frameborder=\"0\" allow=\"accelerometer; autoplay; clipboard-write; encrypted-media; gyroscope; picture-in-picture; web-share\" referrerpolicy=\"strict-origin-when-cross-origin\" allowfullscreen><\/iframe><\/p>\n<p class=\"responsive-video-wrap clr\"><iframe title=\"Supercharged 332Ti - Tequila Petrol  2017 American Endurance Racing\" width=\"1200\" height=\"675\" src=\"https:\/\/www.youtube.com\/embed\/aY6NWl8Jdvo?feature=oembed\" frameborder=\"0\" allow=\"accelerometer; autoplay; clipboard-write; encrypted-media; gyroscope; picture-in-picture; web-share\" referrerpolicy=\"strict-origin-when-cross-origin\" allowfullscreen><\/iframe><\/p>\n<p class=\"responsive-video-wrap clr\"><iframe title=\"328i Supercharged | V2 SC14 Supercharger Kit\" width=\"1200\" height=\"675\" src=\"https:\/\/www.youtube.com\/embed\/SZ76kU_4wXE?feature=oembed\" frameborder=\"0\" allow=\"accelerometer; autoplay; clipboard-write; encrypted-media; gyroscope; picture-in-picture; web-share\" referrerpolicy=\"strict-origin-when-cross-origin\" allowfullscreen><\/iframe><\/p>\n<h2><span style=\"text-decoration: underline; color: #13aff0; font-size: 14pt;\"><strong>MANUFACTURERS NOTES &amp; DISCLAIMER<\/strong><\/span><\/h2>\n<ul>\n<li><span style=\"font-size: 10pt;\"><em>For the Z4 chassis you are recommended to order the Hyde Motor Works V2.2Z Supercharger Kit.<br \/>\n<\/em><\/span><\/li>\n<li><span style=\"font-size: 10pt;\"><em>Bei den Modellen E46, E38 und E39 m\u00fcssen Sie den K\u00fchlerbeh\u00e4lter versetzen oder aus Platzgr\u00fcnden einen E36- oder Nachr\u00fcstk\u00fchler verwenden.<\/em><\/span><\/li>\n<li><span style=\"font-size: 10pt;\"><em>There are 2 different types of SC14 Superchargers, the SC14 Type 1 and SC14 Type 2. Variations include the position of the port position of the bearing housing pressure port, oil fill plug, front cross face. Ensure to read through the notes to know which one you have. As for Type 2, you must use the adapter bracket that is also included with the kit.<\/em><\/span><\/li>\n<li><span style=\"font-size: 10pt;\"><em>Der Kompressor ist nicht im Kit enthalten, es sei denn, Sie bestellen ihn separat bei uns. Wir empfehlen Ihnen, die angegebene Teilenummer f\u00fcr den Kompressor zu verwenden und den Kompressor vor Ort zu bestellen.<\/em><\/span><\/li>\n<li><span style=\"font-size: 10pt;\"><em>Verschiedene TX15\/TX12\/SC12 Kompressoren k\u00f6nnen mit den V2 Legacy Kits nachger\u00fcstet werden, jedoch werden diese nicht offiziell von Hyde Motor Works unterst\u00fctzt.<\/em><\/span><\/li>\n<li><span style=\"font-size: 10pt;\"><em>Die serienm\u00e4\u00dfige SC14 Supercharger Riemenscheibe begrenzt den Ladedruck auf 4PSI mit einem Luft-Luft-Ladeluftk\u00fchler. F\u00fcr 8-10+ PSI m\u00fcssen Sie den SC14 Supercharger mit neuen Kugellagern umbauen und jede verf\u00fcgbare Hyde Motor Works Overdrive Riemenscheibe f\u00fcr den M90 Supercharger verwenden. Der Serienmotor sollte nicht \u00fcber 10PSI hinaus betrieben werden.<\/em><\/span><\/li>\n<li><em><small>Hyde Motor Works, Hyde Superchargers or any associated brands of H.E.D.E. Group, all of our Partners clarify and state that any other brands mentioned here is for educational and comparison purposes only, we do not own nor are associated with them.<\/small><\/em><\/li>\n<li><em><small>By selling this product, we do not promise or agree to support beyond the service, use and warranty of the product. We are not obliged to assist or help with any custom builds. If you have a custom project that you would like to develop a Supercharger Ki and want our support or involvement, then you can look at our <a href=\"https:\/\/hydemotorworks.com\/our-engineers\/\">engineers program<\/a> and contact us.<\/small><\/em><\/li>\n<li><em><small>Disclaimer: By using this product, the user takes full liability and responsibility to know and comply with all local laws and regulations, as well as being solely liable for any damage or injury that may arise from using this product. Product is sold as &#8220;Off Road Use&#8221; basis only.<\/small><\/em><\/li>\n<\/ul>\n<p>&nbsp;<\/p>\n<h2><span style=\"text-decoration: underline; color: #13aff0; font-size: 14pt;\"><strong>ADDITIONAL:<\/strong><\/span><\/h2>\n<p>Um die Installation eines der Setups abzuschlie\u00dfen, ben\u00f6tigen Sie au\u00dferdem die folgenden zus\u00e4tzlichen Teile:<\/p>\n<ul>\n<li style=\"list-style-type: none;\">\n<ul>\n<li><em><small>Toyota SC14 Supercharger or Rotrex C30 or C38 Supercharger with recommended accessories (check the technical specifications for part numbers)<br \/>\n<\/small><\/em><\/li>\n<li><em><small>ein Ladeluftk\u00fchler-Kit mit Silikonrohren und Schlauchschellen (kann separat erworben werden)<\/small><\/em><\/li>\n<li><em><small>Unterdruckschlauch<br \/>\n<\/small><\/em><\/li>\n<li><em><small>einen Luftfilter mit hohem Durchsatz<\/small><\/em><\/li>\n<li><em><small>eine Ladedruckanzeige<br \/>\n<\/small><\/em><\/li>\n<li><em><small>ein Umgehungsventil mit R\u00fcckf\u00fchrung und<br \/>\n<\/small><\/em><\/li>\n<li><em><small>das passende Tuning<\/small><\/em><\/li>\n<\/ul>\n<\/li>\n<\/ul>\n<p>&nbsp;<\/p>\n<p>Bitte konsultieren Sie die <span style=\"color: #13aff0;\"><a style=\"color: #13aff0;\" href=\"https:\/\/hydemotorworks.com\/installation-guides\/\">Installationsanleitung<\/a><\/span> f\u00fcr weitere Informationen.<\/p>\n<p><em><strong>F\u00fcr das Tuning<\/strong>empfehlen wir die Verwendung einer unserer ausgew\u00e4hlten <span style=\"color: #13aff0;\"><a style=\"color: #13aff0;\" href=\"https:\/\/hydemotorworks.com\/tag\/official-tuner\/\">Tuning Partner<\/a><\/span>.<\/em><br \/>\n<em>In unserem Shop k\u00f6nnen Tuning-Pakete auch erworben werden.<\/em><\/p>\n<p>Bitte informieren Sie sich im <a href=\"https:\/\/hydemotorworks.com\/shop\/product-finder\/\"><strong><span style=\"color: #13aff0;\">Produkt Finder<\/span><\/strong><\/a> \u00fcber alle in unserem Shop verf\u00fcgbaren Teile, die f\u00fcr diesen Aufbau erforderlich sind.<br \/>\nFor more information on the V2 Legacy Supercharger Kit, please check the overview on <span style=\"color: #13aff0;\"><strong><a style=\"color: #13aff0;\" href=\"https:\/\/hydemotorworks.com\/products-and-supercharger-setups\/\">PRODUKTE<\/a><\/strong><\/span> Seiten.<\/p>","protected":false},"excerpt":{"rendered":"<p><strong>Durchschnittliche Leistungskurve: 300 - 400 PS\u2660<br \/>\n<\/strong><small>(Weitere Informationen finden Sie in den nachstehenden Leistungsbeschreibungen)<\/small><\/p>\n<p>The V2 is our second oldest Supercharger Kit meant for a daily street car that may also see heavy track use, designed for the 6-cylinder BMW M50, M52, M54, S50, S52 &amp; S54 Engines. The kit itself can support the Wankel AG \/ Ogura Clutch TX15 based Toyota SC14 Supercharger. With the V.X.R. Upgrade bracket, the V2 Legacy kit supports Rotrex C30 and C38 Centrifugal Superchargers.<\/p>\n<p>Dieses Kompressorsystem unterst\u00fctzt eine breite Palette von klassischen und neumodernen BMW-Modellen wie die Modelle BMW E34, E36, E38, E39, E46, E83 X3, E85, E53 X5, E60, E61, E65, E66, Z3, Z4 sowie Wiesmann MF 30 (2000- 2002) und Land Rover Defender (1997-2000).<\/p>","protected":false},"featured_media":2086,"template":"","meta":{"kia_subtitle":"Rotrex C30 \/ C38, SC14 & Supercharger","ocean_post_layout":"","ocean_both_sidebars_style":"","ocean_both_sidebars_content_width":0,"ocean_both_sidebars_sidebars_width":0,"ocean_sidebar":"0","ocean_second_sidebar":"0","ocean_disable_margins":"enable","ocean_add_body_class":"","ocean_shortcode_before_top_bar":"","ocean_shortcode_after_top_bar":"","ocean_shortcode_before_header":"","ocean_shortcode_after_header":"","ocean_has_shortcode":"","ocean_shortcode_after_title":"","ocean_shortcode_before_footer_widgets":"","ocean_shortcode_after_footer_widgets":"","ocean_shortcode_before_footer_bottom":"","ocean_shortcode_after_footer_bottom":"","ocean_display_top_bar":"default","ocean_display_header":"default","ocean_header_style":"","ocean_center_header_left_menu":"0","ocean_custom_header_template":"0","ocean_custom_logo":0,"ocean_custom_retina_logo":0,"ocean_custom_logo_max_width":0,"ocean_custom_logo_tablet_max_width":0,"ocean_custom_logo_mobile_max_width":0,"ocean_custom_logo_max_height":0,"ocean_custom_logo_tablet_max_height":0,"ocean_custom_logo_mobile_max_height":0,"ocean_header_custom_menu":"0","ocean_menu_typo_font_family":"0","ocean_menu_typo_font_subset":"","ocean_menu_typo_font_size":0,"ocean_menu_typo_font_size_tablet":0,"ocean_menu_typo_font_size_mobile":0,"ocean_menu_typo_font_size_unit":"px","ocean_menu_typo_font_weight":"","ocean_menu_typo_font_weight_tablet":"","ocean_menu_typo_font_weight_mobile":"","ocean_menu_typo_transform":"","ocean_menu_typo_transform_tablet":"","ocean_menu_typo_transform_mobile":"","ocean_menu_typo_line_height":0,"ocean_menu_typo_line_height_tablet":0,"ocean_menu_typo_line_height_mobile":0,"ocean_menu_typo_line_height_unit":"","ocean_menu_typo_spacing":0,"ocean_menu_typo_spacing_tablet":0,"ocean_menu_typo_spacing_mobile":0,"ocean_menu_typo_spacing_unit":"","ocean_menu_link_color":"","ocean_menu_link_color_hover":"","ocean_menu_link_color_active":"","ocean_menu_link_background":"","ocean_menu_link_hover_background":"","ocean_menu_link_active_background":"","ocean_menu_social_links_bg":"","ocean_menu_social_hover_links_bg":"","ocean_menu_social_links_color":"","ocean_menu_social_hover_links_color":"","ocean_disable_title":"default","ocean_disable_heading":"default","ocean_post_title":"","ocean_post_subheading":"","ocean_post_title_style":"","ocean_post_title_background_color":"","ocean_post_title_background":0,"ocean_post_title_bg_image_position":"","ocean_post_title_bg_image_attachment":"","ocean_post_title_bg_image_repeat":"","ocean_post_title_bg_image_size":"","ocean_post_title_height":0,"ocean_post_title_bg_overlay":0.5,"ocean_post_title_bg_overlay_color":"","ocean_disable_breadcrumbs":"default","ocean_breadcrumbs_color":"","ocean_breadcrumbs_separator_color":"","ocean_breadcrumbs_links_color":"","ocean_breadcrumbs_links_hover_color":"","ocean_display_footer_widgets":"default","ocean_display_footer_bottom":"default","ocean_custom_footer_template":"0","ofc_meta_disable_footer_callout":"","ofc_meta_callout_button_url":"","ofc_meta_callout_button_txt":"","ofc_meta_callout_text":"","ofc_enable_fullscreen":"disable","ofc_fullscreen_speed":0,"ofc_fullscreen_nav":"enable","ofc_fullscreen_nav_pos":"right","ofc_fullscreen_nav_color":"","ofc_fullscreen_nav_tooltip_color":"","ofc_fullscreen_responsive":0,"osh_disable_topbar_sticky":"default","osh_disable_header_sticky":"default","osh_sticky_header_style":"default","osh_sticky_header_effect":"","osh_custom_sticky_logo":0,"osh_custom_retina_sticky_logo":0,"osh_custom_sticky_logo_height":0,"osh_background_color":"","osh_links_color":"","osh_links_hover_color":"","osh_links_active_color":"","osh_links_bg_color":"","osh_links_hover_bg_color":"","osh_links_active_bg_color":"","osh_menu_social_links_color":"","osh_menu_social_hover_links_color":""},"product_brand":[],"product_cat":[79,294,341],"product_tag":[89,472,128,473,71,88,90],"class_list":{"0":"post-752","1":"product","2":"type-product","3":"status-publish","4":"has-post-thumbnail","6":"product_cat-6-cylinder-engines","7":"product_cat-bmw-m50-m52-m54-s50-s52-s54","8":"product_cat-supercharger-kits","9":"product_tag-hmw-sc14-kit","10":"product_tag-v-x-r-rotrex-bracket","11":"product_tag-v2-supercharger-kit","12":"product_tag-v2-upgrade-kit","13":"product_tag-v2-1x","14":"product_tag-v2-2z","15":"product_tag-v2-3e-supercharger-kit","17":"entry","18":"has-media","20":"first","21":"instock","22":"featured","23":"taxable","24":"shipping-taxable","25":"purchasable","26":"product-type-variable","27":"has-product-nav","28":"col","29":"span_1_of_4","30":"owp-content-center","31":"owp-thumbs-layout-horizontal","32":"owp-btn-normal","33":"owp-tabs-layout-vertical"},"_links":{"self":[{"href":"https:\/\/hydemotorworks.com\/shop\/de\/wp-json\/wp\/v2\/product\/752","targetHints":{"allow":["GET"]}}],"collection":[{"href":"https:\/\/hydemotorworks.com\/shop\/de\/wp-json\/wp\/v2\/product"}],"about":[{"href":"https:\/\/hydemotorworks.com\/shop\/de\/wp-json\/wp\/v2\/types\/product"}],"version-history":[{"count":32,"href":"https:\/\/hydemotorworks.com\/shop\/de\/wp-json\/wp\/v2\/product\/752\/revisions"}],"predecessor-version":[{"id":2384,"href":"https:\/\/hydemotorworks.com\/shop\/de\/wp-json\/wp\/v2\/product\/752\/revisions\/2384"}],"wp:featuredmedia":[{"embeddable":true,"href":"https:\/\/hydemotorworks.com\/shop\/de\/wp-json\/wp\/v2\/media\/2086"}],"wp:attachment":[{"href":"https:\/\/hydemotorworks.com\/shop\/de\/wp-json\/wp\/v2\/media?parent=752"}],"wp:term":[{"taxonomy":"product_brand","embeddable":true,"href":"https:\/\/hydemotorworks.com\/shop\/de\/wp-json\/wp\/v2\/product_brand?post=752"},{"taxonomy":"product_cat","embeddable":true,"href":"https:\/\/hydemotorworks.com\/shop\/de\/wp-json\/wp\/v2\/product_cat?post=752"},{"taxonomy":"product_tag","embeddable":true,"href":"https:\/\/hydemotorworks.com\/shop\/de\/wp-json\/wp\/v2\/product_tag?post=752"}],"curies":[{"name":"wp","href":"https:\/\/api.w.org\/{rel}","templated":true}]}}