{"id":745,"date":"2019-07-13T04:24:02","date_gmt":"2019-07-13T04:24:02","guid":{"rendered":"https:\/\/hydemotorworks.com\/shop\/?post_type=product&#038;p=745"},"modified":"2025-12-19T10:32:25","modified_gmt":"2025-12-19T10:32:25","slug":"v4-supercharger-kits","status":"publish","type":"product","link":"https:\/\/hydemotorworks.com\/shop\/de\/produkt\/v4-supercharger-kits\/","title":{"rendered":"V4 M.O.A.B. Kompressor Kit"},"content":{"rendered":"<h2><span style=\"text-decoration: underline; color: #13aff0; font-size: 24pt;\"><strong>V4 M.O.A.B. SUPERCHARGER KIT<\/strong><\/span><\/h2>\n<p>The V4 M.O.A.B. is our first Supercharger Kit for the 4 cylinder BMW&#8217;s. Developed by Hyde in 2019 for his 318Ti project, the V4 Supercharger Kit is a simple heavy duty Supercharger Kit designed for the 4 cylinder BMW M44 as well as\u00a0 the M43 &amp; M42 engines.<\/p>\n<p>This Supercharger Kit has 2 versions, both with full air to air intercooling support. The first being the M.O.A.B. 500, which is a compact low boost option based on the Wankel AG \/ ASIN AMR500 Supercharger, for those wanting a small bump in power. The second is the high boost option, called the M.O.A.B. 1500 and is based on the Wankel AG \/ Ogura Clutch TX15 based Toyota SC14 Supercharger which is also used in our V2 Supercharger Kit.<\/p>\n<p>In 2025 to celebrate 10 years of the V2 Series, Support for the Rotrex C30 and C38 was added to this kit allowing new and existing customers of the M.O.A.B. 1500 to upgrade their supercharger to the more modern Rotrex lineup of Superchargers using the V.X.R. Upgrade Bracket, also sold separately on our shop.<\/p>\n<p>The V4 M.O.A.B. Supercharger Kit&#8217;s is ideal for a daily street car as well as frequent track use. Currently available in its 6th generation, and utilizes the factory belt drive, which allows you to preserve all the original stock belt driven engine accessories as the alternator, power steering, air conditioner, all in their original position.<\/p>\n<h2><span style=\"text-decoration: underline; color: #13aff0; font-size: 14pt;\"><strong>INCLUDED PARTS<\/strong><\/span><\/h2>\n<ul>\n<li><small>Kompletter Satz Halterungen<\/small><\/li>\n<li><small>Power Steering 12Rib Pulley (M.O.A.B. 1500 only, Included with orders from fall 2025 onwards)<br \/>\n<\/small><\/li>\n<li><small>Inlet and outlet manifolds for Supercharger (Depending on Supercharger Toyota SC14 or ASIN AMR500 Supercharger)<\/small><\/li>\n<li><small>M4x Engine Throttle Body Relocation Manifolds<\/small><\/li>\n<li><small>M43 Engine adapter plate (Included with orders from fall 2025 onwards)<\/small><\/li>\n<li><small>Reverse threaded bolt (M.O.A.B. 1500 only, for factory tensioner) <\/small><\/li>\n<li><small>Full set of Gaskets (Included with orders from fall 2025 onwards)<br \/>\n<\/small><\/li>\n<li><small>Kundenspezifischer Riemenantrieb<\/small><small> &amp; Umlenkrollen<\/small><\/li>\n<li><small>Kompletter Satz Befestigungselemente (Muttern, Schrauben und Abstandshalter)<\/small><\/li>\n<li><small>Finished in Powder Coated Fire Orange &amp; Jet Black colour (Supercharger Kit)<br \/>\n<\/small><\/li>\n<li><small>Gew\u00e4hrleistung von 36 Monaten auf die Verarbeitung <u>f\u00fcr die volle Nutzung der Rennstrecke*<\/u><\/small><\/li>\n<li><small>Kompressor-Garantie 6 Monate von Hyde Motor Works* (bei Kauf \u00fcber uns)*<\/small><\/li>\n<\/ul>\n<p>&nbsp;<\/p>\n<p class=\"responsive-video-wrap clr\"><iframe title=\"Supercharged BMW 4 Cylinder M42\/M44 | Canada\" width=\"1200\" height=\"675\" src=\"https:\/\/www.youtube.com\/embed\/g-xkZdlRYT8?feature=oembed\" frameborder=\"0\" allow=\"accelerometer; autoplay; clipboard-write; encrypted-media; gyroscope; picture-in-picture; web-share\" referrerpolicy=\"strict-origin-when-cross-origin\" allowfullscreen><\/iframe><\/p>\n<p class=\"responsive-video-wrap clr\"><iframe title=\"Rotrex Supercharger Kit for BMW&#039;s | V2R Legacy &amp; V4R M.O.A.B.\" width=\"1200\" height=\"675\" src=\"https:\/\/www.youtube.com\/embed\/sYBl-kNUKHA?feature=oembed\" frameborder=\"0\" allow=\"accelerometer; autoplay; clipboard-write; encrypted-media; gyroscope; picture-in-picture; web-share\" referrerpolicy=\"strict-origin-when-cross-origin\" allowfullscreen><\/iframe><\/p>\n<h2><span style=\"text-decoration: underline; color: #13aff0; font-size: 14pt;\"><strong>MANUFACTURERS NOTES &amp; DISCLAIMER<\/strong><\/span><\/h2>\n<ul>\n<li><span style=\"font-size: 10pt;\"><em>On the E46 you may be required to relocate your radiator reservoir or use a E36 or aftermarket radiator for space issues with the V4 M.O.A.B. 1500 Kit.<br \/>\n<\/em><\/span><\/li>\n<li><span style=\"font-size: 10pt;\"><em>an Intercooler Kit is recommended, specially for high boost <\/em><\/span><\/li>\n<li><span style=\"font-size: 10pt;\"><em>a second power steering pulley will be required for M.O.A.B 1500 Kits with the SC14 Superchargers,<br \/>\n<\/em><\/span><\/li>\n<li><span style=\"font-size: 10pt;\"><em>There are 2 different types of SC14 Superchargers, The SC14 Type 1 and SC14 Type 2. Variations include the position of the port position of the bearing housing pressure port, oil fill plug, front cross face. Ensure to read through the notes to know which one you have. For Type 2, you must use the adapter bracket that is also included with the kit.<\/em><\/span><\/li>\n<li><span style=\"font-size: 10pt;\"><em>There are 2 different types of AMR500 Superchargers, The AMR500 Type 1 and AMR500 Type 2. Variations include the size of the supercharger body &amp; mounting points. Ensure to read through the notes to know which one you have. For Type 2, you must use the adapter bracket that is also included with the kit.<\/em><\/span><\/li>\n<li><span style=\"font-size: 10pt;\"><em>The V4 M.O.A.B. 500 Kit will require 2\u2033 to 2.5\u2033adapters for the AMR 500 supercharger inlet and outlet while the remainder pipework can be 2.5\u2033. Please consult the installation guide for more information.<\/em><\/span><\/li>\n<li><span style=\"font-size: 10pt;\"><em>Der Kompressor ist nicht im Kit enthalten, es sei denn, Sie bestellen ihn separat bei uns. Wir empfehlen Ihnen, die angegebene Teilenummer f\u00fcr den Kompressor zu verwenden und den Kompressor vor Ort zu bestellen.<\/em><\/span><\/li>\n<li><span style=\"font-size: 10pt;\"><em>Verschiedene TX15\/TX12\/SC12 Kompressoren k\u00f6nnen mit den V2 Legacy Kits nachger\u00fcstet werden, jedoch werden diese nicht offiziell von Hyde Motor Works unterst\u00fctzt.<\/em><\/span><\/li>\n<li><span style=\"font-size: 10pt;\"><em>On the V4 M.O.A.B. 1500 Kit, the stock SC14 Supercharger pulley will limit the boost to 5-8PSI with an air to air intercooler, For 10-14+ PSI you will have to rebuild the SC14 Supercharger with new bearings and use any available <a href=\"https:\/\/hydemotorworks.com\/shop\/product-category\/accessories\/pulleys\/\">Hyde Motor Works Overdrive Riemenscheibe, verwenden<\/a> overdrive pulley made for the SC14 Supercharger. The stock engine should not be pushed beyond 10PSI.*<\/em><\/span><\/li>\n<li><em><small>By selling this product, we do not promise or agree to support beyond the service, use and warranty of the product. We are not obliged to assist or help with any custom builds. If you have a custom project that you would like to develop a Supercharger Ki and want our support or involvement, then you can look at our <a href=\"https:\/\/hydemotorworks.com\/our-engineers\/\">engineers program<\/a> and contact us.<\/small><\/em><\/li>\n<li><em><small>Disclaimer: By using this product, the user takes full liability and responsibility to know and comply with all local laws and regulations, as well as being solely liable for any damage or injury that may arise from using this product. Product is sold as &#8220;Off Road Use&#8221; basis only.<\/small><\/em><\/li>\n<\/ul>\n<p>&nbsp;<\/p>\n<h2><span style=\"text-decoration: underline; color: #13aff0; font-size: 14pt;\"><strong>ADDITIONAL:<\/strong><\/span><\/h2>\n<p>Um die Installation eines der Setups abzuschlie\u00dfen, ben\u00f6tigen Sie au\u00dferdem die folgenden zus\u00e4tzlichen Teile:<\/p>\n<ul>\n<li><em><small>Toyota SC14 Supercharger or Rotrex C30 or C38 Supercharger with recommended accessories (check the technical specifications for part numbers) or Asin AMR 500 Supercharger with recommended accessories (check the technical specifications for part numbers).<\/small><\/em><\/li>\n<li><em><small>ein Ladeluftk\u00fchler-Kit mit Silikonrohren und Schlauchschellen (kann separat erworben werden)<\/small><\/em><\/li>\n<li><em><small>Unterdruckschlauch<\/small><\/em><\/li>\n<li><em><small>einen Luftfilter mit hohem Durchsatz<\/small><\/em><\/li>\n<li><em><small>eine Ladedruckanzeige<\/small><\/em><\/li>\n<li><em><small>ein Umgehungsventil mit R\u00fcckf\u00fchrung und<\/small><\/em><\/li>\n<li><em><small>das passende Tuning<\/small><\/em><\/li>\n<\/ul>\n<p>&nbsp;<\/p>\n<p>Bitte konsultieren Sie die <span style=\"color: #13aff0;\"><a style=\"color: #13aff0;\" href=\"https:\/\/hydemotorworks.com\/installation-guides\/\">Installationsanleitung<\/a><\/span> f\u00fcr weitere Informationen.<\/p>\n<p><em><strong>F\u00fcr das Tuning<\/strong>empfehlen wir die Verwendung einer unserer ausgew\u00e4hlten <span style=\"color: #13aff0;\"><a style=\"color: #13aff0;\" href=\"https:\/\/hydemotorworks.com\/tag\/official-tuner\/\">Tuning Partner<\/a><\/span>.<\/em><br \/>\n<em>In unserem Shop k\u00f6nnen Tuning-Pakete auch erworben werden.<\/em><\/p>\n<p>Bitte informieren Sie sich im <a href=\"https:\/\/hydemotorworks.com\/shop\/product-finder\/\"><strong>Produkt Finder<\/strong><\/a> \u00fcber alle in unserem Shop verf\u00fcgbaren Teile, die f\u00fcr diesen Aufbau erforderlich sind.<br \/>\nFor more information on the V4 M.O.A.B. Supercharger Kit please check the overview on <strong><a href=\"https:\/\/hydemotorworks.com\/products-and-supercharger-setups\/\">PRODUKTE<\/a><\/strong> Seiten.<\/p>","protected":false},"excerpt":{"rendered":"<p><strong>Average power curve: 200 \u2013 350 HP\u2660<\/strong><br \/>\n<small>(Weitere Informationen finden Sie in den nachstehenden Leistungsbeschreibungen)<\/small><\/p>\n<p>The V4 M.O.A.B. is our first Supercharger Kit series designed for for the 4-cylinder BMW M42, M43 and M44 Engines.<\/p>\n<p>The kit itself comes in 3 different versions, The latest version supports the Rotrex C30 \/ C38. The first 2 previous versions are called M.O.A.B. 500 and supports the Wankel AG \/ ASIN AMR500 Supercharger, and the second version is called the M.O.A.B. 1500 and is based on the Wankel AG \/ Ogura Clutch TX15 based Toyota SC14 Supercharger.<\/p>\n<p>In 2025 to celebrate 10 years of the V2 Series, Support for the Rotrex C30 and C38 was added to the V2 Legacy &amp; V4 M.O.A.B 1500 kit allowing new and existing customers to upgrade their supercharger to the more modern Rotrex lineup of Superchargers using the V.X.R. Upgrade Bracket, which is capable of pushing these engines far beyond the typical 6 cylinder M Series BMW engine variants from the same 90&#8217;s to early 2000&#8217;s era. The V.X.R. Adapter is also sold here as a bundle or separately on our shop.<\/p>\n<p>Meant for a daily street car that may also see frequent track use, this supercharger system supports a wide range of classic BMW models such as the E30, E36, E46, Ti, Z3 models.<\/p>","protected":false},"featured_media":4506,"template":"","meta":{"kia_subtitle":"Rotrex C30 \/ C38, AMR500 & SC14 Supercharger","ocean_post_layout":"","ocean_both_sidebars_style":"","ocean_both_sidebars_content_width":0,"ocean_both_sidebars_sidebars_width":0,"ocean_sidebar":"0","ocean_second_sidebar":"0","ocean_disable_margins":"enable","ocean_add_body_class":"","ocean_shortcode_before_top_bar":"","ocean_shortcode_after_top_bar":"","ocean_shortcode_before_header":"","ocean_shortcode_after_header":"","ocean_has_shortcode":"","ocean_shortcode_after_title":"","ocean_shortcode_before_footer_widgets":"","ocean_shortcode_after_footer_widgets":"","ocean_shortcode_before_footer_bottom":"","ocean_shortcode_after_footer_bottom":"","ocean_display_top_bar":"default","ocean_display_header":"default","ocean_header_style":"","ocean_center_header_left_menu":"0","ocean_custom_header_template":"0","ocean_custom_logo":0,"ocean_custom_retina_logo":0,"ocean_custom_logo_max_width":0,"ocean_custom_logo_tablet_max_width":0,"ocean_custom_logo_mobile_max_width":0,"ocean_custom_logo_max_height":0,"ocean_custom_logo_tablet_max_height":0,"ocean_custom_logo_mobile_max_height":0,"ocean_header_custom_menu":"0","ocean_menu_typo_font_family":"0","ocean_menu_typo_font_subset":"","ocean_menu_typo_font_size":0,"ocean_menu_typo_font_size_tablet":0,"ocean_menu_typo_font_size_mobile":0,"ocean_menu_typo_font_size_unit":"px","ocean_menu_typo_font_weight":"","ocean_menu_typo_font_weight_tablet":"","ocean_menu_typo_font_weight_mobile":"","ocean_menu_typo_transform":"","ocean_menu_typo_transform_tablet":"","ocean_menu_typo_transform_mobile":"","ocean_menu_typo_line_height":0,"ocean_menu_typo_line_height_tablet":0,"ocean_menu_typo_line_height_mobile":0,"ocean_menu_typo_line_height_unit":"","ocean_menu_typo_spacing":0,"ocean_menu_typo_spacing_tablet":0,"ocean_menu_typo_spacing_mobile":0,"ocean_menu_typo_spacing_unit":"","ocean_menu_link_color":"","ocean_menu_link_color_hover":"","ocean_menu_link_color_active":"","ocean_menu_link_background":"","ocean_menu_link_hover_background":"","ocean_menu_link_active_background":"","ocean_menu_social_links_bg":"","ocean_menu_social_hover_links_bg":"","ocean_menu_social_links_color":"","ocean_menu_social_hover_links_color":"","ocean_disable_title":"default","ocean_disable_heading":"default","ocean_post_title":"","ocean_post_subheading":"","ocean_post_title_style":"","ocean_post_title_background_color":"","ocean_post_title_background":0,"ocean_post_title_bg_image_position":"","ocean_post_title_bg_image_attachment":"","ocean_post_title_bg_image_repeat":"","ocean_post_title_bg_image_size":"","ocean_post_title_height":0,"ocean_post_title_bg_overlay":0.5,"ocean_post_title_bg_overlay_color":"","ocean_disable_breadcrumbs":"default","ocean_breadcrumbs_color":"","ocean_breadcrumbs_separator_color":"","ocean_breadcrumbs_links_color":"","ocean_breadcrumbs_links_hover_color":"","ocean_display_footer_widgets":"default","ocean_display_footer_bottom":"default","ocean_custom_footer_template":"0","ofc_meta_disable_footer_callout":"","ofc_meta_callout_button_url":"","ofc_meta_callout_button_txt":"","ofc_meta_callout_text":"","ofc_enable_fullscreen":"disable","ofc_fullscreen_speed":0,"ofc_fullscreen_nav":"enable","ofc_fullscreen_nav_pos":"right","ofc_fullscreen_nav_color":"","ofc_fullscreen_nav_tooltip_color":"","ofc_fullscreen_responsive":0,"osh_disable_topbar_sticky":"default","osh_disable_header_sticky":"default","osh_sticky_header_style":"default","osh_sticky_header_effect":"","osh_custom_sticky_logo":0,"osh_custom_retina_sticky_logo":0,"osh_custom_sticky_logo_height":0,"osh_background_color":"","osh_links_color":"","osh_links_hover_color":"","osh_links_active_color":"","osh_links_bg_color":"","osh_links_hover_bg_color":"","osh_links_active_bg_color":"","osh_menu_social_links_color":"","osh_menu_social_hover_links_color":""},"product_brand":[],"product_cat":[80,287,341],"product_tag":[164,478,476,163,109,477,107,106,104,103,108,99,474,475,70,162,161,110],"class_list":{"0":"post-745","1":"product","2":"type-product","3":"status-publish","4":"has-post-thumbnail","6":"product_cat-4-cylinder-engines","7":"product_cat-m42-m43-m44-engines","8":"product_cat-supercharger-kits","9":"product_tag-316i","10":"product_tag-316ti-rotrex","11":"product_tag-318i-turbo","12":"product_tag-318is","13":"product_tag-318ti","14":"product_tag-323ti","15":"product_tag-amr500","16":"product_tag-hmw-v4","17":"product_tag-m42","18":"product_tag-m44","19":"product_tag-m45","20":"product_tag-m62","21":"product_tag-rotrex-c30","22":"product_tag-rotrex-c38","23":"product_tag-sc14","24":"product_tag-v4-m-o-a-b","25":"product_tag-v4-moab-supercharger-kit","26":"product_tag-z3","28":"entry","29":"has-media","31":"first","32":"instock","33":"taxable","34":"shipping-taxable","35":"purchasable","36":"product-type-variable","37":"has-product-nav","38":"col","39":"span_1_of_4","40":"owp-content-center","41":"owp-thumbs-layout-horizontal","42":"owp-btn-normal","43":"owp-tabs-layout-vertical"},"_links":{"self":[{"href":"https:\/\/hydemotorworks.com\/shop\/de\/wp-json\/wp\/v2\/product\/745","targetHints":{"allow":["GET"]}}],"collection":[{"href":"https:\/\/hydemotorworks.com\/shop\/de\/wp-json\/wp\/v2\/product"}],"about":[{"href":"https:\/\/hydemotorworks.com\/shop\/de\/wp-json\/wp\/v2\/types\/product"}],"version-history":[{"count":29,"href":"https:\/\/hydemotorworks.com\/shop\/de\/wp-json\/wp\/v2\/product\/745\/revisions"}],"predecessor-version":[{"id":7866,"href":"https:\/\/hydemotorworks.com\/shop\/de\/wp-json\/wp\/v2\/product\/745\/revisions\/7866"}],"wp:featuredmedia":[{"embeddable":true,"href":"https:\/\/hydemotorworks.com\/shop\/de\/wp-json\/wp\/v2\/media\/4506"}],"wp:attachment":[{"href":"https:\/\/hydemotorworks.com\/shop\/de\/wp-json\/wp\/v2\/media?parent=745"}],"wp:term":[{"taxonomy":"product_brand","embeddable":true,"href":"https:\/\/hydemotorworks.com\/shop\/de\/wp-json\/wp\/v2\/product_brand?post=745"},{"taxonomy":"product_cat","embeddable":true,"href":"https:\/\/hydemotorworks.com\/shop\/de\/wp-json\/wp\/v2\/product_cat?post=745"},{"taxonomy":"product_tag","embeddable":true,"href":"https:\/\/hydemotorworks.com\/shop\/de\/wp-json\/wp\/v2\/product_tag?post=745"}],"curies":[{"name":"wp","href":"https:\/\/api.w.org\/{rel}","templated":true}]}}