{"id":6560,"date":"2024-11-06T09:47:00","date_gmt":"2024-11-06T09:47:00","guid":{"rendered":"https:\/\/hydemotorworks.com\/shop\/?post_type=product&#038;p=6560"},"modified":"2025-04-24T08:36:35","modified_gmt":"2025-04-24T08:36:35","slug":"eaton-m62-supercharger-pulley-75mm","status":"publish","type":"product","link":"https:\/\/hydemotorworks.com\/shop\/de\/produkt\/eaton-m62-supercharger-pulley-75mm\/","title":{"rendered":"Eaton M62 Supercharger Pulley (75MM)"},"content":{"rendered":"<h2><span style=\"text-decoration: underline; color: #13aff0;\"><strong>75MM EATON M62 SUPERCHARGER PULLEY<\/strong><\/span><\/h2>\n<p>This CNC machined Hyde Motor Works 75 mm Pulley is meant to get more boost out of your Eaton M62 Supercharger. It is made to get the maximum recommended safe boost that the Eaton M62 Supercharger can support on most engines while staying efficient and safe.<\/p>\n<p><span style=\"text-decoration: underline; color: #13aff0;\"><strong>Anmerkungen<\/strong><\/span><\/p>\n<ul>\n<li><em>Enth\u00e4lt das richtige Kugellager und den passenden Abstandhalter.<\/em><\/li>\n<li><em>Dies ist eine feste Riemenscheibe, so dass Sie die Kupplung nicht benutzen k\u00f6nnen. Es wird auch ein kleinerer Keilriemen ben\u00f6tigt.<\/em><\/li>\n<li><em>Wenn Sie diese Riemenscheibe mit Ihrem Kompressor verwenden, stellen Sie sicher, dass Sie neue, hochwertige OEM- oder \u00fcberholte Kugellager und Dichtungen an Ihrem Kompressor verwenden, um Kugellagersch\u00e4den zu vermeiden.<\/em><\/li>\n<li><em>Diese Riemenscheibe ist die empfohlene Upgrade-Riemenscheibe f\u00fcr alle Hyde Motor Works Kits, die den Eaton M62 Kompressor verwenden.<\/em><\/li>\n<li><em>Es wird empfohlen, diese Riemenscheibe erst dann zu verwenden, wenn der Einbau und die Einstellung abgeschlossen sind und Sie sichergestellt haben, dass keine Ladedruckverluste auftreten, Sie mit dem Lauf des Fahrzeugs und der allgemeinen Laufruhe des Motors zufrieden sind und die richtige Einstellung vorgenommen wurde. Betrachten Sie dies als den letzten Schliff.<\/em><\/li>\n<li><em>Das Hinzuf\u00fcgen dieser Riemenscheibe f\u00fchrt zu mehr Ladedruck als bei der serienm\u00e4\u00dfigen Kompressor-Riemenscheibe, daher wird ein Tune empfohlen.<\/em><\/li>\n<li><em> Boost output from an Eaton M62 supercharger with the 75mm pulley is between 6 \u2013 8 PSI intercooled, for the 2.5 &#8211; 3L 6 cylinders engines and 8-12+ PSI on 4 cylinder engines that are under 2L.<\/em><\/li>\n<li><em>Achten Sie beim Einbau der Riemenscheibe darauf, dass Sie der Einbauanleitung folgen und die Unterlegscheiben (in der Regel 3), die sich bereits in der Riemenscheibe Ihres Kompressors befinden, wiederverwenden. Andernfalls kann es zu Sch\u00e4den am Kompressor und an der Riemenscheibe kommen.<\/em><\/li>\n<li><em><em>Diese Riemenscheibe funktioniert nur mit dem Mercedes Eaton M62 Kompressor. Der Eaton M62 Kompressor f\u00fcr die Mercedes Benz Teilenummern A1110900380, 1110900380, A1110960099KZ, die in den folgenden Modellen zu finden sind:<\/em><\/em><em><br \/>\n1998-03 Mercedes C-Klasse C230 2.3L, I-4,<\/em><br \/>\n<em>1998-04 Mercedes SLK230 Roadster 2.3L, I-4, <\/em><br \/>\n<em>2002-04 Mercedes SLK32 AMG Roadster 3.2L V6<\/em><br \/>\n<em>2000 Mercedes Benz C320 3.2L V6 Alle SLK<\/em><\/li>\n<\/ul>\n<p><a href=\"https:\/\/hydemotorworks.com\/shop\/wp-content\/uploads\/2021\/12\/Mercedes-M62-Pulley-Belt.jpg\"><img fetchpriority=\"high\" decoding=\"async\" class=\"size-medium wp-image-6812 aligncenter\" src=\"https:\/\/hydemotorworks.com\/shop\/wp-content\/uploads\/2021\/12\/Mercedes-M62-Pulley-Belt-169x300.jpg\" alt=\"Mercedes M62 Pulley Belt\" width=\"169\" height=\"300\" srcset=\"https:\/\/hydemotorworks.com\/shop\/wp-content\/uploads\/2021\/12\/Mercedes-M62-Pulley-Belt-169x300.jpg 169w, https:\/\/hydemotorworks.com\/shop\/wp-content\/uploads\/2021\/12\/Mercedes-M62-Pulley-Belt-577x1024.jpg 577w, https:\/\/hydemotorworks.com\/shop\/wp-content\/uploads\/2021\/12\/Mercedes-M62-Pulley-Belt-768x1364.jpg 768w, https:\/\/hydemotorworks.com\/shop\/wp-content\/uploads\/2021\/12\/Mercedes-M62-Pulley-Belt-865x1536.jpg 865w, https:\/\/hydemotorworks.com\/shop\/wp-content\/uploads\/2021\/12\/Mercedes-M62-Pulley-Belt-7x12.jpg 7w, https:\/\/hydemotorworks.com\/shop\/wp-content\/uploads\/2021\/12\/Mercedes-M62-Pulley-Belt-504x895.jpg 504w, https:\/\/hydemotorworks.com\/shop\/wp-content\/uploads\/2021\/12\/Mercedes-M62-Pulley-Belt.jpg 1024w\" sizes=\"(max-width: 169px) 100vw, 169px\" \/><\/a><\/p>\n<ul>\n<li><em><strong>If you are using this pulley on a Mercedes Benz, commonly on the SLK230 or C230, Correct belt size required is 6PK1320.<\/strong><\/em><\/li>\n<\/ul>\n<p>&nbsp;<\/p>\n<p>Bitte konsultieren Sie die <span style=\"color: #13aff0;\"><a style=\"color: #13aff0;\" href=\"https:\/\/hydemotorworks.com\/installation-guides\/\">Installationsanleitung<\/a><\/span> f\u00fcr weitere Informationen.<\/p>\n<p class=\"responsive-video-wrap clr\"><iframe title=\"Eaton M62 Supercharger | Pulley Installation &amp; Gaping\" width=\"1200\" height=\"675\" src=\"https:\/\/www.youtube.com\/embed\/UxcXK1Xve6Q?feature=oembed\" frameborder=\"0\" allow=\"accelerometer; autoplay; clipboard-write; encrypted-media; gyroscope; picture-in-picture; web-share\" referrerpolicy=\"strict-origin-when-cross-origin\" allowfullscreen><\/iframe><\/p>\n<p>&nbsp;<\/p>","protected":false},"excerpt":{"rendered":"<p>This fixed 75mm pulley is made by us as a bolt on upgrade for the Mercedes Eaton M62 Supercharger.<\/p>\n<p>Sie wurde als Overdrive-Riemenscheibe entwickelt, die den Kompressor an seine sicheren Grenzen bringt und kann mit den V3.62 &amp; Nemesis I Kompressor-Kits verwendet werden.<\/p>\n<p>Dies ist auch eine Upgrade-Riemenscheibe f\u00fcr die Mercedes Kompressor Linie von Fahrzeugen wie der C230, K230, SLK32, C320, die die Standard-Riemenscheibe haben. Dies erm\u00f6glicht einen 50PS + Anstieg mit einem richtigen Tuning.<\/p>\n<p><small>Es wird empfohlen, die vorhandenen Kompressorlager zu erneuern, um Ausf\u00e4lle zu vermeiden.<\/small><em><br \/>\n<\/em><\/p>","protected":false},"featured_media":7395,"template":"","meta":{"kia_subtitle":"Works with Mercedes Eaton M62 Supercharger","ocean_post_layout":"","ocean_both_sidebars_style":"","ocean_both_sidebars_content_width":0,"ocean_both_sidebars_sidebars_width":0,"ocean_sidebar":"0","ocean_second_sidebar":"0","ocean_disable_margins":"enable","ocean_add_body_class":"","ocean_shortcode_before_top_bar":"","ocean_shortcode_after_top_bar":"","ocean_shortcode_before_header":"","ocean_shortcode_after_header":"","ocean_has_shortcode":"","ocean_shortcode_after_title":"","ocean_shortcode_before_footer_widgets":"","ocean_shortcode_after_footer_widgets":"","ocean_shortcode_before_footer_bottom":"","ocean_shortcode_after_footer_bottom":"","ocean_display_top_bar":"default","ocean_display_header":"default","ocean_header_style":"","ocean_center_header_left_menu":"0","ocean_custom_header_template":"0","ocean_custom_logo":0,"ocean_custom_retina_logo":0,"ocean_custom_logo_max_width":0,"ocean_custom_logo_tablet_max_width":0,"ocean_custom_logo_mobile_max_width":0,"ocean_custom_logo_max_height":0,"ocean_custom_logo_tablet_max_height":0,"ocean_custom_logo_mobile_max_height":0,"ocean_header_custom_menu":"0","ocean_menu_typo_font_family":"0","ocean_menu_typo_font_subset":"","ocean_menu_typo_font_size":0,"ocean_menu_typo_font_size_tablet":0,"ocean_menu_typo_font_size_mobile":0,"ocean_menu_typo_font_size_unit":"px","ocean_menu_typo_font_weight":"","ocean_menu_typo_font_weight_tablet":"","ocean_menu_typo_font_weight_mobile":"","ocean_menu_typo_transform":"","ocean_menu_typo_transform_tablet":"","ocean_menu_typo_transform_mobile":"","ocean_menu_typo_line_height":0,"ocean_menu_typo_line_height_tablet":0,"ocean_menu_typo_line_height_mobile":0,"ocean_menu_typo_line_height_unit":"","ocean_menu_typo_spacing":0,"ocean_menu_typo_spacing_tablet":0,"ocean_menu_typo_spacing_mobile":0,"ocean_menu_typo_spacing_unit":"","ocean_menu_link_color":"","ocean_menu_link_color_hover":"","ocean_menu_link_color_active":"","ocean_menu_link_background":"","ocean_menu_link_hover_background":"","ocean_menu_link_active_background":"","ocean_menu_social_links_bg":"","ocean_menu_social_hover_links_bg":"","ocean_menu_social_links_color":"","ocean_menu_social_hover_links_color":"","ocean_disable_title":"default","ocean_disable_heading":"default","ocean_post_title":"","ocean_post_subheading":"","ocean_post_title_style":"","ocean_post_title_background_color":"","ocean_post_title_background":0,"ocean_post_title_bg_image_position":"","ocean_post_title_bg_image_attachment":"","ocean_post_title_bg_image_repeat":"","ocean_post_title_bg_image_size":"","ocean_post_title_height":0,"ocean_post_title_bg_overlay":0.5,"ocean_post_title_bg_overlay_color":"","ocean_disable_breadcrumbs":"default","ocean_breadcrumbs_color":"","ocean_breadcrumbs_separator_color":"","ocean_breadcrumbs_links_color":"","ocean_breadcrumbs_links_hover_color":"","ocean_display_footer_widgets":"default","ocean_display_footer_bottom":"default","ocean_custom_footer_template":"0","ofc_meta_disable_footer_callout":"","ofc_meta_callout_button_url":"","ofc_meta_callout_button_txt":"","ofc_meta_callout_text":"","ofc_enable_fullscreen":"disable","ofc_fullscreen_speed":0,"ofc_fullscreen_nav":"enable","ofc_fullscreen_nav_pos":"right","ofc_fullscreen_nav_color":"","ofc_fullscreen_nav_tooltip_color":"","ofc_fullscreen_responsive":0,"osh_disable_topbar_sticky":"default","osh_disable_header_sticky":"default","osh_sticky_header_style":"default","osh_sticky_header_effect":"","osh_custom_sticky_logo":0,"osh_custom_retina_sticky_logo":0,"osh_custom_sticky_logo_height":0,"osh_background_color":"","osh_links_color":"","osh_links_hover_color":"","osh_links_active_color":"","osh_links_bg_color":"","osh_links_hover_bg_color":"","osh_links_active_bg_color":"","osh_menu_social_links_color":"","osh_menu_social_hover_links_color":""},"product_brand":[],"product_cat":[82,153],"product_tag":[202,201,203,204,207,87,194,198,199,205,206,71,112,200,73],"class_list":{"0":"post-6560","1":"product","2":"type-product","3":"status-publish","4":"has-post-thumbnail","6":"product_cat-accessories","7":"product_cat-pulleys-bearings","8":"product_tag-202","9":"product_tag-a1110900380","10":"product_tag-a1110960099kz","11":"product_tag-c230","12":"product_tag-c320","13":"product_tag-custom-sc-pulley","14":"product_tag-eaton-m62","15":"product_tag-hmw-60mm-pulley","16":"product_tag-m62-pulley","17":"product_tag-slk230","18":"product_tag-slk32","19":"product_tag-v2-1x","20":"product_tag-v3","21":"product_tag-v3-62","22":"product_tag-v4","24":"entry","25":"has-media","27":"first","28":"instock","29":"taxable","30":"shipping-taxable","31":"purchasable","32":"product-type-simple","33":"has-product-nav","34":"col","35":"span_1_of_4","36":"owp-content-center","37":"owp-thumbs-layout-horizontal","38":"owp-btn-normal","39":"owp-tabs-layout-vertical"},"_links":{"self":[{"href":"https:\/\/hydemotorworks.com\/shop\/de\/wp-json\/wp\/v2\/product\/6560","targetHints":{"allow":["GET"]}}],"collection":[{"href":"https:\/\/hydemotorworks.com\/shop\/de\/wp-json\/wp\/v2\/product"}],"about":[{"href":"https:\/\/hydemotorworks.com\/shop\/de\/wp-json\/wp\/v2\/types\/product"}],"version-history":[{"count":7,"href":"https:\/\/hydemotorworks.com\/shop\/de\/wp-json\/wp\/v2\/product\/6560\/revisions"}],"predecessor-version":[{"id":6566,"href":"https:\/\/hydemotorworks.com\/shop\/de\/wp-json\/wp\/v2\/product\/6560\/revisions\/6566"}],"wp:featuredmedia":[{"embeddable":true,"href":"https:\/\/hydemotorworks.com\/shop\/de\/wp-json\/wp\/v2\/media\/7395"}],"wp:attachment":[{"href":"https:\/\/hydemotorworks.com\/shop\/de\/wp-json\/wp\/v2\/media?parent=6560"}],"wp:term":[{"taxonomy":"product_brand","embeddable":true,"href":"https:\/\/hydemotorworks.com\/shop\/de\/wp-json\/wp\/v2\/product_brand?post=6560"},{"taxonomy":"product_cat","embeddable":true,"href":"https:\/\/hydemotorworks.com\/shop\/de\/wp-json\/wp\/v2\/product_cat?post=6560"},{"taxonomy":"product_tag","embeddable":true,"href":"https:\/\/hydemotorworks.com\/shop\/de\/wp-json\/wp\/v2\/product_tag?post=6560"}],"curies":[{"name":"wp","href":"https:\/\/api.w.org\/{rel}","templated":true}]}}