{"id":4546,"date":"2024-03-24T20:09:37","date_gmt":"2024-03-24T20:09:37","guid":{"rendered":"https:\/\/hydemotorworks.com\/shop\/?post_type=product&#038;p=4546"},"modified":"2025-12-22T21:03:04","modified_gmt":"2025-12-22T21:03:04","slug":"nemesis-i","status":"publish","type":"product","link":"https:\/\/hydemotorworks.com\/shop\/de\/produkt\/nemesis-i\/","title":{"rendered":"NEMESIS I Kompressor Kit"},"content":{"rendered":"<h2><span style=\"text-decoration: underline; color: #13aff0;\"><strong>NEMESIS I SUPERCHARGER KIT<\/strong><\/span><\/h2>\n<p>The NEMESIS I was designed in Ireland between 2022 &#8211; 2023 by Werner Mayerhofer. This Supercharger Kit is designed to be used on the BMW 4 Cylinder N42 Engine with support for the N46 and N43. With full air to air intercooling support, this kit is capable of pushing the stock engine to its safe limits.<\/p>\n<p>This kit comes with its own custom drive pulley, tensioner and independent belt drive which allows you to preserve all the original stock belt driven engine accessories as the alternator, power steering, air conditioner, all in their original position.<\/p>\n<p><strong>Umfasst:<\/strong><\/p>\n<ul>\n<li><small>Kompletter Satz Halterungen<\/small><\/li>\n<li><small>Inlet and Outlet manifolds for the M62 Supercharger<\/small><\/li>\n<li><small>Custom Drive Pulley (Replaces Power Steering pulley)<\/small><\/li>\n<li><small>Tensioner System with Independent Belt Drive<br \/>\n<\/small><\/li>\n<li><small>Proper Gaskets &#8211; (Included with orders from fall 2024 on-wards)<br \/>\n<\/small><\/li>\n<li><small>Kompletter Satz Befestigungselemente (Muttern, Schrauben und Abstandshalter)<\/small><\/li>\n<li><small>Finished in Powder Coated Raceway Red colour (Supercharger Kit)<br \/>\n<\/small><\/li>\n<li><small>Gew\u00e4hrleistung von 36 Monaten auf die Verarbeitung**<\/small><\/li>\n<\/ul>\n<p>&nbsp;<\/p>\n<p><strong>Supported BMW models &amp; cars due to using 4-cylinder BMW N42, N46 engines: <\/strong><\/p>\n<ul>\n<li><small>2001-2004 E46 316i and 316ti<br \/>\n<\/small><\/li>\n<li><small>2001-2004 E46 318i\/318Ci\/318ti<br \/>\n<\/small><\/li>\n<li><small>2004-2005 E46 316i\/316ti<br \/>\n<\/small><\/li>\n<li><small>2007-2008 E90 318i<br \/>\n<\/small><\/li>\n<li><small>2005-2007 E87 118i<br \/>\n<\/small><\/li>\n<li><small>2005-2007 E90\/E91 318i<br \/>\n<\/small><\/li>\n<li><small>2007-2011 E81\/E87 118i<br \/>\n<\/small><\/li>\n<li><small>2007-2013 E90 318i<br \/>\n<\/small><\/li>\n<li><small>2004-2006 E46 318i, 318Ci and 318ti<br \/>\n<\/small><\/li>\n<li><small>2004-2007 E83 X3 2.0i<br \/>\n<\/small><\/li>\n<li><small>2005-2008 E85 Z4 2.0i<br \/>\n<\/small><\/li>\n<li><small>2004-2007 E87 120i<br \/>\n<\/small><\/li>\n<li><small>2005-2007 E90\/E91 320i<br \/>\n<\/small><\/li>\n<li><small>2007-2011 E81\/E82\/E87\/E88 120i<br \/>\n<\/small><\/li>\n<li><small>2007-2013 E90\/E91\/E92\/E93 320i<br \/>\n<\/small><\/li>\n<li><small>2007-2010 E60 520i<br \/>\n<\/small><\/li>\n<li><small>2009-2015 E84 X1 sDrive18i \/ xDrive18i<br \/>\n<\/small><\/li>\n<li><small>2007-2010 E83 X3 2.0i<\/small><small><\/small><\/li>\n<\/ul>\n<p>&nbsp;<\/p>\n<p><span style=\"text-decoration: underline; color: #13aff0;\"><strong>Anmerkungen<\/strong><\/span><\/p>\n<ul>\n<li><em>Stock M62 pulley will limit the boost to 7PSI with an air to air intercooler, For 12-14 PSI you will have to rebuild the M62 Supercharger with new bearings and use the <a href=\"https:\/\/hydemotorworks.com\/shop\/product-category\/accessories\/pulleys\/\">Hyde Motor Works 60mm or 70mm Overdrive pulley<\/a> made for the M62 Supercharger.<\/em><\/li>\n<li><em>Currently the kit supports only the Eaton M62 Supercharger, future support will be added for the Rotrex C15 and C30. *<\/em><\/li>\n<li><em>Der Kompressor ist nicht im Kit enthalten, es sei denn, Sie bestellen ihn separat bei uns. Wir empfehlen Ihnen, die angegebene Teilenummer f\u00fcr den Kompressor zu verwenden und den Kompressor vor Ort zu bestellen.<\/em><\/li>\n<\/ul>\n<p>&nbsp;<\/p>\n<p><strong>Um die Installation eines der Setups abzuschlie\u00dfen, ben\u00f6tigen Sie au\u00dferdem die folgenden zus\u00e4tzlichen Teile:<\/strong><\/p>\n<ul>\n<li><small><small>Eaton M62 Supercharger (Mercedes variant only, check the technical specifications for part numbers)<\/small><\/small><\/li>\n<li><small><small>ein Ladeluftk\u00fchler-Kit mit Silikonrohren und Schlauchschellen (kann separat erworben werden)<\/small><\/small><\/li>\n<li><small><small>Unterdruckschlauch<\/small><\/small><\/li>\n<li><small><small>einen Luftfilter mit hohem Durchsatz<\/small><\/small><\/li>\n<li><small><small>eine Ladedruckanzeige<\/small><\/small><\/li>\n<li><small><small>ein Umgehungsventil mit R\u00fcckf\u00fchrung und<\/small><\/small><\/li>\n<li><small><small>das passende Tuning<\/small><\/small><\/li>\n<\/ul>\n<p>&nbsp;<\/p>\n<p>Bitte konsultieren Sie die <a href=\"https:\/\/hydemotorworks.com\/installation-guides\/\">Installationsanleitung<\/a> f\u00fcr weitere Informationen.<\/p>\n<p><em><strong>F\u00fcr das Tuning<\/strong>empfehlen wir die Verwendung einer unserer ausgew\u00e4hlten <a href=\"https:\/\/hydemotorworks.com\/tag\/official-tuner\/\">Tuning Partner<\/a>.<\/em><br \/>\n<em>In unserem Shop k\u00f6nnen Tuning-Pakete auch erworben werden.<\/em><\/p>\n<p class=\"responsive-video-wrap clr\"><iframe title=\"BMW N42, N43 &amp; N46 Supercharger Kit Installation | Nemesis 1\" width=\"1200\" height=\"675\" src=\"https:\/\/www.youtube.com\/embed\/Zwlm9XV3I18?feature=oembed\" frameborder=\"0\" allow=\"accelerometer; autoplay; clipboard-write; encrypted-media; gyroscope; picture-in-picture; web-share\" referrerpolicy=\"strict-origin-when-cross-origin\" allowfullscreen><\/iframe><\/p>\n<p class=\"responsive-video-wrap clr\"><iframe title=\"Nemesis Supercharger Kit | BMW N42, N45 &amp; N46 | E90, 1 Series, Z4 &amp; E46!\" width=\"1200\" height=\"675\" src=\"https:\/\/www.youtube.com\/embed\/69abjHkK-Tw?feature=oembed\" frameborder=\"0\" allow=\"accelerometer; autoplay; clipboard-write; encrypted-media; gyroscope; picture-in-picture; web-share\" referrerpolicy=\"strict-origin-when-cross-origin\" allowfullscreen><\/iframe><\/p>\n<p>Bitte informieren Sie sich im <a href=\"https:\/\/hydemotorworks.com\/shop\/product-finder\/\"><strong>Produkt Finder<\/strong><\/a> \u00fcber alle in unserem Shop verf\u00fcgbaren Teile, die f\u00fcr diesen Aufbau erforderlich sind.<br \/>\nWeitere Informationen zum Old Timer M10 Kompressor Kit finden Sie in der \u00dcbersicht auf den <strong><a href=\"https:\/\/hydemotorworks.com\/products-and-supercharger-setups\/\">PRODUKTE<\/a><\/strong> Seiten.<\/p>","protected":false},"excerpt":{"rendered":"<p><strong>Average power curve: 270 \u2013 325 HP* <\/strong><br \/>\n<small>(Weitere Informationen finden Sie in den nachstehenden Leistungsbeschreibungen)<\/small><\/p>\n<p>The NEMESIS I Supercharger Kit is designed around the Mercedes based Eaton M62 supercharger for the naturally aspirated 4-cylinder BMW N42, N43 and N46 Engines, filling a much desired gap.<\/p>\n<p>This supercharger system supports a wide range of classic and Neo-modern BMW\u2019s such as the E46 model as well as the E60, E81, E82, E83 X3, E84 X1, E85 Z4, E87, E88, E90, E91 models.<\/p>","protected":false},"featured_media":6662,"template":"","meta":{"kia_subtitle":"M62 Supercharger","ocean_post_layout":"","ocean_both_sidebars_style":"","ocean_both_sidebars_content_width":0,"ocean_both_sidebars_sidebars_width":0,"ocean_sidebar":"0","ocean_second_sidebar":"0","ocean_disable_margins":"enable","ocean_add_body_class":"","ocean_shortcode_before_top_bar":"","ocean_shortcode_after_top_bar":"","ocean_shortcode_before_header":"","ocean_shortcode_after_header":"","ocean_has_shortcode":"","ocean_shortcode_after_title":"","ocean_shortcode_before_footer_widgets":"","ocean_shortcode_after_footer_widgets":"","ocean_shortcode_before_footer_bottom":"","ocean_shortcode_after_footer_bottom":"","ocean_display_top_bar":"default","ocean_display_header":"default","ocean_header_style":"","ocean_center_header_left_menu":"0","ocean_custom_header_template":"0","ocean_custom_logo":0,"ocean_custom_retina_logo":0,"ocean_custom_logo_max_width":0,"ocean_custom_logo_tablet_max_width":0,"ocean_custom_logo_mobile_max_width":0,"ocean_custom_logo_max_height":0,"ocean_custom_logo_tablet_max_height":0,"ocean_custom_logo_mobile_max_height":0,"ocean_header_custom_menu":"0","ocean_menu_typo_font_family":"0","ocean_menu_typo_font_subset":"","ocean_menu_typo_font_size":0,"ocean_menu_typo_font_size_tablet":0,"ocean_menu_typo_font_size_mobile":0,"ocean_menu_typo_font_size_unit":"px","ocean_menu_typo_font_weight":"","ocean_menu_typo_font_weight_tablet":"","ocean_menu_typo_font_weight_mobile":"","ocean_menu_typo_transform":"","ocean_menu_typo_transform_tablet":"","ocean_menu_typo_transform_mobile":"","ocean_menu_typo_line_height":0,"ocean_menu_typo_line_height_tablet":0,"ocean_menu_typo_line_height_mobile":0,"ocean_menu_typo_line_height_unit":"","ocean_menu_typo_spacing":0,"ocean_menu_typo_spacing_tablet":0,"ocean_menu_typo_spacing_mobile":0,"ocean_menu_typo_spacing_unit":"","ocean_menu_link_color":"","ocean_menu_link_color_hover":"","ocean_menu_link_color_active":"","ocean_menu_link_background":"","ocean_menu_link_hover_background":"","ocean_menu_link_active_background":"","ocean_menu_social_links_bg":"","ocean_menu_social_hover_links_bg":"","ocean_menu_social_links_color":"","ocean_menu_social_hover_links_color":"","ocean_disable_title":"default","ocean_disable_heading":"default","ocean_post_title":"","ocean_post_subheading":"","ocean_post_title_style":"","ocean_post_title_background_color":"","ocean_post_title_background":0,"ocean_post_title_bg_image_position":"","ocean_post_title_bg_image_attachment":"","ocean_post_title_bg_image_repeat":"","ocean_post_title_bg_image_size":"","ocean_post_title_height":0,"ocean_post_title_bg_overlay":0.5,"ocean_post_title_bg_overlay_color":"","ocean_disable_breadcrumbs":"default","ocean_breadcrumbs_color":"","ocean_breadcrumbs_separator_color":"","ocean_breadcrumbs_links_color":"","ocean_breadcrumbs_links_hover_color":"","ocean_display_footer_widgets":"default","ocean_display_footer_bottom":"default","ocean_custom_footer_template":"0","ofc_meta_disable_footer_callout":"","ofc_meta_callout_button_url":"","ofc_meta_callout_button_txt":"","ofc_meta_callout_text":"","ofc_enable_fullscreen":"disable","ofc_fullscreen_speed":0,"ofc_fullscreen_nav":"enable","ofc_fullscreen_nav_pos":"right","ofc_fullscreen_nav_color":"","ofc_fullscreen_nav_tooltip_color":"","ofc_fullscreen_responsive":0,"osh_disable_topbar_sticky":"default","osh_disable_header_sticky":"default","osh_sticky_header_style":"default","osh_sticky_header_effect":"","osh_custom_sticky_logo":0,"osh_custom_retina_sticky_logo":0,"osh_custom_sticky_logo_height":0,"osh_background_color":"","osh_links_color":"","osh_links_hover_color":"","osh_links_active_color":"","osh_links_bg_color":"","osh_links_hover_bg_color":"","osh_links_active_bg_color":"","osh_menu_social_links_color":"","osh_menu_social_hover_links_color":""},"product_brand":[],"product_cat":[80,301,341],"product_tag":[164,291,293,290,195,289,108,99,288,292],"class_list":{"0":"post-4546","1":"product","2":"type-product","3":"status-publish","4":"has-post-thumbnail","6":"product_cat-4-cylinder-engines","7":"product_cat-bmw-n42-n43-n46","8":"product_cat-supercharger-kits","9":"product_tag-316i","10":"product_tag-318i","11":"product_tag-318ti-supercharged","12":"product_tag-bmw-4-cylinder-supercharger-kit","13":"product_tag-bmw-m62-supercharger","14":"product_tag-eaton-m45-supercharger-kit","15":"product_tag-m45","16":"product_tag-m62","17":"product_tag-w-m-d-45","18":"product_tag-z4-supercharged","20":"entry","21":"has-media","23":"first","24":"instock","25":"featured","26":"taxable","27":"shipping-taxable","28":"purchasable","29":"product-type-simple","30":"has-product-nav","31":"col","32":"span_1_of_4","33":"owp-content-center","34":"owp-thumbs-layout-horizontal","35":"owp-btn-normal","36":"owp-tabs-layout-vertical"},"_links":{"self":[{"href":"https:\/\/hydemotorworks.com\/shop\/de\/wp-json\/wp\/v2\/product\/4546","targetHints":{"allow":["GET"]}}],"collection":[{"href":"https:\/\/hydemotorworks.com\/shop\/de\/wp-json\/wp\/v2\/product"}],"about":[{"href":"https:\/\/hydemotorworks.com\/shop\/de\/wp-json\/wp\/v2\/types\/product"}],"version-history":[{"count":23,"href":"https:\/\/hydemotorworks.com\/shop\/de\/wp-json\/wp\/v2\/product\/4546\/revisions"}],"predecessor-version":[{"id":7619,"href":"https:\/\/hydemotorworks.com\/shop\/de\/wp-json\/wp\/v2\/product\/4546\/revisions\/7619"}],"wp:featuredmedia":[{"embeddable":true,"href":"https:\/\/hydemotorworks.com\/shop\/de\/wp-json\/wp\/v2\/media\/6662"}],"wp:attachment":[{"href":"https:\/\/hydemotorworks.com\/shop\/de\/wp-json\/wp\/v2\/media?parent=4546"}],"wp:term":[{"taxonomy":"product_brand","embeddable":true,"href":"https:\/\/hydemotorworks.com\/shop\/de\/wp-json\/wp\/v2\/product_brand?post=4546"},{"taxonomy":"product_cat","embeddable":true,"href":"https:\/\/hydemotorworks.com\/shop\/de\/wp-json\/wp\/v2\/product_cat?post=4546"},{"taxonomy":"product_tag","embeddable":true,"href":"https:\/\/hydemotorworks.com\/shop\/de\/wp-json\/wp\/v2\/product_tag?post=4546"}],"curies":[{"name":"wp","href":"https:\/\/api.w.org\/{rel}","templated":true}]}}