{"id":4510,"date":"2024-03-24T17:22:40","date_gmt":"2024-03-24T17:22:40","guid":{"rendered":"https:\/\/hydemotorworks.com\/shop\/?post_type=product&#038;p=4510"},"modified":"2025-12-18T15:05:54","modified_gmt":"2025-12-18T15:05:54","slug":"brosk1","status":"publish","type":"product","link":"https:\/\/hydemotorworks.com\/shop\/de\/produkt\/brosk1\/","title":{"rendered":"B.R.O.S.K. 1 Kompressor Kit"},"content":{"rendered":"<h2><span style=\"text-decoration: underline; color: #13aff0;\"><strong>B.R.O.S.K. 1\u00a0 KOMPRESSOR KIT<\/strong><\/span><\/h2>\n<p>Das BMW Rotrex Kompressor Kit 1, kurz B.R.O.S.K. 1, wurde in D\u00e4nemark von Mas Schandorph von Mas Motorsport Wiring im Jahr 2022 entwickelt. Es erm\u00f6glicht einen bemerkenswerten Leistungszuwachs von bis zu 150% gegen\u00fcber dem Serienmotor und erreicht eine Leistung, die nur von unserem Flaggschiff M1 REV 2 erreicht werden kann. Diese Spitzenleistung ist auf den B.R.O.S.K. 1 zur\u00fcckzuf\u00fchren, auf Basis der unglaublich effizienten Rotrex Kompressoren. Das B.R.O.S.K. 1 Kompressor Kit ist f\u00fcr die BMW M50, M52, M54, S50, S52, S54 Motoren gebaut.<\/p>\n<p>Das B.R.O.S.K. 1 Kompressor-Kit ist ideal f\u00fcr Rennstreckenfahrzeuge und nutzt die werksseitige Position der Klimaanlage und des Riemenantriebs, was es Ihnen erm\u00f6glicht, alle serienm\u00e4\u00dfigen, riemengetriebenen Original-Zubeh\u00f6rteile des Motors wie die Lichtmaschine und die Servolenkung in ihrer urspr\u00fcnglichen Position zu erhalten.<\/p>\n<p><strong>Umfasst:<\/strong><\/p>\n<ul>\n<li><small>Kompletter Satz Halterungen<\/small><\/li>\n<li><small>Rotrex C30\/C38\/C38R Supercharger (If ordered separately with the kit)<\/small><\/li>\n<li><small>Pulley of Choice + Oil cooler + Oil kit + Hose kit + 1L of Rotrex Oil (If ordering a Rotrex C30\/C38\/C38R Supercharger separately with the kit)<br \/>\n<\/small><\/li>\n<li><small>Inlet and outlet silicone hoses &amp; pipes set for the Rotrex C30\/C38\/C38R Supercharger (Included)<br \/>\n<\/small><\/li>\n<li><small>Kundenspezifischer Riemenantrieb, 8 Rippen sekund\u00e4res Kurbelantriebsriemenrad <\/small><\/li>\n<li><small>Spann- und Umlenkrollen<\/small><\/li>\n<li><small>Kompletter Satz Befestigungselemente (Muttern, Schrauben und Abstandshalter)<\/small><\/li>\n<li><small>Ausf\u00fchrung in fein geb\u00fcrstetem Aluminium (Kompressor-Kit)<br \/>\n<\/small><\/li>\n<li><small>Gew\u00e4hrleistung von 24 Monaten auf die Verarbeitung <u>f\u00fcr die volle Nutzung der Rennstrecke*<\/u><\/small><\/li>\n<li><small>Kompressor-Garantie 12 Monate von Rotrex** (bei Kauf \u00fcber uns)<\/small><\/li>\n<\/ul>\n<p>&nbsp;<\/p>\n<p><strong>F\u00fcr BMW Modelle und Fahrzeuge mit 6-Zylinder BMW M50, M52, M54, S50, S52, S54 Motoren:<\/strong><\/p>\n<ul>\n<li><small>1990-1992 E34 520i<br \/>\n<\/small><\/li>\n<li><small>1991-1995 E36 320i<br \/>\n<\/small><\/li>\n<li><small>1992-1994 E36 320i<br \/>\n<\/small><\/li>\n<li><small>1992-1996 E34 520i<br \/>\n<\/small><\/li>\n<li><small>1993-1995 E36 325iA\/2.4<br \/>\n<\/small><\/li>\n<li><small>1992-1996 E34 525iA\/2.4<br \/>\n<\/small><\/li>\n<li><small>1990-1992 E34 525i, 525ix<br \/>\n<\/small><\/li>\n<li><small>1991-1992 E36 325i, 325is<br \/>\n<\/small><\/li>\n<li><small>1993-1995 E36 325i, 325is<br \/>\n<\/small><\/li>\n<li><small>1992-1996 E34 525i, 525ix<br \/>\n<\/small><\/li>\n<li><small>1992-1995 E36 M3<br \/>\n<\/small><\/li>\n<li><small>1994-1995 E36 M3<br \/>\n<\/small><\/li>\n<li><small>1995-1999 E36 M3<br \/>\n<\/small><\/li>\n<li><small>1996-2000 Z3 M Coupe and M Roadster<br \/>\n<\/small><\/li>\n<li><small>1994-1998 E36 320i<br \/>\n<\/small><\/li>\n<li><small>1995-1998 E39 520i<br \/>\n<\/small><\/li>\n<li><small>1998-2000 E46 320i, 320Ci<br \/>\n<\/small><\/li>\n<li><small>1998-2000 E39 520i<br \/>\n<\/small><\/li>\n<li><small>1999-2000 E36\/7 Z3 2.0i<br \/>\n<\/small><\/li>\n<li><small>1995-1998 E36 323i<br \/>\n<\/small><\/li>\n<li><small>1995-2000 E36\/5 323ti<br \/>\n<\/small><\/li>\n<li><small>1995-1998 E39 523i<br \/>\n<\/small><\/li>\n<li><small>1998-2000 E46 323i, 323Ci<br \/>\n<\/small><\/li>\n<li><small>1998-2000 E39 523i<br \/>\n<\/small><\/li>\n<li><small>1998-2000 E36\/7 Z3 2.3i<br \/>\n<\/small><\/li>\n<li><small>1995-1999 E36 328i, 328is<br \/>\n<\/small><\/li>\n<li><small>1995-1998 E39 528i<br \/>\n<\/small><\/li>\n<li><small>1995-1998 E38 728i, 728iL<br \/>\n<\/small><\/li>\n<li><small>1997-1998 E36\/7 Z3 2.8<br \/>\n<\/small><\/li>\n<li><small>1997-2000 Land Rover Defender<br \/>\n<\/small><\/li>\n<li><small>1998-2000 E46 328i, 328Ci<br \/>\n<\/small><\/li>\n<li><small>1998-2000 E36\/7\/8 Z3 2.8<br \/>\n<\/small><\/li>\n<li><small>1998-2000 E39 528i<br \/>\n<\/small><\/li>\n<li><small>1998-2000 E38 728i<br \/>\n<\/small><\/li>\n<li><small>1996-1999 E36 M3 (Canada and US only)<br \/>\n<\/small><\/li>\n<li><small>1998-2000 E36\/7\/8 Z3M<br \/>\n<\/small><\/li>\n<li><small>2000\u20132006 E46 320i, 320Ci<br \/>\n<\/small><\/li>\n<li><small>2000\u20132003 E39 520i<br \/>\n<\/small><\/li>\n<li><small>2000\u20132002 E36\/7 Z3 2.2i<br \/>\n<\/small><\/li>\n<li><small>2003\u20132005 E85 Z4 2.2i<br \/>\n<\/small><\/li>\n<li><small>2003\u20132005 E60\/E61 520i<br \/>\n<\/small><\/li>\n<li><small>2000\u20132002 E36\/7 Z3 2.5i<br \/>\n<\/small><\/li>\n<li><small>2000\u20132006 E46 325i, 325xi, 325Ci<br \/>\n<\/small><\/li>\n<li><small>2000\u20132004 E46\/5 325ti<br \/>\n<\/small><\/li>\n<li><small>2000\u20132004 E39 525i<br \/>\n<\/small><\/li>\n<li><small>2003\u20132005 E60\/E61 525i, 525xi<br \/>\n<\/small><\/li>\n<li><small>2003\u20132006 E83 X3 2.5i<br \/>\n<\/small><\/li>\n<li><small>2002\u20132005 E85 Z4 2.5i<br \/>\n<\/small><\/li>\n<li><small>2000\u20132006 E46 330i, 330xi, 330Ci<br \/>\n<\/small><\/li>\n<li><small>2000\u20132004 E39 530i<br \/>\n<\/small><\/li>\n<li><small>2000\u20132002 E36\/7 Z3 3.0i<br \/>\n<\/small><\/li>\n<li><small>2003\u20132005 E60 530i<br \/>\n<\/small><\/li>\n<li><small>2002\u20132005 E85 Z4 3.0i<br \/>\n<\/small><\/li>\n<li><small>2003\u20132006 E83 X3 3.0i<br \/>\n<\/small><\/li>\n<li><small>2000\u20132006 E53 X5 3.0i<br \/>\n<\/small><\/li>\n<li><small>2002\u20132005 E65\/E66 730i, 730Li<br \/>\n<\/small><\/li>\n<li><small>2000\u20132002 Wiesmann MF 30<br \/>\n<\/small><\/li>\n<li><small>2000\u20132006 E46 M3<br \/>\n<\/small><\/li>\n<li><small>2000\u20132002 E36\/7 Z3 M Roadster, E36\/8 M Coup\u00e9<br \/>\n<\/small><\/li>\n<li><small>2002\u20132011 Wiesmann MF 3 Roadster<br \/>\n<\/small><\/li>\n<li><small>2006\u20132008 E85 Z4 M Roadster, E86 Z4 M Coup\u00e9<br \/>\n<\/small><\/li>\n<li><small>2003 E46 M3 CSL<br \/>\n<\/small><\/li>\n<li><small>2009 Wiesmann MF 3 Roadster 20th Anniversary Edition<\/small><small><\/small><small><\/small><\/li>\n<\/ul>\n<p>&nbsp;<\/p>\n<p><span style=\"text-decoration: underline; color: #13aff0;\"><strong>Anmerkungen<\/strong><\/span><\/p>\n<ul>\n<li><em>Der Kompressor ist nicht im Kit enthalten, es sei denn, er wird mitbestellt. Wenn Sie den Kompressor als Paket mit unserem Kit kaufen, k\u00f6nnen Sie uns die Gr\u00f6\u00dfe der Riemenscheibe mitteilen, die Sie haben m\u00f6chten.  Wenn Sie ein bestehender Kunde sind, k\u00f6nnen Sie uns eine E-Mail schicken, um den Kompressor separat zu bestellen. Andernfalls empfehlen wir Ihnen, die angegebene Teilenummer f\u00fcr den Kompressor zu verwenden und den Kompressor vor Ort zu bestellen.<br \/>\n<\/em><\/li>\n<li><em>Um das volle Potential der gr\u00f6\u00dferen Rotrex Kompressoren zu nutzen, muss der Motor so gebaut sein, dass er einen hohen Ladedruck halten kann. Der Serienmotor sollte nicht \u00fcber 10PSI hinaus betrieben werden.<\/em><\/li>\n<li><em>Rotrex Kompressor kommt mit einer separaten 1-Jahres-Garantie, die von Rotrex** abgedeckt wird.<br \/>\n<\/em><\/li>\n<li><em>Beim B.R.O.S.K. 1 Supercharger Kit muss die Klimaanlage \/ AC Einheit entfernt werden.<\/em><\/li>\n<\/ul>\n<p>&nbsp;<\/p>\n<p><strong>Um die Installation eines der Setups abzuschlie\u00dfen, ben\u00f6tigen Sie au\u00dferdem die folgenden zus\u00e4tzlichen Teile:<\/strong><\/p>\n<ul>\n<li><small>Rotrex C30\/C38\/C38R Kompressor mit empfohlenem Zubeh\u00f6r (separat erh\u00e4ltlich mit Rotrex-basierten Kits, \u00fcberpr\u00fcfen Sie die technischen Spezifikationen f\u00fcr Teilenummern)<br \/>\n<\/small><\/li>\n<li><small>ein Ladeluftk\u00fchler-Kit mit Silikonrohren und Schlauchschellen (kann separat erworben werden)<\/small><\/li>\n<li><small><em><strong>on the M50, S50 Euro, M54 and S54 engines, you will be required to use the following parts from an M52 engine<\/strong><\/em>:<\/small><\/li>\n<li><em><small>M52 Crank Pulley Adapter BMW 11211726449<\/small><\/em><\/li>\n<li><em><small>M52 Crank Bolt BMW 11211720633<\/small><\/em><\/li>\n<li><em><small>M52 Spacer BMW 11231288660<\/small><\/em><\/li>\n<li><small>Unterdruckschlauch<br \/>\n<\/small><\/li>\n<li><small>einen Luftfilter mit hohem Durchsatz<br \/>\n<\/small><\/li>\n<li><small>eine Ladedruckanzeige<br \/>\n<\/small><\/li>\n<li><small>ein Umgehungsventil mit R\u00fcckf\u00fchrung und<br \/>\n<\/small><\/li>\n<li><small>das passende Tuning<\/small><small><small><\/small><\/small><\/li>\n<\/ul>\n<p>&nbsp;<\/p>\n<p>Bitte konsultieren Sie die <span style=\"color: #13aff0;\"><a style=\"color: #13aff0;\" href=\"https:\/\/hydemotorworks.com\/installation-guides\/\">Installationsanleitung<\/a><\/span> f\u00fcr weitere Informationen.<\/p>\n<p><em><strong>F\u00fcr das Tuning<\/strong>empfehlen wir die Verwendung einer unserer ausgew\u00e4hlten <span style=\"color: #13aff0;\"><a style=\"color: #13aff0;\" href=\"https:\/\/hydemotorworks.com\/tag\/official-tuner\/\">Tuning Partner<\/a><\/span>.<\/em><br \/>\n<em>In unserem Shop k\u00f6nnen Tuning-Pakete auch erworben werden.<\/em><\/p>\n<p class=\"responsive-video-wrap clr\"><iframe title=\"B.R.O.S.K. -1 | BMW Rotrex Supercharger Kit\" width=\"1200\" height=\"675\" src=\"https:\/\/www.youtube.com\/embed\/Zt5vsbvtSxU?feature=oembed\" frameborder=\"0\" allow=\"accelerometer; autoplay; clipboard-write; encrypted-media; gyroscope; picture-in-picture; web-share\" referrerpolicy=\"strict-origin-when-cross-origin\" allowfullscreen><\/iframe><\/p>\n<p><a href=\"https:\/\/hydemotorworks.com\/shop\/wp-content\/uploads\/2024\/03\/C30-BMW-M54B30-Rotrex-.jpg\"><img fetchpriority=\"high\" decoding=\"async\" class=\"wp-image-4529 size-full aligncenter\" src=\"https:\/\/hydemotorworks.com\/shop\/wp-content\/uploads\/2024\/03\/C30-BMW-M54B30-Rotrex-.jpg\" alt=\"\" width=\"1024\" height=\"559\" srcset=\"https:\/\/hydemotorworks.com\/shop\/wp-content\/uploads\/2024\/03\/C30-BMW-M54B30-Rotrex-.jpg 1024w, https:\/\/hydemotorworks.com\/shop\/wp-content\/uploads\/2024\/03\/C30-BMW-M54B30-Rotrex--504x275.jpg 504w, https:\/\/hydemotorworks.com\/shop\/wp-content\/uploads\/2024\/03\/C30-BMW-M54B30-Rotrex--300x164.jpg 300w, https:\/\/hydemotorworks.com\/shop\/wp-content\/uploads\/2024\/03\/C30-BMW-M54B30-Rotrex--768x419.jpg 768w, https:\/\/hydemotorworks.com\/shop\/wp-content\/uploads\/2024\/03\/C30-BMW-M54B30-Rotrex--18x10.jpg 18w\" sizes=\"(max-width: 1024px) 100vw, 1024px\" \/><\/a><\/p>\n<p>Bitte informieren Sie sich im <a href=\"https:\/\/hydemotorworks.com\/shop\/product-finder\/\"><strong><span style=\"color: #13aff0;\">Produkt Finder<\/span><\/strong><\/a> \u00fcber alle in unserem Shop verf\u00fcgbaren Teile, die f\u00fcr diesen Aufbau erforderlich sind.<br \/>\nFor more information on the B.R.O.S.K. 1 Supercharger Kit, please check the overview on <span style=\"color: #13aff0;\"><strong><a style=\"color: #13aff0;\" href=\"https:\/\/hydemotorworks.com\/products-and-supercharger-setups\/\">PRODUKTE<\/a><\/strong><\/span> Seiten.<\/p>","protected":false},"excerpt":{"rendered":"<p><strong>Durchschnittliche Leistungskurve: 380 - 500 PS\u2660 <\/strong><br \/>\n<small>(Weitere Informationen finden Sie in den nachstehenden Leistungsbeschreibungen)<\/small><\/p>\n<p>Der B.R.O.S.K. 1 wurde f\u00fcr die Rennstrecke gebaut. Dieses leichtgewichtige Kompressorkit ist aus Aluminium in Flugzeugqualit\u00e4t CNC-gefr\u00e4st und f\u00fcr die 6-Zylinder BMW M50, M52, M54, S50, S52 &amp; S54 Motoren konzipiert. Das Kit selbst kann entweder einen Rotrex C30 \/ C38 \/ C38R unterst\u00fctzen, die zusammen mit dem erforderlichen Zubeh\u00f6r verkauft werden.<\/p>\n<p>Dieses Kompressorsystem unterst\u00fctzt eine breite Palette von klassischen und neumodernen BMW-Modellen, wie z.B. die Modelle BMW E34, E36, E38, E39, E46, E83 X3, E85, E53 X5, E60, E61, E65, E66, Z3, Z4 sowie Wiesmann MF 30 (2000- 2002) und 1997-2000 Land Rover Defender (1997 - 2000).<\/p>\n<p><small>Full B.R.O.S.K. 1 Supercharger Kit. No Supercharger Included.<br \/>\nThe Supercharger units as well as Intercooler &amp; Silicone hose kit are sold separately<\/small><\/p>\n<p><small>In Stock, Ready to Ship.<\/small><\/p>","protected":false},"featured_media":6756,"template":"","meta":{"kia_subtitle":"Rotrex C30 & C38 Supercharger","ocean_post_layout":"","ocean_both_sidebars_style":"","ocean_both_sidebars_content_width":0,"ocean_both_sidebars_sidebars_width":0,"ocean_sidebar":"0","ocean_second_sidebar":"0","ocean_disable_margins":"enable","ocean_add_body_class":"","ocean_shortcode_before_top_bar":"","ocean_shortcode_after_top_bar":"","ocean_shortcode_before_header":"","ocean_shortcode_after_header":"","ocean_has_shortcode":"","ocean_shortcode_after_title":"","ocean_shortcode_before_footer_widgets":"","ocean_shortcode_after_footer_widgets":"","ocean_shortcode_before_footer_bottom":"","ocean_shortcode_after_footer_bottom":"","ocean_display_top_bar":"default","ocean_display_header":"default","ocean_header_style":"","ocean_center_header_left_menu":"0","ocean_custom_header_template":"0","ocean_custom_logo":0,"ocean_custom_retina_logo":0,"ocean_custom_logo_max_width":0,"ocean_custom_logo_tablet_max_width":0,"ocean_custom_logo_mobile_max_width":0,"ocean_custom_logo_max_height":0,"ocean_custom_logo_tablet_max_height":0,"ocean_custom_logo_mobile_max_height":0,"ocean_header_custom_menu":"0","ocean_menu_typo_font_family":"0","ocean_menu_typo_font_subset":"","ocean_menu_typo_font_size":0,"ocean_menu_typo_font_size_tablet":0,"ocean_menu_typo_font_size_mobile":0,"ocean_menu_typo_font_size_unit":"px","ocean_menu_typo_font_weight":"","ocean_menu_typo_font_weight_tablet":"","ocean_menu_typo_font_weight_mobile":"","ocean_menu_typo_transform":"","ocean_menu_typo_transform_tablet":"","ocean_menu_typo_transform_mobile":"","ocean_menu_typo_line_height":0,"ocean_menu_typo_line_height_tablet":0,"ocean_menu_typo_line_height_mobile":0,"ocean_menu_typo_line_height_unit":"","ocean_menu_typo_spacing":0,"ocean_menu_typo_spacing_tablet":0,"ocean_menu_typo_spacing_mobile":0,"ocean_menu_typo_spacing_unit":"","ocean_menu_link_color":"","ocean_menu_link_color_hover":"","ocean_menu_link_color_active":"","ocean_menu_link_background":"","ocean_menu_link_hover_background":"","ocean_menu_link_active_background":"","ocean_menu_social_links_bg":"","ocean_menu_social_hover_links_bg":"","ocean_menu_social_links_color":"","ocean_menu_social_hover_links_color":"","ocean_disable_title":"default","ocean_disable_heading":"default","ocean_post_title":"","ocean_post_subheading":"","ocean_post_title_style":"","ocean_post_title_background_color":"","ocean_post_title_background":0,"ocean_post_title_bg_image_position":"","ocean_post_title_bg_image_attachment":"","ocean_post_title_bg_image_repeat":"","ocean_post_title_bg_image_size":"","ocean_post_title_height":0,"ocean_post_title_bg_overlay":0.5,"ocean_post_title_bg_overlay_color":"","ocean_disable_breadcrumbs":"default","ocean_breadcrumbs_color":"","ocean_breadcrumbs_separator_color":"","ocean_breadcrumbs_links_color":"","ocean_breadcrumbs_links_hover_color":"","ocean_display_footer_widgets":"default","ocean_display_footer_bottom":"default","ocean_custom_footer_template":"0","ofc_meta_disable_footer_callout":"","ofc_meta_callout_button_url":"","ofc_meta_callout_button_txt":"","ofc_meta_callout_text":"","ofc_enable_fullscreen":"disable","ofc_fullscreen_speed":0,"ofc_fullscreen_nav":"enable","ofc_fullscreen_nav_pos":"right","ofc_fullscreen_nav_color":"","ofc_fullscreen_nav_tooltip_color":"","ofc_fullscreen_responsive":0,"osh_disable_topbar_sticky":"default","osh_disable_header_sticky":"default","osh_sticky_header_style":"default","osh_sticky_header_effect":"","osh_custom_sticky_logo":0,"osh_custom_retina_sticky_logo":0,"osh_custom_sticky_logo_height":0,"osh_background_color":"","osh_links_color":"","osh_links_hover_color":"","osh_links_active_color":"","osh_links_bg_color":"","osh_links_hover_bg_color":"","osh_links_active_bg_color":"","osh_menu_social_links_color":"","osh_menu_social_hover_links_color":""},"product_brand":[],"product_cat":[79,294,341],"product_tag":[297,268,260,279,264,280,281,282,271,272,273,274,275,276,265,277,262,278,263,269,270,284,283,285,248,296,300,299,298,267,266,295],"class_list":{"0":"post-4510","1":"product","2":"type-product","3":"status-publish","4":"has-post-thumbnail","6":"product_cat-6-cylinder-engines","7":"product_cat-bmw-m50-m52-m54-s50-s52-s54","8":"product_cat-supercharger-kits","9":"product_tag-ac-delete-supercharger","10":"product_tag-bmw-e90","11":"product_tag-bmw-n52-supercharged","12":"product_tag-e60","13":"product_tag-e60-supercharged","14":"product_tag-e61","15":"product_tag-e63","16":"product_tag-e64","17":"product_tag-e82","18":"product_tag-e83","19":"product_tag-e84","20":"product_tag-e85","21":"product_tag-e86","22":"product_tag-e87","23":"product_tag-e87-supercharged","24":"product_tag-e88","25":"product_tag-e88-supercharged","26":"product_tag-e89","27":"product_tag-e90-supercharged","28":"product_tag-e91","29":"product_tag-e93","30":"product_tag-f01","31":"product_tag-f10","32":"product_tag-f25","33":"product_tag-kompressor","34":"product_tag-m52-supercharger-kit","35":"product_tag-mas-motorsport-wiring","36":"product_tag-mas-schandorph","37":"product_tag-mmw","38":"product_tag-rotrex-bmw-supercharger-kit","39":"product_tag-supercharger-kit","40":"product_tag-track-ready-supercharger-kit","42":"entry","43":"has-media","45":"first","46":"instock","47":"taxable","48":"shipping-taxable","49":"purchasable","50":"product-type-simple","51":"has-product-nav","52":"col","53":"span_1_of_4","54":"owp-content-center","55":"owp-thumbs-layout-horizontal","56":"owp-btn-normal","57":"owp-tabs-layout-vertical"},"_links":{"self":[{"href":"https:\/\/hydemotorworks.com\/shop\/de\/wp-json\/wp\/v2\/product\/4510","targetHints":{"allow":["GET"]}}],"collection":[{"href":"https:\/\/hydemotorworks.com\/shop\/de\/wp-json\/wp\/v2\/product"}],"about":[{"href":"https:\/\/hydemotorworks.com\/shop\/de\/wp-json\/wp\/v2\/types\/product"}],"version-history":[{"count":33,"href":"https:\/\/hydemotorworks.com\/shop\/de\/wp-json\/wp\/v2\/product\/4510\/revisions"}],"predecessor-version":[{"id":4545,"href":"https:\/\/hydemotorworks.com\/shop\/de\/wp-json\/wp\/v2\/product\/4510\/revisions\/4545"}],"wp:featuredmedia":[{"embeddable":true,"href":"https:\/\/hydemotorworks.com\/shop\/de\/wp-json\/wp\/v2\/media\/6756"}],"wp:attachment":[{"href":"https:\/\/hydemotorworks.com\/shop\/de\/wp-json\/wp\/v2\/media?parent=4510"}],"wp:term":[{"taxonomy":"product_brand","embeddable":true,"href":"https:\/\/hydemotorworks.com\/shop\/de\/wp-json\/wp\/v2\/product_brand?post=4510"},{"taxonomy":"product_cat","embeddable":true,"href":"https:\/\/hydemotorworks.com\/shop\/de\/wp-json\/wp\/v2\/product_cat?post=4510"},{"taxonomy":"product_tag","embeddable":true,"href":"https:\/\/hydemotorworks.com\/shop\/de\/wp-json\/wp\/v2\/product_tag?post=4510"}],"curies":[{"name":"wp","href":"https:\/\/api.w.org\/{rel}","templated":true}]}}