{"id":4486,"date":"2024-03-24T11:22:53","date_gmt":"2024-03-24T11:22:53","guid":{"rendered":"https:\/\/hydemotorworks.com\/shop\/?post_type=product&#038;p=4486"},"modified":"2026-03-31T08:28:00","modified_gmt":"2026-03-31T08:28:00","slug":"wmd45","status":"publish","type":"product","link":"https:\/\/hydemotorworks.com\/shop\/de\/produkt\/wmd45\/","title":{"rendered":"W.M.D. 45 Supercharger Kit"},"content":{"rendered":"<h2><span style=\"text-decoration: underline; color: #13aff0;\"><strong>W.M.D. 45 SUPERCHARGER KIT<\/strong><\/span><\/h2>\n<p>The W.M.D. 45 stands for Werner Mayerhofer Designs. Originally designed in Ireland between 2021 &#8211; 2022,\u00a0 this Supercharger Kit is designed to be used on the BMW 4 Cylinder M44 Engine with support for the M42 and M43. With full air to air intercooling support, this kit is capable of pushing the stock engine to its safe limits.<\/p>\n<p>This setup comes with its own custom crank pulley, tensioner and independent belt drive which allows you to preserve all the original stock belt driven engine accessories as the alternator, power steering, air conditioner, all in their original position.<\/p>\n<p><strong>Umfasst:<\/strong><\/p>\n<ul>\n<li><small>Kompletter Satz Halterungen<\/small><\/li>\n<li><small>Supercharger Discharge Pan with Inlet and Outlet manifolds for the M45 Supercharger<\/small><\/li>\n<li><small>Custom Drive Pulley (Replaces Power Steering pulley eliminates need to use a second pulley &#8211; included in orders from summer 2025 onwards)<\/small><\/li>\n<li><small>Gates T38311 Belt Tensioner System with Independent Belt Drive <small>(Included with orders from summer 2025 onwards)<\/small><br \/>\n<\/small><\/li>\n<li><small>Idler Pulley<\/small><\/li>\n<li><small>Proper Gaskets &#8211; <small>(Included with orders from summer 2025 onwards)<\/small><br \/>\n<\/small><\/li>\n<li><small>Kompletter Satz Befestigungselemente (Muttern, Schrauben und Abstandshalter)<\/small><\/li>\n<li><small>Finished in Powder Coated Raceway Red colour (Supercharger Kit)<br \/>\n<\/small><\/li>\n<li><small>Gew\u00e4hrleistung von 36 Monaten auf die Verarbeitung**<\/small><\/li>\n<\/ul>\n<p>&nbsp;<\/p>\n<p><strong>Supported BMW models &amp; cars due to using 4-cylinder BMW M42, M43 &amp; M44 engines:<\/strong><\/p>\n<ul>\n<li><small>1989\u20131991 E30 318is<br \/>\n<\/small><\/li>\n<li><small>1990\u20131992 E30 318i<br \/>\n<\/small><\/li>\n<li><small>1992\u20131995 E36 318i<br \/>\n<\/small><\/li>\n<li><small>1991\u20131995 E36 318is<br \/>\n<\/small><\/li>\n<li><small>1994\u20131995 E36 318ti<br \/>\n<\/small><\/li>\n<li><small>1996-2000 E36 318i, 318is and 318ti<br \/>\n<\/small><\/li>\n<li><small>1996-1999 Z3 1.9<br \/>\n<\/small><\/li>\n<li><small>1992-1998 E36 318i<br \/>\n<\/small><\/li>\n<li><small>1994-1996 E34 518i<br \/>\n<\/small><\/li>\n<li><small>1995-1996 E34 518g Touring<br \/>\n<\/small><\/li>\n<li><small>1995-2001 Z3 1.8<br \/>\n<\/small><\/li>\n<li><small>1999-2001 E36 316i Compact<br \/>\n<\/small><\/li>\n<li><small>1999-2002 E46 316i<br \/>\n<\/small><\/li>\n<li><small>1998-2001 E46 318i\/318Ci<br \/>\n<\/small><\/li>\n<li><small>1999 -2002 Z3 1.9<\/small><small><\/small><\/li>\n<\/ul>\n<p>&nbsp;<\/p>\n<p><span style=\"text-decoration: underline; color: #13aff0;\"><strong>Anmerkungen<\/strong><\/span><\/p>\n<ul>\n<li><em>The Supercharger is not included in the kit and you are advised to use the given part number for the supercharger and order the supercharger locally.<\/em><\/li>\n<li><em>Stock M45 pulley will limit the boost to 8PSI with an air to air intercooler, For 12+ PSI you will have to rebuild the M45 Supercharger with new bearings and use any available <a href=\"https:\/\/hydemotorworks.com\/shop\/product-category\/accessories\/pulleys\/\">Hyde Motor Works Overdrive Riemenscheibe, verwenden<\/a> made for the M45 Supercharger. <\/em><\/li>\n<li><em>On the older M42\/M43 Engines with the V Belt drive system, you must upgrade to the newer Micro V belt system from the newer M42\/M43\/M44 engines. Having the M44 Manifold is recommended for best fitment. <\/em><\/li>\n<li>On E30 you may have hood clearance issues, this is resolved by either lowering the engine or raising the bonnet.**<\/li>\n<li><em>Currently the kit supports only the Eaton M45 Supercharger, future support will be added for the Eaton M62. *<\/em><\/li>\n<\/ul>\n<p>&nbsp;<\/p>\n<p><strong>Um die Installation eines der Setups abzuschlie\u00dfen, ben\u00f6tigen Sie au\u00dferdem die folgenden zus\u00e4tzlichen Teile:<\/strong><\/p>\n<ul>\n<li><small>Eaton M45 Supercharger (Mercedes variant only, check the technical specifications for part numbers)<br \/>\n<\/small><\/li>\n<li><small>ein Ladeluftk\u00fchler-Kit mit Silikonrohren und Schlauchschellen (kann separat erworben werden)<br \/>\n<\/small><\/li>\n<li><small>Unterdruckschlauch<br \/>\n<\/small><\/li>\n<li><small>einen Luftfilter mit hohem Durchsatz<br \/>\n<\/small><\/li>\n<li><small>eine Ladedruckanzeige<br \/>\n<\/small><\/li>\n<li><small>ein Umgehungsventil mit R\u00fcckf\u00fchrung und<br \/>\n<\/small><\/li>\n<li><small>das passende Tuning<\/small><small><small><\/small><\/small><\/li>\n<\/ul>\n<p>&nbsp;<\/p>\n<p>Bitte konsultieren Sie die <a href=\"https:\/\/hydemotorworks.com\/installation-guides\/\">Installationsanleitung<\/a> f\u00fcr weitere Informationen.<\/p>\n<p><em><strong>F\u00fcr das Tuning<\/strong>empfehlen wir die Verwendung einer unserer ausgew\u00e4hlten <a href=\"https:\/\/hydemotorworks.com\/tag\/official-tuner\/\">Tuning Partner<\/a>.<\/em><br \/>\n<em>In unserem Shop k\u00f6nnen Tuning-Pakete auch erworben werden.<\/em><\/p>\n<p class=\"responsive-video-wrap clr\"><iframe title=\"W.M.D. 45 | 4 Cylinder BMW Supercharger Kit | M42, M43, M44 #shorts  #supercharged #bmw #automobile\" width=\"563\" height=\"1000\" src=\"https:\/\/www.youtube.com\/embed\/Imazj81hv20?feature=oembed\" frameborder=\"0\" allow=\"accelerometer; autoplay; clipboard-write; encrypted-media; gyroscope; picture-in-picture; web-share\" referrerpolicy=\"strict-origin-when-cross-origin\" allowfullscreen><\/iframe><\/p>\n<p>Bitte informieren Sie sich im <a href=\"https:\/\/hydemotorworks.com\/shop\/product-finder\/\"><strong>Produkt Finder<\/strong><\/a> \u00fcber alle in unserem Shop verf\u00fcgbaren Teile, die f\u00fcr diesen Aufbau erforderlich sind.<br \/>\nFor more information on the W.M.D. 45 Supercharger Kit please check the overview on <strong><a href=\"https:\/\/hydemotorworks.com\/products-and-supercharger-setups\/\">PRODUKTE<\/a><\/strong> Seiten.<\/p>","protected":false},"excerpt":{"rendered":"<p><strong>Average power curve: 250 \u2013 310 HP\u2660 <\/strong><br \/>\n<small>(Weitere Informationen finden Sie in den nachstehenden Leistungsbeschreibungen)<\/small><\/p>\n<p>The W.M.D. 45 Supercharger Kit is designed around the Mercedes based Eaton M45 supercharger for the 4-cylinder BMW M42, M43 and M44 Engines, capable of pushing these engines far beyond the S42B20 Race Engine used in the German Super Tourenwagen Cup in the early 90&#8217;s!<\/p>\n<p>This supercharger system supports a wide range of classic BMW models such as the E30**, E36, E46, Ti &amp; Z3 models.<br \/>\n<strong><br \/>\n<small>Out of Stock till March.<\/small><\/strong><\/p>","protected":false},"featured_media":4488,"template":"","meta":{"kia_subtitle":"M45 Supercharger","ocean_post_layout":"","ocean_both_sidebars_style":"","ocean_both_sidebars_content_width":0,"ocean_both_sidebars_sidebars_width":0,"ocean_sidebar":"0","ocean_second_sidebar":"0","ocean_disable_margins":"enable","ocean_add_body_class":"","ocean_shortcode_before_top_bar":"","ocean_shortcode_after_top_bar":"","ocean_shortcode_before_header":"","ocean_shortcode_after_header":"","ocean_has_shortcode":"","ocean_shortcode_after_title":"","ocean_shortcode_before_footer_widgets":"","ocean_shortcode_after_footer_widgets":"","ocean_shortcode_before_footer_bottom":"","ocean_shortcode_after_footer_bottom":"","ocean_display_top_bar":"default","ocean_display_header":"default","ocean_header_style":"","ocean_center_header_left_menu":"0","ocean_custom_header_template":"0","ocean_custom_logo":0,"ocean_custom_retina_logo":0,"ocean_custom_logo_max_width":0,"ocean_custom_logo_tablet_max_width":0,"ocean_custom_logo_mobile_max_width":0,"ocean_custom_logo_max_height":0,"ocean_custom_logo_tablet_max_height":0,"ocean_custom_logo_mobile_max_height":0,"ocean_header_custom_menu":"0","ocean_menu_typo_font_family":"0","ocean_menu_typo_font_subset":"","ocean_menu_typo_font_size":0,"ocean_menu_typo_font_size_tablet":0,"ocean_menu_typo_font_size_mobile":0,"ocean_menu_typo_font_size_unit":"px","ocean_menu_typo_font_weight":"","ocean_menu_typo_font_weight_tablet":"","ocean_menu_typo_font_weight_mobile":"","ocean_menu_typo_transform":"","ocean_menu_typo_transform_tablet":"","ocean_menu_typo_transform_mobile":"","ocean_menu_typo_line_height":0,"ocean_menu_typo_line_height_tablet":0,"ocean_menu_typo_line_height_mobile":0,"ocean_menu_typo_line_height_unit":"","ocean_menu_typo_spacing":0,"ocean_menu_typo_spacing_tablet":0,"ocean_menu_typo_spacing_mobile":0,"ocean_menu_typo_spacing_unit":"","ocean_menu_link_color":"","ocean_menu_link_color_hover":"","ocean_menu_link_color_active":"","ocean_menu_link_background":"","ocean_menu_link_hover_background":"","ocean_menu_link_active_background":"","ocean_menu_social_links_bg":"","ocean_menu_social_hover_links_bg":"","ocean_menu_social_links_color":"","ocean_menu_social_hover_links_color":"","ocean_disable_title":"default","ocean_disable_heading":"default","ocean_post_title":"","ocean_post_subheading":"","ocean_post_title_style":"","ocean_post_title_background_color":"","ocean_post_title_background":0,"ocean_post_title_bg_image_position":"","ocean_post_title_bg_image_attachment":"","ocean_post_title_bg_image_repeat":"","ocean_post_title_bg_image_size":"","ocean_post_title_height":0,"ocean_post_title_bg_overlay":0.5,"ocean_post_title_bg_overlay_color":"","ocean_disable_breadcrumbs":"default","ocean_breadcrumbs_color":"","ocean_breadcrumbs_separator_color":"","ocean_breadcrumbs_links_color":"","ocean_breadcrumbs_links_hover_color":"","ocean_display_footer_widgets":"default","ocean_display_footer_bottom":"default","ocean_custom_footer_template":"0","ofc_meta_disable_footer_callout":"","ofc_meta_callout_button_url":"","ofc_meta_callout_button_txt":"","ofc_meta_callout_text":"","ofc_enable_fullscreen":"disable","ofc_fullscreen_speed":0,"ofc_fullscreen_nav":"enable","ofc_fullscreen_nav_pos":"right","ofc_fullscreen_nav_color":"","ofc_fullscreen_nav_tooltip_color":"","ofc_fullscreen_responsive":0,"osh_disable_topbar_sticky":"default","osh_disable_header_sticky":"default","osh_sticky_header_style":"default","osh_sticky_header_effect":"","osh_custom_sticky_logo":0,"osh_custom_retina_sticky_logo":0,"osh_custom_sticky_logo_height":0,"osh_background_color":"","osh_links_color":"","osh_links_hover_color":"","osh_links_active_color":"","osh_links_bg_color":"","osh_links_hover_bg_color":"","osh_links_active_bg_color":"","osh_menu_social_links_color":"","osh_menu_social_hover_links_color":""},"product_brand":[],"product_cat":[80,287,341],"product_tag":[164,291,293,290,195,289,108,99,288,292],"class_list":{"0":"post-4486","1":"product","2":"type-product","3":"status-publish","4":"has-post-thumbnail","6":"product_cat-4-cylinder-engines","7":"product_cat-m42-m43-m44-engines","8":"product_cat-supercharger-kits","9":"product_tag-316i","10":"product_tag-318i","11":"product_tag-318ti-supercharged","12":"product_tag-bmw-4-cylinder-supercharger-kit","13":"product_tag-bmw-m62-supercharger","14":"product_tag-eaton-m45-supercharger-kit","15":"product_tag-m45","16":"product_tag-m62","17":"product_tag-w-m-d-45","18":"product_tag-z4-supercharged","20":"entry","21":"has-media","23":"first","24":"onbackorder","25":"featured","26":"taxable","27":"shipping-taxable","28":"purchasable","29":"product-type-simple","30":"has-product-nav","31":"col","32":"span_1_of_4","33":"owp-content-center","34":"owp-thumbs-layout-horizontal","35":"owp-btn-normal","36":"owp-tabs-layout-vertical"},"_links":{"self":[{"href":"https:\/\/hydemotorworks.com\/shop\/de\/wp-json\/wp\/v2\/product\/4486","targetHints":{"allow":["GET"]}}],"collection":[{"href":"https:\/\/hydemotorworks.com\/shop\/de\/wp-json\/wp\/v2\/product"}],"about":[{"href":"https:\/\/hydemotorworks.com\/shop\/de\/wp-json\/wp\/v2\/types\/product"}],"version-history":[{"count":36,"href":"https:\/\/hydemotorworks.com\/shop\/de\/wp-json\/wp\/v2\/product\/4486\/revisions"}],"predecessor-version":[{"id":8228,"href":"https:\/\/hydemotorworks.com\/shop\/de\/wp-json\/wp\/v2\/product\/4486\/revisions\/8228"}],"wp:featuredmedia":[{"embeddable":true,"href":"https:\/\/hydemotorworks.com\/shop\/de\/wp-json\/wp\/v2\/media\/4488"}],"wp:attachment":[{"href":"https:\/\/hydemotorworks.com\/shop\/de\/wp-json\/wp\/v2\/media?parent=4486"}],"wp:term":[{"taxonomy":"product_brand","embeddable":true,"href":"https:\/\/hydemotorworks.com\/shop\/de\/wp-json\/wp\/v2\/product_brand?post=4486"},{"taxonomy":"product_cat","embeddable":true,"href":"https:\/\/hydemotorworks.com\/shop\/de\/wp-json\/wp\/v2\/product_cat?post=4486"},{"taxonomy":"product_tag","embeddable":true,"href":"https:\/\/hydemotorworks.com\/shop\/de\/wp-json\/wp\/v2\/product_tag?post=4486"}],"curies":[{"name":"wp","href":"https:\/\/api.w.org\/{rel}","templated":true}]}}