{"id":4440,"date":"2024-03-23T15:14:46","date_gmt":"2024-03-23T15:14:46","guid":{"rendered":"https:\/\/hydemotorworks.com\/shop\/?post_type=product&#038;p=4440"},"modified":"2026-03-23T12:39:09","modified_gmt":"2026-03-23T12:39:09","slug":"nebraska-r1","status":"publish","type":"product","link":"https:\/\/hydemotorworks.com\/shop\/de\/produkt\/nebraska-r1\/","title":{"rendered":"NEBRASKA R1 Kompressor Kit"},"content":{"rendered":"<h2><span style=\"text-decoration: underline; color: #13aff0;\"><strong>NEBRASKA R1 KOMPRESSOR KIT<\/strong><\/span><\/h2>\n<p>Entwickelt von K.C. Design Concepts und basierend auf den unglaublich effizienten Rotrex Kompressoren, ist das Nebraska R1 Supercharger Kit f\u00fcr die BMW N51, N52 &amp; N53 Motoren gebaut.<\/p>\n<p>Das Nebraska N1 Kompressor Kit nutzt den werksseitigen Riemenantrieb, der es Ihnen erm\u00f6glicht, alle serienm\u00e4\u00dfigen, riemengetriebenen Motorzubeh\u00f6rteile wie die Lichtmaschine, die Servolenkung und die Klimaanlage in ihrer urspr\u00fcnglichen Position zu belassen.<\/p>\n<p><strong>Umfasst:<\/strong><\/p>\n<ul>\n<li><small>Kompletter Satz Halterungen<\/small><\/li>\n<li><small>Rotrex C30\/C38\/C38R Supercharger (<strong>If ordered separately with the kit<\/strong>)<\/small><\/li>\n<li><small>Pulley of Choice + Oil cooler + Oil kit + Hose kit + 1L of Rotrex Oil (<strong>If ordering a Rotrex C38\/C38R Supercharger separately with the kit<\/strong>)<br \/>\n<\/small><\/li>\n<li><small>Inlet and outlet silicone hoses &amp; pipes set for the Rotrex Supercharger<br \/>\n<\/small><\/li>\n<li><small>Kundenspezifischer Riemenantrieb<\/small><\/li>\n<li><small>Kompletter Satz Befestigungselemente (Muttern, Schrauben und Abstandshalter)<\/small><\/li>\n<li><small>Pulverbeschichtet in Retro-Bronze (\u201eKompressor-Kit\u201c)<br \/>\n<\/small><\/li>\n<li><small>Garantierte 24 Monate Handwerksgarantie*<\/small><\/li>\n<li><small>Kompressor-Garantie 12 Monate von Rotrex* (bei Kauf \u00fcber uns)<\/small><\/li>\n<\/ul>\n<p>&nbsp;<\/p>\n<p><strong>Supported BMW models &amp; cars due to using 6-cylinder BMW N51, N52 &amp; N53 engines:<\/strong><\/p>\n<ul>\n<li><small>2006 E90 323i<br \/>\n<\/small><\/li>\n<li><small>2004-2007 E60\/E61 523i<br \/>\n<\/small><\/li>\n<li><small>2006-2008 E85 Z4 2.5i<br \/>\n<\/small><\/li>\n<li><small>2007-2011 E90 323i<br \/>\n<\/small><\/li>\n<li><small>2010-2011 F10 523i<br \/>\n<\/small><\/li>\n<li><small>2009-2011 E89 Z4 sDrive23i<br \/>\n<\/small><\/li>\n<li><small>2005-2010 E83 X3 2.5si, xDrive25i<br \/>\n<\/small><\/li>\n<li><small>2005-2010 E60\/E61 525i, 525xi<br \/>\n<\/small><\/li>\n<li><small>2004-2013 E90\/E91\/E92\/E93 325i, 325xi<br \/>\n<\/small><\/li>\n<li><small>2005-2008 E85 Z4 2.5si<br \/>\n<\/small><\/li>\n<li><small>2006-2007 E90\/E92\/E93 325i, 325xi<br \/>\n<\/small><\/li>\n<li><small>2006-2007 E60\/E61 525i, 525xi<br \/>\n<\/small><\/li>\n<li><small>2006-2008 E85 Z4 3.0i<br \/>\n<\/small><\/li>\n<li><small>2008-2011 E82\/E88 125i<br \/>\n<\/small><\/li>\n<li><small>2008-2010 E60\/E61 528i, 528xi<br \/>\n<\/small><\/li>\n<li><small>2009-2010 E84 X1 xDrive25i<br \/>\n<\/small><\/li>\n<li><small>2007-2013 E90\/E91\/E92\/E93 328i, 328xi<br \/>\n<\/small><\/li>\n<li><small>2008-2013 E82\/E88 128i<br \/>\n<\/small><\/li>\n<li><small>2010-2011 F10 528i<br \/>\n<\/small><\/li>\n<li><small>2004-2007 E63\/E64 630i<br \/>\n<\/small><\/li>\n<li><small>2005-2007 E90\/E92\/E93 330i, 330xi<br \/>\n<\/small><\/li>\n<li><small>2005-2008 E65\/E66 730i<br \/>\n<\/small><\/li>\n<li><small>2005-2009 E60\/E61 530i, 530xi<br \/>\n<\/small><\/li>\n<li><small>2009-2015 F01 730i<br \/>\n<\/small><\/li>\n<li><small>2008-2011 E89 Z4 sDrive30i<br \/>\n<\/small><\/li>\n<li><small>2009-2011 E84 X1 xDrive28i<br \/>\n<\/small><\/li>\n<li><small>2009-2012 E87 130i<br \/>\n<\/small><\/li>\n<li><small>2010-2011 F25 X3 28i<br \/>\n<\/small><\/li>\n<li><small>2005-2008 E85\/E86 Z4 3.0si<br \/>\n<\/small><\/li>\n<li><small>2006-2009 E87 130i<br \/>\n<\/small><\/li>\n<li><small>2006\u20132010 E83 X3 3.0si<br \/>\n<\/small><\/li>\n<li><small>2006-2010 E70 X5 3.0si, xDrive30i<br \/>\n<\/small><\/li>\n<li><small>2007-2010 E63\/E64 630i<br \/>\n<\/small><\/li>\n<li><small>2007-2013 E90\/E92\/E93 330i, 330xi<br \/>\n<\/small><\/li>\n<li><small>2006-2010 E60\/E61 523i<br \/>\n<\/small><\/li>\n<li><small>2009-2011 F10\/F11 523i<br \/>\n<\/small><\/li>\n<li><small>2007-2013 E90\/E91\/E92\/E93 325i<br \/>\n<\/small><\/li>\n<li><small>2006-2010 E60\/E61 525i<br \/>\n<\/small><\/li>\n<li><small>2009-2011 F10\/F11 528i<br \/>\n<\/small><\/li>\n<li><small>2007-2010 E60\/E61 530i<br \/>\n<\/small><\/li>\n<li><small>2007-2010 E63 630i<br \/>\n<\/small><\/li>\n<li><small>2007-2013 E90\/E91\/E92\/E93 330i<br \/>\n<\/small><\/li>\n<li><small>2011-2013 F10 530i<\/small><small><\/small><\/li>\n<\/ul>\n<p>&nbsp;<\/p>\n<p><span style=\"text-decoration: underline; color: #13aff0;\"><strong>Anmerkungen<\/strong><\/span><\/p>\n<ul>\n<li><em>Der Kompressor ist nicht im Kit enthalten, es sei denn, er wird mitbestellt. Wenn Sie den Kompressor als Paket mit unserem Kit kaufen, k\u00f6nnen Sie uns die Gr\u00f6\u00dfe der Riemenscheibe mitteilen, die Sie haben m\u00f6chten.  Wenn Sie ein bestehender Kunde sind, k\u00f6nnen Sie uns eine E-Mail schicken, um den Kompressor separat zu bestellen. Andernfalls empfehlen wir Ihnen, die angegebene Teilenummer f\u00fcr den Kompressor zu verwenden und den Kompressor vor Ort zu bestellen.<br \/>\n<\/em><\/li>\n<li><em>Um das volle Potential der gr\u00f6\u00dferen Rotrex Kompressoren zu nutzen, muss der Motor so gebaut sein, dass er einen hohen Ladedruck halten kann. Der Serienmotor sollte nicht \u00fcber 10PSI hinaus betrieben werden.<\/em><\/li>\n<li><em>Rotrex Kompressor kommt mit einer separaten 1-Jahres-Garantie, die von Rotrex** abgedeckt wird.<\/em><\/li>\n<li><em>The C38-92 is the same as the C38-91 supercharger with the exception that it has a 90mm (3.5\u2033) inlet diameter instead of the standard 70mm (3\u2033)<\/em><\/li>\n<li><em>The smaller Rotrex C30 based kits will be delivered from May 2025 only.<\/em><\/li>\n<\/ul>\n<p>&nbsp;<\/p>\n<p><strong>Um die Installation eines der Setups abzuschlie\u00dfen, ben\u00f6tigen Sie au\u00dferdem die folgenden zus\u00e4tzlichen Teile:<\/strong><\/p>\n<ul>\n<li><small>Rotrex C38\/C38R Supercharger with recommended accessories (Sold separately with Rotrex based kits, check the technical specifications for part numbers)<br \/>\n<\/small><\/li>\n<li><small>ein Ladeluftk\u00fchler-Kit mit Silikonrohren und Schlauchschellen (kann separat erworben werden)<br \/>\n<\/small><\/li>\n<li><small>Unterdruckschlauch<br \/>\n<\/small><\/li>\n<li><small>einen Luftfilter mit hohem Durchsatz<br \/>\n<\/small><\/li>\n<li><small>eine Ladedruckanzeige<br \/>\n<\/small><\/li>\n<li><small>ein Umgehungsventil mit R\u00fcckf\u00fchrung und<br \/>\n<\/small><\/li>\n<li><small>das passende Tuning<\/small><small><small><\/small><\/small><\/li>\n<\/ul>\n<p>&nbsp;<\/p>\n<p>Bitte konsultieren Sie die <a href=\"https:\/\/hydemotorworks.com\/installation-guides\/\">Installationsanleitung<\/a> f\u00fcr weitere Informationen.<\/p>\n<p><em><strong>F\u00fcr das Tuning<\/strong>empfehlen wir die Verwendung einer unserer ausgew\u00e4hlten <span style=\"text-decoration: underline;\"><a href=\"https:\/\/hydemotorworks.com\/tag\/official-tuner\/\">Tuning Partner<\/a><\/span>.<\/em><br \/>\n<em>In unserem Shop k\u00f6nnen Tuning-Pakete auch erworben werden.<\/em><\/p>\n<p class=\"responsive-video-wrap clr\"><iframe title=\"BMW N51, N52, N53 Supercharger Kit | Nebraska R1 | Installation\" width=\"1200\" height=\"675\" src=\"https:\/\/www.youtube.com\/embed\/cKIUEx2npuk?feature=oembed\" frameborder=\"0\" allow=\"accelerometer; autoplay; clipboard-write; encrypted-media; gyroscope; picture-in-picture; web-share\" referrerpolicy=\"strict-origin-when-cross-origin\" allowfullscreen><\/iframe><\/p>\n<p class=\"responsive-video-wrap clr\"><iframe title=\"Nebraska R1 Supercharger Kit | BMW E90 | N51\/N52\/N53 | ROTREX C38\" width=\"1200\" height=\"675\" src=\"https:\/\/www.youtube.com\/embed\/2Oxf9JZjUUE?feature=oembed\" frameborder=\"0\" allow=\"accelerometer; autoplay; clipboard-write; encrypted-media; gyroscope; picture-in-picture; web-share\" referrerpolicy=\"strict-origin-when-cross-origin\" allowfullscreen><\/iframe><\/p>\n<p>Bitte informieren Sie sich im <a href=\"https:\/\/hydemotorworks.com\/shop\/product-finder\/\"><strong>Produkt Finder<\/strong><\/a> \u00fcber alle in unserem Shop verf\u00fcgbaren Teile, die f\u00fcr diesen Aufbau erforderlich sind.<br \/>\nFor more information on the Nebraska R1 Supercharger Kit, please check the overview on <strong><a href=\"https:\/\/hydemotorworks.com\/products-and-supercharger-setups\/\">PRODUKTE<\/a><\/strong> Seiten.<\/p>","protected":false},"excerpt":{"rendered":"<p><strong>Durchschnittliche Leistungskurve: 380 - 500 PS* <\/strong><br \/>\n<small>(Weitere Informationen finden Sie in den nachstehenden Leistungsbeschreibungen)<\/small><\/p>\n<p>Das Nebraska R1 Supercharger Kit ist ein einfaches und effizientes Kompressor-Kit f\u00fcr die 6-Zylinder BMW N51, N52 und N53 Motoren. Er bietet bemerkenswerte Leistungssteigerungen von bis zu 100% gegen\u00fcber dem Serienmotor.  Das Kit selbst kann entweder einen Rotrex C30 \/ C38 \/ C38R unterst\u00fctzen, der auch zusammen mit dem erforderlichen Zubeh\u00f6r verkauft werden kann.<\/p>\n<p>Dieses Kompressorsystem unterst\u00fctzt eine breite Palette von neumodischen BMW-Modellen wie BMW E90, E91, E93, E82, E83, E84, E85, E86, E87, E88, E89, E60, E61, E63, E64, F10, F01, F25.<\/p>\n<p><small>Full Nebraska R1 Supercharger Kit. No Supercharger Included.<br \/>\nThe Supercharger units as well as Intercooler &amp; Silicone hose kit are sold separately<\/small><br \/>\n<strong><br \/>\n<small>Out of Stock till April &#8211; May 2026, If you order, it will be shipped once we have new stocks!<\/small><br \/>\n<\/strong><\/p>\n<p><small>Note: Silicone Hose Kit is also inclusive, however will only ship separately after arrival in stock in late April 2025<\/small><\/p>","protected":false},"featured_media":6758,"template":"","meta":{"kia_subtitle":"Rotrex C30 & C38 Supercharger","ocean_post_layout":"","ocean_both_sidebars_style":"","ocean_both_sidebars_content_width":0,"ocean_both_sidebars_sidebars_width":0,"ocean_sidebar":"0","ocean_second_sidebar":"0","ocean_disable_margins":"enable","ocean_add_body_class":"","ocean_shortcode_before_top_bar":"","ocean_shortcode_after_top_bar":"","ocean_shortcode_before_header":"","ocean_shortcode_after_header":"","ocean_has_shortcode":"","ocean_shortcode_after_title":"","ocean_shortcode_before_footer_widgets":"","ocean_shortcode_after_footer_widgets":"","ocean_shortcode_before_footer_bottom":"","ocean_shortcode_after_footer_bottom":"","ocean_display_top_bar":"default","ocean_display_header":"default","ocean_header_style":"","ocean_center_header_left_menu":"0","ocean_custom_header_template":"0","ocean_custom_logo":0,"ocean_custom_retina_logo":0,"ocean_custom_logo_max_width":0,"ocean_custom_logo_tablet_max_width":0,"ocean_custom_logo_mobile_max_width":0,"ocean_custom_logo_max_height":0,"ocean_custom_logo_tablet_max_height":0,"ocean_custom_logo_mobile_max_height":0,"ocean_header_custom_menu":"0","ocean_menu_typo_font_family":"0","ocean_menu_typo_font_subset":"","ocean_menu_typo_font_size":0,"ocean_menu_typo_font_size_tablet":0,"ocean_menu_typo_font_size_mobile":0,"ocean_menu_typo_font_size_unit":"px","ocean_menu_typo_font_weight":"","ocean_menu_typo_font_weight_tablet":"","ocean_menu_typo_font_weight_mobile":"","ocean_menu_typo_transform":"","ocean_menu_typo_transform_tablet":"","ocean_menu_typo_transform_mobile":"","ocean_menu_typo_line_height":0,"ocean_menu_typo_line_height_tablet":0,"ocean_menu_typo_line_height_mobile":0,"ocean_menu_typo_line_height_unit":"","ocean_menu_typo_spacing":0,"ocean_menu_typo_spacing_tablet":0,"ocean_menu_typo_spacing_mobile":0,"ocean_menu_typo_spacing_unit":"","ocean_menu_link_color":"","ocean_menu_link_color_hover":"","ocean_menu_link_color_active":"","ocean_menu_link_background":"","ocean_menu_link_hover_background":"","ocean_menu_link_active_background":"","ocean_menu_social_links_bg":"","ocean_menu_social_hover_links_bg":"","ocean_menu_social_links_color":"","ocean_menu_social_hover_links_color":"","ocean_disable_title":"default","ocean_disable_heading":"default","ocean_post_title":"","ocean_post_subheading":"","ocean_post_title_style":"","ocean_post_title_background_color":"","ocean_post_title_background":0,"ocean_post_title_bg_image_position":"","ocean_post_title_bg_image_attachment":"","ocean_post_title_bg_image_repeat":"","ocean_post_title_bg_image_size":"","ocean_post_title_height":0,"ocean_post_title_bg_overlay":0.5,"ocean_post_title_bg_overlay_color":"","ocean_disable_breadcrumbs":"default","ocean_breadcrumbs_color":"","ocean_breadcrumbs_separator_color":"","ocean_breadcrumbs_links_color":"","ocean_breadcrumbs_links_hover_color":"","ocean_display_footer_widgets":"default","ocean_display_footer_bottom":"default","ocean_custom_footer_template":"0","ofc_meta_disable_footer_callout":"","ofc_meta_callout_button_url":"","ofc_meta_callout_button_txt":"","ofc_meta_callout_text":"","ofc_enable_fullscreen":"disable","ofc_fullscreen_speed":0,"ofc_fullscreen_nav":"enable","ofc_fullscreen_nav_pos":"right","ofc_fullscreen_nav_color":"","ofc_fullscreen_nav_tooltip_color":"","ofc_fullscreen_responsive":0,"osh_disable_topbar_sticky":"default","osh_disable_header_sticky":"default","osh_sticky_header_style":"default","osh_sticky_header_effect":"","osh_custom_sticky_logo":0,"osh_custom_retina_sticky_logo":0,"osh_custom_sticky_logo_height":0,"osh_background_color":"","osh_links_color":"","osh_links_hover_color":"","osh_links_active_color":"","osh_links_bg_color":"","osh_links_hover_bg_color":"","osh_links_active_bg_color":"","osh_menu_social_links_color":"","osh_menu_social_hover_links_color":""},"product_brand":[],"product_cat":[79,253,341],"product_tag":[268,260,279,264,280,281,282,271,272,273,274,275,276,265,277,262,278,263,269,270,284,283,285,248,256,257,258,259,261,267,266],"class_list":{"0":"post-4440","1":"product","2":"type-product","3":"status-publish","4":"has-post-thumbnail","6":"product_cat-6-cylinder-engines","7":"product_cat-bmw-n51-n52-n53","8":"product_cat-supercharger-kits","9":"product_tag-bmw-e90","10":"product_tag-bmw-n52-supercharged","11":"product_tag-e60","12":"product_tag-e60-supercharged","13":"product_tag-e61","14":"product_tag-e63","15":"product_tag-e64","16":"product_tag-e82","17":"product_tag-e83","18":"product_tag-e84","19":"product_tag-e85","20":"product_tag-e86","21":"product_tag-e87","22":"product_tag-e87-supercharged","23":"product_tag-e88","24":"product_tag-e88-supercharged","25":"product_tag-e89","26":"product_tag-e90-supercharged","27":"product_tag-e91","28":"product_tag-e93","29":"product_tag-f01","30":"product_tag-f10","31":"product_tag-f25","32":"product_tag-kompressor","33":"product_tag-n51-supercharger-kit","34":"product_tag-n52-supercharger-kit","35":"product_tag-n53-supercharger-kit","36":"product_tag-n54-supercharger-kit","37":"product_tag-nebraska-r1","38":"product_tag-rotrex-bmw-supercharger-kit","39":"product_tag-supercharger-kit","41":"entry","42":"has-media","44":"first","45":"onbackorder","46":"taxable","47":"shipping-taxable","48":"purchasable","49":"product-type-simple","50":"has-product-nav","51":"col","52":"span_1_of_4","53":"owp-content-center","54":"owp-thumbs-layout-horizontal","55":"owp-btn-normal","56":"owp-tabs-layout-vertical"},"_links":{"self":[{"href":"https:\/\/hydemotorworks.com\/shop\/de\/wp-json\/wp\/v2\/product\/4440","targetHints":{"allow":["GET"]}}],"collection":[{"href":"https:\/\/hydemotorworks.com\/shop\/de\/wp-json\/wp\/v2\/product"}],"about":[{"href":"https:\/\/hydemotorworks.com\/shop\/de\/wp-json\/wp\/v2\/types\/product"}],"version-history":[{"count":56,"href":"https:\/\/hydemotorworks.com\/shop\/de\/wp-json\/wp\/v2\/product\/4440\/revisions"}],"predecessor-version":[{"id":8221,"href":"https:\/\/hydemotorworks.com\/shop\/de\/wp-json\/wp\/v2\/product\/4440\/revisions\/8221"}],"wp:featuredmedia":[{"embeddable":true,"href":"https:\/\/hydemotorworks.com\/shop\/de\/wp-json\/wp\/v2\/media\/6758"}],"wp:attachment":[{"href":"https:\/\/hydemotorworks.com\/shop\/de\/wp-json\/wp\/v2\/media?parent=4440"}],"wp:term":[{"taxonomy":"product_brand","embeddable":true,"href":"https:\/\/hydemotorworks.com\/shop\/de\/wp-json\/wp\/v2\/product_brand?post=4440"},{"taxonomy":"product_cat","embeddable":true,"href":"https:\/\/hydemotorworks.com\/shop\/de\/wp-json\/wp\/v2\/product_cat?post=4440"},{"taxonomy":"product_tag","embeddable":true,"href":"https:\/\/hydemotorworks.com\/shop\/de\/wp-json\/wp\/v2\/product_tag?post=4440"}],"curies":[{"name":"wp","href":"https:\/\/api.w.org\/{rel}","templated":true}]}}