{"id":3742,"date":"2023-03-17T21:25:18","date_gmt":"2023-03-17T21:25:18","guid":{"rendered":"https:\/\/hydemotorworks.com\/shop\/?post_type=product&#038;p=3742"},"modified":"2026-02-27T13:37:13","modified_gmt":"2026-02-27T13:37:13","slug":"harbinger","status":"publish","type":"product","link":"https:\/\/hydemotorworks.com\/shop\/de\/produkt\/harbinger\/","title":{"rendered":"HARBINGER Kompressor Kit"},"content":{"rendered":"<h2><span style=\"text-decoration: underline; color: #13aff0;\"><strong>HARBINGER KOMPRESSOR KIT<\/strong><\/span><\/h2>\n<p>Our first centrifugal supercharger kit, The Harbinger was developed in house by K.C. Design Concepts between 2020 &#8211; 2022 and finally released in 2023. Built out of air craft grade aluminum, the kit is based on the affordable Speedmaster P2 Centrifugal Supercharger, rated at 1150CFM and some 55,000 RPM ceiling from the manufacturer. The P2 Supercharger is a dry unit with no lubrication required. The Harbinger is a modern take to an reliable high performance solution for enthusiasts who want a compact and affordable centrifugal option for the BMW M50, M52, M54, S50, S52, S54 engines.<\/p>\n<p>Der Harbinger ist ideal f\u00fcr den t\u00e4glichen Einsatz auf der Stra\u00dfe, aber auch f\u00fcr den gelegentlichen Einsatz auf der Rennstrecke. Derzeit in der 2. Generation erh\u00e4ltlich, verf\u00fcgt dieses Setup \u00fcber unsere speziell bearbeitete COG-Riemenscheibe und der Maschinenriemenantrieb sorgt daf\u00fcr, dass der Kompressor selbst ein festes Verh\u00e4ltnis beibeh\u00e4lt und den Kompressor auf maximal 30.500 U\/min begrenzt, w\u00e4hrend er den werksseitigen Riemenantrieb nutzt, wodurch Sie alle urspr\u00fcnglichen, riemengetriebenen Motorzubeh\u00f6rteile wie die Lichtmaschine, die Servolenkung und die Klimaanlage in ihrer urspr\u00fcnglichen Position erhalten k\u00f6nnen.<\/p>\n<p><strong>Umfasst:<\/strong><\/p>\n<ul>\n<li><small>Kompletter Satz Halterungen<\/small><\/li>\n<li><small>Adapter Bracket for Type 2 \/ New Generation Speedmaster P2 Supercharger (If ordered with kit)<br \/>\n<\/small><\/li>\n<li><small>Inlet and outlet piping for the P2 Centrifugal Supercharger<br \/>\n<\/small><\/li>\n<li><small>Kundenspezifische COG-Maschinenriemenscheibe, Riemenantrieb<\/small><small> &amp; 3 Idler Pulleys<\/small><\/li>\n<li><small>Kompletter Satz Befestigungselemente (Muttern, Schrauben und Abstandshalter)<\/small><\/li>\n<li><small>Pulverbeschichtet in den Farben Speed Yellow oder Azur Blue ( Kompressor Kit)<br \/>\n<\/small><\/li>\n<li><small>Gew\u00e4hrleistung von 36 Monaten auf die Verarbeitung <u>f\u00fcr den gelegentlichen Einsatz auf der Rennstrecke*<\/u><\/small><small><br \/>\n<\/small><\/li>\n<\/ul>\n<p>&nbsp;<\/p>\n<p><strong>F\u00fcr BMW Modelle und Fahrzeuge mit 6-Zylinder BMW M50, M52, M54, S50, S52, S54 Motoren:<\/strong><\/p>\n<ul>\n<li><small>1990-1992 E34 520i<br \/>\n<\/small><\/li>\n<li><small>1991-1995 E36 320i<br \/>\n<\/small><\/li>\n<li><small>1992-1994 E36 320i<br \/>\n<\/small><\/li>\n<li><small>1992-1996 E34 520i<br \/>\n<\/small><\/li>\n<li><small>1993-1995 E36 325iA\/2.4<br \/>\n<\/small><\/li>\n<li><small>1992-1996 E34 525iA\/2.4<br \/>\n<\/small><\/li>\n<li><small>1990-1992 E34 525i, 525ix<br \/>\n<\/small><\/li>\n<li><small>1991-1992 E36 325i, 325is<br \/>\n<\/small><\/li>\n<li><small>1993-1995 E36 325i, 325is<br \/>\n<\/small><\/li>\n<li><small>1992-1996 E34 525i, 525ix<br \/>\n<\/small><\/li>\n<li><small>1992-1995 E36 M3<br \/>\n<\/small><\/li>\n<li><small>1994-1995 E36 M3<br \/>\n<\/small><\/li>\n<li><small>1995-1999 E36 M3<br \/>\n<\/small><\/li>\n<li><small>1996-2000 Z3 M Coupe and M Roadster<br \/>\n<\/small><\/li>\n<li><small>1994-1998 E36 320i<br \/>\n<\/small><\/li>\n<li><small>1995-1998 E39 520i<br \/>\n<\/small><\/li>\n<li><small>1998-2000 E46 320i, 320Ci<br \/>\n<\/small><\/li>\n<li><small>1998-2000 E39 520i<br \/>\n<\/small><\/li>\n<li><small>1999-2000 E36\/7 Z3 2.0i<br \/>\n<\/small><\/li>\n<li><small>1995-1998 E36 323i<br \/>\n<\/small><\/li>\n<li><small>1995-2000 E36\/5 323ti<br \/>\n<\/small><\/li>\n<li><small>1995-1998 E39 523i<br \/>\n<\/small><\/li>\n<li><small>1998-2000 E46 323i, 323Ci<br \/>\n<\/small><\/li>\n<li><small>1998-2000 E39 523i<br \/>\n<\/small><\/li>\n<li><small>1998-2000 E36\/7 Z3 2.3i<br \/>\n<\/small><\/li>\n<li><small>1995-1999 E36 328i, 328is<br \/>\n<\/small><\/li>\n<li><small>1995-1998 E39 528i<br \/>\n<\/small><\/li>\n<li><small>1995-1998 E38 728i, 728iL<br \/>\n<\/small><\/li>\n<li><small>1997-1998 E36\/7 Z3 2.8<br \/>\n<\/small><\/li>\n<li><small>1997-2000 Land Rover Defender<br \/>\n<\/small><\/li>\n<li><small>1998-2000 E46 328i, 328Ci<br \/>\n<\/small><\/li>\n<li><small>1998-2000 E36\/7\/8 Z3 2.8<br \/>\n<\/small><\/li>\n<li><small>1998-2000 E39 528i<br \/>\n<\/small><\/li>\n<li><small>1998-2000 E38 728i<br \/>\n<\/small><\/li>\n<li><small>1996-1999 E36 M3 (Canada and US only)<br \/>\n<\/small><\/li>\n<li><small>1998-2000 E36\/7\/8 Z3M<br \/>\n<\/small><\/li>\n<li><small>2000\u20132006 E46 320i, 320Ci<br \/>\n<\/small><\/li>\n<li><small>2000\u20132003 E39 520i<br \/>\n<\/small><\/li>\n<li><small>2000\u20132002 E36\/7 Z3 2.2i<br \/>\n<\/small><\/li>\n<li><small>2003\u20132005 E85 Z4 2.2i<br \/>\n<\/small><\/li>\n<li><small>2003\u20132005 E60\/E61 520i<br \/>\n<\/small><\/li>\n<li><small>2000\u20132002 E36\/7 Z3 2.5i<br \/>\n<\/small><\/li>\n<li><small>2000\u20132006 E46 325i, 325xi, 325Ci<br \/>\n<\/small><\/li>\n<li><small>2000\u20132004 E46\/5 325ti<br \/>\n<\/small><\/li>\n<li><small>2000\u20132004 E39 525i<br \/>\n<\/small><\/li>\n<li><small>2003\u20132005 E60\/E61 525i, 525xi<br \/>\n<\/small><\/li>\n<li><small>2003\u20132006 E83 X3 2.5i<br \/>\n<\/small><\/li>\n<li><small>2002\u20132005 E85 Z4 2.5i<br \/>\n<\/small><\/li>\n<li><small>2000\u20132006 E46 330i, 330xi, 330Ci<br \/>\n<\/small><\/li>\n<li><small>2000\u20132004 E39 530i<br \/>\n<\/small><\/li>\n<li><small>2000\u20132002 E36\/7 Z3 3.0i<br \/>\n<\/small><\/li>\n<li><small>2003\u20132005 E60 530i<br \/>\n<\/small><\/li>\n<li><small>2002\u20132005 E85 Z4 3.0i<br \/>\n<\/small><\/li>\n<li><small>2003\u20132006 E83 X3 3.0i<br \/>\n<\/small><\/li>\n<li><small>2000\u20132006 E53 X5 3.0i<br \/>\n<\/small><\/li>\n<li><small>2002\u20132005 E65\/E66 730i, 730Li<br \/>\n<\/small><\/li>\n<li><small>2000\u20132002 Wiesmann MF 30<br \/>\n<\/small><\/li>\n<li><small>2000\u20132006 E46 M3<br \/>\n<\/small><\/li>\n<li><small>2000\u20132002 E36\/7 Z3 M Roadster, E36\/8 M Coup\u00e9<br \/>\n<\/small><\/li>\n<li><small>2002\u20132011 Wiesmann MF 3 Roadster<br \/>\n<\/small><\/li>\n<li><small>2006\u20132008 E85 Z4 M Roadster, E86 Z4 M Coup\u00e9<br \/>\n<\/small><\/li>\n<li><small>2003 E46 M3 CSL<br \/>\n<\/small><\/li>\n<li><small>2009 Wiesmann MF 3 Roadster 20th Anniversary Edition<\/small><small><\/small><small><\/small><\/li>\n<\/ul>\n<p>&nbsp;<\/p>\n<p><span style=\"text-decoration: underline; color: #13aff0;\"><strong>Anmerkungen<\/strong><\/span><\/p>\n<ul>\n<li><em>Bei den Modellen E46, E38 und E39 m\u00fcssen Sie den K\u00fchlerbeh\u00e4lter versetzen oder aus Platzgr\u00fcnden einen E36- oder Nachr\u00fcstk\u00fchler verwenden.<\/em><\/li>\n<li><em>Es gibt 2 verschiedene Typen von Speedmaster P2 Zentrifugalkompressoren, Generation 1 und Generation 2. Zu den Unterschieden geh\u00f6ren 2 Befestigungsl\u00f6cher, die bei der P2 Generation 2 um 5 mm versetzt sind. Lesen Sie sich die Hinweise durch, um zu wissen, welchen Typ Sie haben, da unser Kit urspr\u00fcnglich f\u00fcr die Generation 1 entwickelt wurde. Wenn Sie einen P2 Zentrifugalkompressor der Generation 2 haben, dann m\u00fcssen Sie sich entweder damit abfinden, dass Sie die 2 Schraubenl\u00f6cher von den 4 Befestigungsl\u00f6chern, die wir anbieten, nicht verwenden k\u00f6nnen, oder Sie bohren 2 zus\u00e4tzliche L\u00f6cher in unsere Halterung und schlitzen sie leicht auf.<\/em><\/li>\n<li><em>Der Kompressor ist nicht im Kit enthalten, es sei denn, Sie bestellen ihn separat bei uns. Wir empfehlen Ihnen, die angegebene Teilenummer f\u00fcr den Kompressor zu verwenden und den Kompressor vor Ort zu bestellen.<\/em><\/li>\n<li><em>LF30 Servolenkungspumpe und Riemenscheibe von M52 oder M54 Motoren<\/em><\/li>\n<li><em>Mit der serienm\u00e4\u00dfigen 130-mm-Kompressor-Antriebsscheibe von Hyde Motor Works empfehlen wir einen Luft-Luft-Ladeluftk\u00fchler und die Begrenzung des Ladedrucks auf unter 10 PSI unter Verwendung eines Ladedruckreglers und eines Bypass-Ventils. F\u00fcr h\u00f6heren Ladedruck m\u00fcssen Sie den P2 Zentrifugalkompressor mit neuen Kugellagern umbauen und verwenden Sie die verf\u00fcgbare <a href=\"https:\/\/hydemotorworks.com\/shop\/product-category\/accessories\/pulleys\/\">Hyde Motor Works Overdrive Riemenscheibe, verwenden<\/a> die f\u00fcr den Antrieb des P2 Zentrifugalkompressors entwickelt wurde. Der serienm\u00e4\u00dfige Motor sollte nicht \u00fcber 10PSI angetrieben werden.*<\/em><\/li>\n<\/ul>\n<p>&nbsp;<\/p>\n<p><strong>Um die Installation eines der Setups abzuschlie\u00dfen, ben\u00f6tigen Sie au\u00dferdem die folgenden zus\u00e4tzlichen Teile:<\/strong><\/p>\n<ul>\n<li><small>Speedmaster P2 Zentrifugalkompressor mit empfohlenem Zubeh\u00f6r (siehe technische Daten f\u00fcr Teilenummern)<br \/>\n<\/small><\/li>\n<li><small>ein Ladeluftk\u00fchler-Kit mit Silikonrohren und Schlauchschellen (kann separat erworben werden)<\/small><\/li>\n<li><small>LF30-Servolenkungspumpe und Riemenscheibe von M52- oder M54-Motoren (bei Einbau in den M50 mit LF20-Servolenkungspumpe)<\/small><\/li>\n<li><small>Unterdruckschlauch<\/small><\/li>\n<li><small>einen Luftfilter mit hohem Durchsatz<br \/>\n<\/small><\/li>\n<li><small>eine Ladedruckanzeige<br \/>\n<\/small><\/li>\n<li><small>ein Umgehungsventil mit R\u00fcckf\u00fchrung und<\/small><\/li>\n<li><small>Ladedruckregler (f\u00fcr Serienmotoren)<\/small><\/li>\n<li><small>das passende Tuning<\/small><small><small><\/small><\/small><\/li>\n<\/ul>\n<p>&nbsp;<\/p>\n<p>Bitte konsultieren Sie die <span style=\"color: #13aff0;\"><a style=\"color: #13aff0;\" href=\"https:\/\/hydemotorworks.com\/installation-guides\/\">Installationsanleitung<\/a><\/span> f\u00fcr weitere Informationen.<\/p>\n<p><em><strong>F\u00fcr das Tuning<\/strong>, we recommend using any of our selected <span style=\"color: #13aff0;\"><a style=\"color: #13aff0;\" href=\"https:\/\/hydemotorworks.com\/tag\/official-tuner\/\">Tuning Partner<\/a><\/span>.<\/em><br \/>\n<em>In unserem Shop k\u00f6nnen Tuning-Pakete auch erworben werden.<\/em><\/p>\n<p class=\"responsive-video-wrap clr\"><iframe title=\"Harbinger Supercharger Kit for BMW -  P2 Centrifugal SC\" width=\"1200\" height=\"675\" src=\"https:\/\/www.youtube.com\/embed\/xOan82fIi5s?feature=oembed\" frameborder=\"0\" allow=\"accelerometer; autoplay; clipboard-write; encrypted-media; gyroscope; picture-in-picture; web-share\" referrerpolicy=\"strict-origin-when-cross-origin\" allowfullscreen><\/iframe><\/p>\n<p>Bitte informieren Sie sich im <a href=\"https:\/\/hydemotorworks.com\/shop\/product-finder\/\"><strong><span style=\"color: #13aff0;\">Produkt Finder<\/span><\/strong><\/a> \u00fcber alle in unserem Shop verf\u00fcgbaren Teile, die f\u00fcr diesen Aufbau erforderlich sind.<br \/>\nFor more information on the HARBINGER Supercharger Kit, please check the overview on <span style=\"color: #13aff0;\"><strong><a style=\"color: #13aff0;\" href=\"https:\/\/hydemotorworks.com\/products-and-supercharger-setups\/\">PRODUKTE<\/a><\/strong><\/span> Seiten.<\/p>","protected":false},"excerpt":{"rendered":"<p><strong>Durchschnittliche Leistungskurve: 330 - 450 PS\u2660<br \/>\n<\/strong><small>(Weitere Informationen finden Sie in den nachstehenden Leistungsbeschreibungen)<\/small><\/p>\n<p>The Harbinger is our first centrifugal supercharger kit. It is a modern take to an affordable and reliable high performance option designed for the 6-cylinder BMW M50, M52, M54, S50, S52 &amp; S54 engines. Meant for a daily street car that may also see occasional track use. The kit itself can support the Speedmaster P2 Centrifugal Supercharger.<\/p>\n<p>Dieses Kompressorsystem unterst\u00fctzt eine breite Palette von klassischen und neumodernen BMW-Modellen wie die Modelle BMW E34, E36, E38, E39, E46, E83 X3, E85, E53 X5, E60, E61, E65, E66, Z3, Z4 sowie Wiesmann MF 30 (2000- 2002) und Land Rover Defender (1997-2000).<\/p>\n<p><span style=\"text-decoration: underline; color: #13aff0;\"><strong> 6 Rib Pulley Upgrade Kit <\/strong><\/span><br \/>\nDue to popular demand, We now offer a <em>6 rib pulley upgrade kit <\/em> for the Speedmaster P2 supercharger (MPN: PCE157.1002) which eliminates the need to use the COG belt pulley. This kit as well as relevant supercharger drive pulley is included in the <strong>Harbinger Black Edition<\/strong>.\u00a0Our 6 rib belt conversion kit for the P2 supercharger is scheduled to be ready for delivery in Summer 2025, and can also be bought separately for existing customers wishing to upgrade or anyone wanting to use the P2 supercharger on their project with a modern serpentine belt opposed to its original cog pulley driven design.<\/p>","protected":false},"featured_media":5833,"template":"","meta":{"kia_subtitle":"P2 Centrifugal Supercharger","ocean_post_layout":"","ocean_both_sidebars_style":"","ocean_both_sidebars_content_width":0,"ocean_both_sidebars_sidebars_width":0,"ocean_sidebar":"0","ocean_second_sidebar":"0","ocean_disable_margins":"enable","ocean_add_body_class":"","ocean_shortcode_before_top_bar":"","ocean_shortcode_after_top_bar":"","ocean_shortcode_before_header":"","ocean_shortcode_after_header":"","ocean_has_shortcode":"","ocean_shortcode_after_title":"","ocean_shortcode_before_footer_widgets":"","ocean_shortcode_after_footer_widgets":"","ocean_shortcode_before_footer_bottom":"","ocean_shortcode_after_footer_bottom":"","ocean_display_top_bar":"default","ocean_display_header":"default","ocean_header_style":"","ocean_center_header_left_menu":"0","ocean_custom_header_template":"0","ocean_custom_logo":0,"ocean_custom_retina_logo":0,"ocean_custom_logo_max_width":0,"ocean_custom_logo_tablet_max_width":0,"ocean_custom_logo_mobile_max_width":0,"ocean_custom_logo_max_height":0,"ocean_custom_logo_tablet_max_height":0,"ocean_custom_logo_mobile_max_height":0,"ocean_header_custom_menu":"0","ocean_menu_typo_font_family":"0","ocean_menu_typo_font_subset":"","ocean_menu_typo_font_size":0,"ocean_menu_typo_font_size_tablet":0,"ocean_menu_typo_font_size_mobile":0,"ocean_menu_typo_font_size_unit":"px","ocean_menu_typo_font_weight":"","ocean_menu_typo_font_weight_tablet":"","ocean_menu_typo_font_weight_mobile":"","ocean_menu_typo_transform":"","ocean_menu_typo_transform_tablet":"","ocean_menu_typo_transform_mobile":"","ocean_menu_typo_line_height":0,"ocean_menu_typo_line_height_tablet":0,"ocean_menu_typo_line_height_mobile":0,"ocean_menu_typo_line_height_unit":"","ocean_menu_typo_spacing":0,"ocean_menu_typo_spacing_tablet":0,"ocean_menu_typo_spacing_mobile":0,"ocean_menu_typo_spacing_unit":"","ocean_menu_link_color":"","ocean_menu_link_color_hover":"","ocean_menu_link_color_active":"","ocean_menu_link_background":"","ocean_menu_link_hover_background":"","ocean_menu_link_active_background":"","ocean_menu_social_links_bg":"","ocean_menu_social_hover_links_bg":"","ocean_menu_social_links_color":"","ocean_menu_social_hover_links_color":"","ocean_disable_title":"default","ocean_disable_heading":"default","ocean_post_title":"","ocean_post_subheading":"","ocean_post_title_style":"","ocean_post_title_background_color":"","ocean_post_title_background":0,"ocean_post_title_bg_image_position":"","ocean_post_title_bg_image_attachment":"","ocean_post_title_bg_image_repeat":"","ocean_post_title_bg_image_size":"","ocean_post_title_height":0,"ocean_post_title_bg_overlay":0.5,"ocean_post_title_bg_overlay_color":"","ocean_disable_breadcrumbs":"default","ocean_breadcrumbs_color":"","ocean_breadcrumbs_separator_color":"","ocean_breadcrumbs_links_color":"","ocean_breadcrumbs_links_hover_color":"","ocean_display_footer_widgets":"default","ocean_display_footer_bottom":"default","ocean_custom_footer_template":"0","ofc_meta_disable_footer_callout":"","ofc_meta_callout_button_url":"","ofc_meta_callout_button_txt":"","ofc_meta_callout_text":"","ofc_enable_fullscreen":"disable","ofc_fullscreen_speed":0,"ofc_fullscreen_nav":"enable","ofc_fullscreen_nav_pos":"right","ofc_fullscreen_nav_color":"","ofc_fullscreen_nav_tooltip_color":"","ofc_fullscreen_responsive":0,"osh_disable_topbar_sticky":"default","osh_disable_header_sticky":"default","osh_sticky_header_style":"default","osh_sticky_header_effect":"","osh_custom_sticky_logo":0,"osh_custom_retina_sticky_logo":0,"osh_custom_sticky_logo_height":0,"osh_background_color":"","osh_links_color":"","osh_links_hover_color":"","osh_links_active_color":"","osh_links_bg_color":"","osh_links_hover_bg_color":"","osh_links_active_bg_color":"","osh_menu_social_links_color":"","osh_menu_social_hover_links_color":""},"product_brand":[],"product_cat":[79,294,341],"product_tag":[227,87,219,222,140,141,142,220,434,167,226,223,224,225,221],"class_list":{"0":"post-3742","1":"product","2":"type-product","3":"status-publish","4":"has-post-thumbnail","6":"product_cat-6-cylinder-engines","7":"product_cat-bmw-m50-m52-m54-s50-s52-s54","8":"product_cat-supercharger-kits","9":"product_tag-bmw-6-cylinder","10":"product_tag-custom-sc-pulley","11":"product_tag-harbinger","12":"product_tag-hb-1-supercharger","13":"product_tag-m50","14":"product_tag-m52","15":"product_tag-m54","16":"product_tag-p2-centrifugal-supercharger","17":"product_tag-pce157-1002","18":"product_tag-power-steering-bracket","19":"product_tag-roots-vs-centrifugal-supercharger","20":"product_tag-s50","21":"product_tag-s52","22":"product_tag-s54-supercharger","23":"product_tag-speedmaster-supercharger","25":"entry","26":"has-media","28":"first","29":"instock","30":"taxable","31":"shipping-taxable","32":"purchasable","33":"product-type-variable","34":"has-product-nav","35":"col","36":"span_1_of_4","37":"owp-content-center","38":"owp-thumbs-layout-horizontal","39":"owp-btn-normal","40":"owp-tabs-layout-vertical"},"_links":{"self":[{"href":"https:\/\/hydemotorworks.com\/shop\/de\/wp-json\/wp\/v2\/product\/3742","targetHints":{"allow":["GET"]}}],"collection":[{"href":"https:\/\/hydemotorworks.com\/shop\/de\/wp-json\/wp\/v2\/product"}],"about":[{"href":"https:\/\/hydemotorworks.com\/shop\/de\/wp-json\/wp\/v2\/types\/product"}],"version-history":[{"count":30,"href":"https:\/\/hydemotorworks.com\/shop\/de\/wp-json\/wp\/v2\/product\/3742\/revisions"}],"predecessor-version":[{"id":7603,"href":"https:\/\/hydemotorworks.com\/shop\/de\/wp-json\/wp\/v2\/product\/3742\/revisions\/7603"}],"wp:featuredmedia":[{"embeddable":true,"href":"https:\/\/hydemotorworks.com\/shop\/de\/wp-json\/wp\/v2\/media\/5833"}],"wp:attachment":[{"href":"https:\/\/hydemotorworks.com\/shop\/de\/wp-json\/wp\/v2\/media?parent=3742"}],"wp:term":[{"taxonomy":"product_brand","embeddable":true,"href":"https:\/\/hydemotorworks.com\/shop\/de\/wp-json\/wp\/v2\/product_brand?post=3742"},{"taxonomy":"product_cat","embeddable":true,"href":"https:\/\/hydemotorworks.com\/shop\/de\/wp-json\/wp\/v2\/product_cat?post=3742"},{"taxonomy":"product_tag","embeddable":true,"href":"https:\/\/hydemotorworks.com\/shop\/de\/wp-json\/wp\/v2\/product_tag?post=3742"}],"curies":[{"name":"wp","href":"https:\/\/api.w.org\/{rel}","templated":true}]}}