{"id":3724,"date":"2023-03-17T18:30:16","date_gmt":"2023-03-17T18:30:16","guid":{"rendered":"https:\/\/hydemotorworks.com\/shop\/?post_type=product&#038;p=3724"},"modified":"2025-03-15T13:46:12","modified_gmt":"2025-03-15T13:46:12","slug":"o-t-m10","status":"publish","type":"product","link":"https:\/\/hydemotorworks.com\/shop\/de\/produkt\/o-t-m10\/","title":{"rendered":"O.T. M10 Supercharger Kit"},"content":{"rendered":"<h2><span style=\"text-decoration: underline; color: #13aff0;\"><strong>O.T. M10 SUPERCHARGER KIT<\/strong><\/span><\/h2>\n<p>The O.T. M10 stands for Old Timer M10, designed by Travis Emmett in Australia between 2020 &#8211; 2022 for the legendary 4 cylinder BMW M10 engine and its many variants.<\/p>\n<p>This Supercharger Kit has 2 versions, both with full air to air intercooling support. The first being the O.T. M10 Roots which is an option based on the Eaton M45 Supercharger, capable of doubling the stock engines horse power output. While the second version is the high boost option, called the O.T. M10R38 and is based on the highly efficient Rotrex C38 centrifugal supercharger which is also used in many of our supercharger kit&#8217;s.<\/p>\n<p>The O.T. M10 Roots is a heavy duty supercharger kit which is ideal for a daily street car as well as frequent track use. Currently available in its 2nd generation, the O.T. M10 Roots setup comes with its own custom crank pulley, tensioner an independent belt drive which allows you to upgrade your factory generator to a more modern alternator while preserving the function of the stock belt driven engine accessories. The Air conditioner is not supported by the kit, and would be available as a retro fit kit option.<\/p>\n<p><strong>Umfasst:<\/strong><\/p>\n<ul>\n<li><small>Kompletter Satz Halterungen<\/small><\/li>\n<li><small>Custom Main Crank Pulley with V Belt &amp; 6 Rib Support<\/small><\/li>\n<li><small>Custom Modern Alternator Pulley with V Belt support<\/small><\/li>\n<li><small>Inlet and outlet manifolds\/piping for Supercharger (Depending on Supercharger being Eaton M45 or Rotrex C38)<\/small><\/li>\n<li><small>Engine Throttle Body Relocation Manifolds<\/small><\/li>\n<li><small>Kompletter Dichtungssatz (bei Bestellungen ab Herbst 2024 enthalten)<br \/>\n<\/small><\/li>\n<li><small>Custom Belt Drive, Tensioner<\/small><small> &amp; Umlenkrollen<\/small><\/li>\n<li><small>Kompletter Satz Befestigungselemente (Muttern, Schrauben und Abstandshalter)<\/small><\/li>\n<li><small>Finished in Powder Coated Fire Orange &amp; Jet Black colour (Supercharger Kit)<br \/>\n<\/small><\/li>\n<li><small>Gew\u00e4hrleistung von 24 Monaten auf die Verarbeitung <u>f\u00fcr die volle Nutzung der Rennstrecke*<\/u><\/small><\/li>\n<li><small>Eaton M45 Supercharger Warranty 6 Months from Hyde Motor Works* (When purchased through us)<\/small><\/li>\n<li><small>Rotrex C38 Supercharger Warranty 12 Months from Rotrex* (When purchased through us)<\/small><\/li>\n<\/ul>\n<p>&nbsp;<\/p>\n<p><strong>Supported BMW models &amp; cars due to using 4-cylinder BMW M10 engines and its variants:<\/strong><\/p>\n<p><strong><small>M115 version<\/small><\/strong><\/p>\n<ul>\n<li><small>1962-1964 BMW 1500<\/small><\/li>\n<li><small>1975-1977 BMW 1502<\/small><\/li>\n<li><small>M116 version<\/small><\/li>\n<li><small>1964-1966 BMW 1600\u2014 63 kW (86 PS)<\/small><\/li>\n<li><small>1966-1975 BMW 1600-2\/1602\u2014 63 kW (86 PS)<\/small><\/li>\n<li><small>1967-1968 BMW 1600 ti\u2014 77 kW (105 PS)<\/small><\/li>\n<\/ul>\n<p><strong><small><br \/>\nM41 version<\/small><\/strong><\/p>\n<ul>\n<li><small>1975-1980 E21 316<\/small><\/li>\n<\/ul>\n<p><strong><small><br \/>\nM98 version<\/small><\/strong><\/p>\n<ul>\n<li><small>1981-1983 E21 315<\/small><\/li>\n<\/ul>\n<p><strong><small><br \/>\nM10B18<\/small><\/strong><\/p>\n<ul>\n<li><small>1969-1972 1800\u2014 66 kW (90 PS), 8.6:1 compression, Solex 36-40 PDSI carburettor<\/small><\/li>\n<li><small>1971-1975 1802\u2014 66 kW (90 PS), 8.6:1 compression, Solex 38 PDSI carburettor<\/small><\/li>\n<li><small>1980-1983 E21 320i\/320is\u2014 75 kW (101 hp), 8.8:1 compression, Bosch K-Jetronic mechanical fuel injection<\/small><\/li>\n<li><small>1980-1983 E12 518\u2014 77 kW (105 PS), 10.0:1 compression, Bosch K-Jetronic mechanical fuel injection<\/small><\/li>\n<li><small>1982-1987 E30 316 \u2014 66 kW (90 PS), 9.5:1 compression, Pierburg 2BE carburettor, Ecotronic.<\/small><\/li>\n<li><small>1982-1988 E30 318i\u2014 77 kW (105 PS), 10.0:1 compression, Bosch L-Jetronic electronic fuel injection<\/small><\/li>\n<li><small>1981-1988 E28 518i\u2014 77 kW (105 PS), 9.5:1 compression, Bosch LE-Jetronic mechanical fuel injection.<\/small><\/li>\n<\/ul>\n<p><strong><small><br \/>\nM118 version<\/small><\/strong><\/p>\n<ul>\n<li><small>1963-1968 1800\u2014 66 kW (90 PS), 8.6:1 compression, Solex 36-40 PDSI carburettor<\/small><\/li>\n<li><small>1963-1966 1800ti\u2014 81 kW (110 PS), 9.5:1 compression, twin Solex 40 PHH carburettors<\/small><\/li>\n<li><small>1964-1965 1800tiSA\u2014 96 kW (130 PS), 10.5:1 compression, twin Weber DCOE-45 carburettors<\/small><\/li>\n<li><small>1974-1981 E12 518\u2014 66 kW (90 PS), 8.6:1 compression, Solex 38 PDSI carburettor<\/small><\/li>\n<\/ul>\n<p><strong><small><br \/>\nM05 version<\/small><\/strong><\/p>\n<ul>\n<li><small>1965-1970 BMW 2000CS\u2014 88 kW (120 PS), 9.3:1 compression, 2x Solex 40 PHH carburettors<\/small><\/li>\n<li><small>1966-1970 BMW 2000C\u2014 74 kW (100 PS), 8.5:1 compression, Solex 40 PDSI carburettor<\/small><\/li>\n<li><small>1966-1972 BMW 2000\u2014 74 kW (100 PS), 8.5:1 compression, Solex 40 PDSI carburettor<\/small><\/li>\n<li><small>1966-1971 BMW 2000ti\u2014 88 kW (120 PS), 9.3:1 compression, 2x Solex 40 PHH carburettors<\/small><\/li>\n<li><small>1968-1976 BMW 2002\u2014 74 kW (100 PS), 8.5:1 compression, Solex 40 PDSI carburettor<\/small><\/li>\n<\/ul>\n<p><strong><small><br \/>\nM15 version<\/small><\/strong><\/p>\n<ul>\n<li><small>1970-1973 2000tii<\/small><\/li>\n<li><small>1972-1974 2002tii<\/small><\/li>\n<li><small>1972-1974 E12 520i<\/small><\/li>\n<\/ul>\n<p><strong><small><br \/>\nM17<\/small><\/strong><\/p>\n<ul>\n<li><small>1972-1977 E12 520<\/small><\/li>\n<\/ul>\n<p><strong><small><br \/>\nM43\/1 version<\/small><\/strong><\/p>\n<ul>\n<li><small>1975-1979 E21 320\u2014 Solex 32-32 DIDTA carburettor<\/small><\/li>\n<li><small>1975-1979 E21 320i\u2014 Bosch K-Jetronic mechanical fuel injection<\/small><\/li>\n<\/ul>\n<p><strong><small><br \/>\nM64 version<\/small><\/strong><\/p>\n<ul>\n<li><small>1975-1978 E21 320i<\/small><\/li>\n<li><small>1975-1979 E12 520i<\/small><\/li>\n<\/ul>\n<p><strong><small><br \/>\nM31 version<\/small><\/strong><\/p>\n<ul>\n<li><small>1973-1975 2002 turbo<\/small><\/li>\n<\/ul>\n<p>&nbsp;<\/p>\n<p><span style=\"text-decoration: underline; color: #13aff0;\"><strong>Anmerkungen<\/strong><\/span><\/p>\n<ul>\n<li><em>On older M10 Engine carburetor variants, we recommend switching to an Bosch K-Jetronic mechanical fuel injection system from the newer M10 Engines or an compatible E.F.I. setup and also consider having an standalone ECU.<br \/>\n<\/em><\/li>\n<li><em>an Intercooler Kit is recommended, specially for high boost. <\/em><\/li>\n<li><em>Currently the kit supports only the Eaton M45 Supercharger or the Rotrex C38 (Depending on the version chosen).<br \/>\n<\/em><\/li>\n<li><em>The use of a modern alternator from the E36\/E38\/E39\/Z3\/Z4\/E46 is mandatory. Details of which can be found on the installation guide.<\/em><\/li>\n<li><em>The Air conditioner delete is mandatory, a retro fit A\/C kit option will be available in the future.<\/em><\/li>\n<li><em>The M45 Supercharger is not included in the kit unless ordered separately from us, you are advised to use the given part number for the supercharger and order the supercharger locally.<\/em><\/li>\n<li><em>The Rotrex C38 Supercharger is not included in the kit unless ordered, if buying the Supercharger as a bundled option with our kit, you can let us know the pulley size you wish to have.\u00a0 If you are an existing client, you can email us to order the supercharger separately. Otherwise, you are advised to use the given part number for the supercharger and order the supercharger locally.<br \/>\n<\/em><\/li>\n<li><em>To use the full potential of the larger Rotrex Superchargers, the engine must be built to hold high boost.<\/em><\/li>\n<li><em>Rotrex Kompressor kommt mit einer separaten 1-Jahres-Garantie, die von Rotrex** abgedeckt wird.<\/em><\/li>\n<li><em>Different Eaton and Rotrex superchargers may be retro fitted with the O.T. M10 Supercharger kits, however those are not officially supported by Hyde Motor Works.<\/em><\/li>\n<li><em>On the O.T. M10 Roots Kit, the stock M45 Supercharger pulley will limit the boost to 5-8PSI with an air to air intercooler, For higher boost, you will have to rebuild the M45 Supercharger with new bearings and use any available <a href=\"https:\/\/hydemotorworks.com\/shop\/product-category\/accessories\/pulleys\/\">Hyde Motor Works Overdrive Riemenscheibe, verwenden<\/a> overdrive pulley made for the Eaton M45 Supercharger. The stock engine should not be pushed beyond 10PSI.*<\/em><\/li>\n<\/ul>\n<p>&nbsp;<\/p>\n<p><strong>Um die Installation eines der Setups abzuschlie\u00dfen, ben\u00f6tigen Sie au\u00dferdem die folgenden zus\u00e4tzlichen Teile:<\/strong><\/p>\n<ul>\n<li><small>Eaton M45 or Rotrex C38 Supercharger with recommended accessories (check the technical specifications for part numbers<\/small><\/li>\n<li><small>The following Eaton M45 (Also called M65) superchargers from Mercedes Benz models C180, C200, or C230 are all suitable for this build;<br \/>\n&#8211; Eaton part number #327492, #307957, #307961, #307960<br \/>\n&#8211; Mercedes part number #A271 090 26 80, #A271 090 20 80, #A271 090 20 80, #A271 090 21 80<\/small><\/li>\n<li><small>ein Ladeluftk\u00fchler-Kit mit Silikonrohren und Schlauchschellen (kann separat erworben werden)<\/small><\/li>\n<li><small>Unterdruckschlauch<br \/>\n<\/small><\/li>\n<li><small>einen Luftfilter mit hohem Durchsatz<br \/>\n<\/small><\/li>\n<li><small>eine Ladedruckanzeige<br \/>\n<\/small><\/li>\n<li><small>ein Umgehungsventil mit R\u00fcckf\u00fchrung und<br \/>\n<\/small><\/li>\n<li><small>das passende Tuning<\/small><\/li>\n<\/ul>\n<p>&nbsp;<\/p>\n<p>Bitte konsultieren Sie die <span style=\"color: #13aff0;\"><a style=\"color: #13aff0;\" href=\"https:\/\/hydemotorworks.com\/installation-guides\/\">Installationsanleitung<\/a><\/span> f\u00fcr weitere Informationen.<\/p>\n<p><em><strong>F\u00fcr das Tuning<\/strong>empfehlen wir die Verwendung einer unserer ausgew\u00e4hlten <span style=\"color: #13aff0;\"><a style=\"color: #13aff0;\" href=\"https:\/\/hydemotorworks.com\/tag\/official-tuner\/\">Tuning Partner<\/a><\/span>.<\/em><br \/>\n<em>In unserem Shop k\u00f6nnen Tuning-Pakete auch erworben werden.<\/em><\/p>\n<p class=\"responsive-video-wrap clr\"><iframe title=\"BMW M10 Supercharger Kit Dyno | BMW 2002, E30 &amp; More | Part 3\" width=\"1200\" height=\"675\" src=\"https:\/\/www.youtube.com\/embed\/tgELM3aApdc?feature=oembed\" frameborder=\"0\" allow=\"accelerometer; autoplay; clipboard-write; encrypted-media; gyroscope; picture-in-picture; web-share\" referrerpolicy=\"strict-origin-when-cross-origin\" allowfullscreen><\/iframe><\/p>\n<p>Bitte informieren Sie sich im <a href=\"https:\/\/hydemotorworks.com\/shop\/product-finder\/\"><strong>Produkt Finder<\/strong><\/a> \u00fcber alle in unserem Shop verf\u00fcgbaren Teile, die f\u00fcr diesen Aufbau erforderlich sind.<br \/>\nFor more information on the O.T. M10 Supercharger Kit please check the overview on <strong><a href=\"https:\/\/hydemotorworks.com\/products-and-supercharger-setups\/\">PRODUKTE<\/a><\/strong> Seiten.<\/p>","protected":false},"excerpt":{"rendered":"<p><strong>Average power curve: 200 \u2013 400 HP\u2660<\/strong><br \/>\n<small>(Weitere Informationen finden Sie in den nachstehenden Leistungsbeschreibungen)<\/small><\/p>\n<p>The O.T. M10 is a versatile Supercharger Kit designed for the classic 4-cylinder BMW M10 engine.<\/p>\n<p>The kit itself comes in 2 different versions, the first version supporting the Eaton M45 for recorded 100% power increase over the stock engine, while the Rotrex C38 variant is coming soon as the Flagship supercharger kit for the M10 engine, which is capable of pushing these engines far beyond the power output of many larger modern day BMW engines.<\/p>\n<p>Perfect for a daily street car or the weekend old timer that can also perform frequently at the race track, this supercharger system supports a wide range of old timer classic BMW models such as the BMW 1500, 1502, 1600, 1800, 2000, 2002, E12, E21, E28, E30 models.<\/p>\n<p style=\"font-size: 10.5px;\"><em><span style=\"text-decoration: underline; color: #13aff0;\"><strong>Pre-Order Produkt:<\/strong><\/span> The O.T. M10R C38 Supercharger Kit is available on a special Pre Order discounted price. A minimum deposit of 50% is required for us to accept your pre order, the remainder can be paid when we are ready to ship. The estimated time frame of delivery is Late June &#8211; July 2025. All <a href=\"https:\/\/hydemotorworks.com\/shop\/terms-of-usage\/\">Bedingungen und Konditionen<\/a> gelten.<a href=\"https:\/\/hydemotorworks.com\/contact-orders\/\"> Kontaktieren<\/a> Sie uns direkt f\u00fcr jedwelche Fragen hierzu.<br \/>\n<\/em><\/p>","protected":false},"featured_media":4407,"template":"","meta":{"kia_subtitle":"M45 & C38 Supercharger","ocean_post_layout":"","ocean_both_sidebars_style":"","ocean_both_sidebars_content_width":0,"ocean_both_sidebars_sidebars_width":0,"ocean_sidebar":"0","ocean_second_sidebar":"0","ocean_disable_margins":"enable","ocean_add_body_class":"","ocean_shortcode_before_top_bar":"","ocean_shortcode_after_top_bar":"","ocean_shortcode_before_header":"","ocean_shortcode_after_header":"","ocean_has_shortcode":"","ocean_shortcode_after_title":"","ocean_shortcode_before_footer_widgets":"","ocean_shortcode_after_footer_widgets":"","ocean_shortcode_before_footer_bottom":"","ocean_shortcode_after_footer_bottom":"","ocean_display_top_bar":"default","ocean_display_header":"default","ocean_header_style":"","ocean_center_header_left_menu":"0","ocean_custom_header_template":"0","ocean_custom_logo":0,"ocean_custom_retina_logo":0,"ocean_custom_logo_max_width":0,"ocean_custom_logo_tablet_max_width":0,"ocean_custom_logo_mobile_max_width":0,"ocean_custom_logo_max_height":0,"ocean_custom_logo_tablet_max_height":0,"ocean_custom_logo_mobile_max_height":0,"ocean_header_custom_menu":"0","ocean_menu_typo_font_family":"0","ocean_menu_typo_font_subset":"","ocean_menu_typo_font_size":0,"ocean_menu_typo_font_size_tablet":0,"ocean_menu_typo_font_size_mobile":0,"ocean_menu_typo_font_size_unit":"px","ocean_menu_typo_font_weight":"","ocean_menu_typo_font_weight_tablet":"","ocean_menu_typo_font_weight_mobile":"","ocean_menu_typo_transform":"","ocean_menu_typo_transform_tablet":"","ocean_menu_typo_transform_mobile":"","ocean_menu_typo_line_height":0,"ocean_menu_typo_line_height_tablet":0,"ocean_menu_typo_line_height_mobile":0,"ocean_menu_typo_line_height_unit":"","ocean_menu_typo_spacing":0,"ocean_menu_typo_spacing_tablet":0,"ocean_menu_typo_spacing_mobile":0,"ocean_menu_typo_spacing_unit":"","ocean_menu_link_color":"","ocean_menu_link_color_hover":"","ocean_menu_link_color_active":"","ocean_menu_link_background":"","ocean_menu_link_hover_background":"","ocean_menu_link_active_background":"","ocean_menu_social_links_bg":"","ocean_menu_social_hover_links_bg":"","ocean_menu_social_links_color":"","ocean_menu_social_hover_links_color":"","ocean_disable_title":"default","ocean_disable_heading":"default","ocean_post_title":"","ocean_post_subheading":"","ocean_post_title_style":"","ocean_post_title_background_color":"","ocean_post_title_background":0,"ocean_post_title_bg_image_position":"","ocean_post_title_bg_image_attachment":"","ocean_post_title_bg_image_repeat":"","ocean_post_title_bg_image_size":"","ocean_post_title_height":0,"ocean_post_title_bg_overlay":0.5,"ocean_post_title_bg_overlay_color":"","ocean_disable_breadcrumbs":"default","ocean_breadcrumbs_color":"","ocean_breadcrumbs_separator_color":"","ocean_breadcrumbs_links_color":"","ocean_breadcrumbs_links_hover_color":"","ocean_display_footer_widgets":"default","ocean_display_footer_bottom":"default","ocean_custom_footer_template":"0","ofc_meta_disable_footer_callout":"","ofc_meta_callout_button_url":"","ofc_meta_callout_button_txt":"","ofc_meta_callout_text":"","ofc_enable_fullscreen":"disable","ofc_fullscreen_speed":0,"ofc_fullscreen_nav":"enable","ofc_fullscreen_nav_pos":"right","ofc_fullscreen_nav_color":"","ofc_fullscreen_nav_tooltip_color":"","ofc_fullscreen_responsive":0,"osh_disable_topbar_sticky":"default","osh_disable_header_sticky":"default","osh_sticky_header_style":"default","osh_sticky_header_effect":"","osh_custom_sticky_logo":0,"osh_custom_retina_sticky_logo":0,"osh_custom_sticky_logo_height":0,"osh_background_color":"","osh_links_color":"","osh_links_hover_color":"","osh_links_active_color":"","osh_links_bg_color":"","osh_links_hover_bg_color":"","osh_links_active_bg_color":"","osh_menu_social_links_color":"","osh_menu_social_hover_links_color":""},"product_brand":[],"product_cat":[80,218,341],"product_tag":[242,243,244,236,245,246,247,237,229,238,248,235,234,228,233,230,231,239,240,232,241],"class_list":{"0":"post-3724","1":"product","2":"type-product","3":"status-publish","4":"has-post-thumbnail","6":"product_cat-4-cylinder-engines","7":"product_cat-bmw-m10-engines","8":"product_cat-supercharger-kits","9":"product_tag-australia","10":"product_tag-bmw-1800","11":"product_tag-bmw-1802","12":"product_tag-bmw-2002","13":"product_tag-bmw-e12","14":"product_tag-bmw-e21","15":"product_tag-bmw-e28","16":"product_tag-bmw-e30","17":"product_tag-bmw-m10","18":"product_tag-bmw-m3","19":"product_tag-kompressor","20":"product_tag-m10-performance","21":"product_tag-m10-supercharger","22":"product_tag-m10-supercharger-kit","23":"product_tag-m10-turbo","24":"product_tag-m10b18","25":"product_tag-m10b20","26":"product_tag-o-t-m10","27":"product_tag-old-timer-m10","28":"product_tag-s14","29":"product_tag-travis","31":"entry","32":"has-media","34":"first","35":"instock","36":"taxable","37":"shipping-taxable","38":"purchasable","39":"product-type-variable","40":"has-default-attributes","41":"has-product-nav","42":"col","43":"span_1_of_4","44":"owp-content-center","45":"owp-thumbs-layout-horizontal","46":"owp-btn-normal","47":"owp-tabs-layout-vertical"},"_links":{"self":[{"href":"https:\/\/hydemotorworks.com\/shop\/de\/wp-json\/wp\/v2\/product\/3724","targetHints":{"allow":["GET"]}}],"collection":[{"href":"https:\/\/hydemotorworks.com\/shop\/de\/wp-json\/wp\/v2\/product"}],"about":[{"href":"https:\/\/hydemotorworks.com\/shop\/de\/wp-json\/wp\/v2\/types\/product"}],"version-history":[{"count":28,"href":"https:\/\/hydemotorworks.com\/shop\/de\/wp-json\/wp\/v2\/product\/3724\/revisions"}],"predecessor-version":[{"id":3761,"href":"https:\/\/hydemotorworks.com\/shop\/de\/wp-json\/wp\/v2\/product\/3724\/revisions\/3761"}],"wp:featuredmedia":[{"embeddable":true,"href":"https:\/\/hydemotorworks.com\/shop\/de\/wp-json\/wp\/v2\/media\/4407"}],"wp:attachment":[{"href":"https:\/\/hydemotorworks.com\/shop\/de\/wp-json\/wp\/v2\/media?parent=3724"}],"wp:term":[{"taxonomy":"product_brand","embeddable":true,"href":"https:\/\/hydemotorworks.com\/shop\/de\/wp-json\/wp\/v2\/product_brand?post=3724"},{"taxonomy":"product_cat","embeddable":true,"href":"https:\/\/hydemotorworks.com\/shop\/de\/wp-json\/wp\/v2\/product_cat?post=3724"},{"taxonomy":"product_tag","embeddable":true,"href":"https:\/\/hydemotorworks.com\/shop\/de\/wp-json\/wp\/v2\/product_tag?post=3724"}],"curies":[{"name":"wp","href":"https:\/\/api.w.org\/{rel}","templated":true}]}}