{"id":2210,"date":"2021-06-23T11:07:35","date_gmt":"2021-06-23T11:07:35","guid":{"rendered":"https:\/\/hydemotorworks.com\/shop\/?post_type=product&#038;p=2210"},"modified":"2024-05-21T15:23:22","modified_gmt":"2024-05-21T15:23:22","slug":"manifolds","status":"publish","type":"product","link":"https:\/\/hydemotorworks.com\/shop\/de\/produkt\/manifolds\/","title":{"rendered":"Kr\u00fcmmer"},"content":{"rendered":"<h2><span style=\"text-decoration: underline; color: #13aff0;\"><strong>MANIFOLDS<\/strong><\/span><\/h2>\n<p>Here you will find various sets of spare inlet and outlet manifolds for superchargers as well as many engines such as the BMW M50, M52, M54, S50, S52 engines.<\/p>\n<p>&nbsp;<\/p>\n<ul>\n<li><strong>M4X Drosselklappenverlagerungs-Kit<\/strong><br \/>\nDer M4X Drosselklappenverlagerungs-Kit ist komplett pulverbeschichtet und f\u00fcr die BMW M42\/M43\/M44 Motoren geeignet. Es enth\u00e4lt 2x Drosselklappen-Attrappen, von denen eine in der serienm\u00e4\u00dfigen Position installiert wird, w\u00e4hrend die andere verwendet werden kann, um die urspr\u00fcngliche Drosselklappe weiter weg vom Motorkr\u00fcmmer zu montieren, z.B. vor dem Turbolader.<br \/>\nDiese beiden Produkte sind in den Optionen V2 Halterung, Basis und Komplettpaket sowie in den Optionen V3.2 Halterung und Basispaket enthalten.<br \/>\nSie k\u00f6nnen diesen Drosselklappenverlagerungssatz auch separat als Ersatzteil erwerben.<\/li>\n<li><strong>M5X Drosselklappenverlagerungs-Kit<\/strong><br \/>\nDer M5X Drosselklappenverlagerungs-Kit ist komplett pulverbeschichtet und f\u00fcr die BMW M50\/M50TU\/ M52\/M52TU\/S5\/M54 Motoren geeignet. Er enth\u00e4lt 2x Drosselklappen-Attrappen, von denen eine in der serienm\u00e4\u00dfigen Position installiert wird, w\u00e4hrend die andere verwendet werden kann, um die urspr\u00fcngliche Drosselklappe weiter weg vom Motorkr\u00fcmmer zu montieren, z.B. vor dem Kompressor.<br \/>\nDiese beiden Produkte sind in den Optionen V2 Halterung, Basis und Komplettpaket sowie in den Optionen V3.2 Halterung und Basispaket enthalten.<br \/>\nSie k\u00f6nnen diesen Drosselklappenverlagerungssatz auch separat als Ersatzteil erwerben.<\/li>\n<li><strong>M4X Mini Kr\u00fcmmer<\/strong><br \/>\nDer M4X Mini Kr\u00fcmmer ist einteilig, komplett pulverbeschichtet und passend f\u00fcr die BMW M42\/M43\/M44 Motoren. Er wurde entwickelt, um den oberen Teil des serienm\u00e4\u00dfigen M43 und M44 Ansaugkr\u00fcmmers zu ersetzen. Er hat 2 Ansaugstutzen, die mit dem unteren Teil des Serienkr\u00fcmmers \u00fcbereinstimmen und k\u00f6nnen verwendet werden, um das PCV-System zu l\u00f6schen.<br \/>\nThis item is included in the V4 M.O.A.B. Prototype Eaton Base Kit option but works on all of our V4 M.O.A.B Supercharger Kits, that support both the Mercedes M45 and M62 superchargers. You may also purchase this M4X Mini Manifold separately, as a spare part.<\/li>\n<li><strong>SC14 Kr\u00fcmmer<\/strong><br \/>\nDies ist der SC14 Kompressor Kr\u00fcmmer-Kit, der 1x SC14 Einlass und 1x SC14 Auslass enth\u00e4lt.<br \/>\nDiese beiden Produkte sind in den Optionen V2 Basis und Komplettpaket sowie in den Optionen V4 SC14  Basispaket enthalten.<br \/>\nSie k\u00f6nnen diesen Kr\u00fcmmer Kit auch separat als Ersatzteil erwerben.<\/li>\n<li><strong>AMR 500 Einlass- und Auslasskr\u00fcmmer<\/strong><br \/>\nDieses ist der AMR 500 Kr\u00fcmmer Kit, der 1x AMR 500 Einlass und 1x AMR 500 Auslass enth\u00e4lt.<br \/>\nDiese 2 Artikel sind in den Optionen des V4 M.O.A.B. AMR 500 Base Kit enthalten.<br \/>\nSie k\u00f6nnen diesen Kr\u00fcmmer Kit auch separat als Ersatzteil erwerben.<\/li>\n<li><strong>M45 Einlass- und Auslasskr\u00fcmmer<\/strong><br \/>\nDer M45 Einlass-\/Auslasskr\u00fcmmer ist einteilig, komplett pulverbeschichtet und passend f\u00fcr die BMW M42\/M43\/M44 Motoren.<br \/>\nDieser Artikel ist in der V4 M.O.A.B. Prototyp Eaton Basis Kit Option enthalten, die sowohl den Mercedes M45 als auch den M62 Kompressor unterst\u00fctzt.<br \/>\nSie k\u00f6nnen diesen M45 Einlass-\/Auslasskr\u00fcmmer auch separat als Ersatzteil erwerben.<\/li>\n<li><strong>M62 Einlass- und Auslasskr\u00fcmmer<\/strong><br \/>\nDer M62 Kr\u00fcmmer Kit ist komplett pulverbeschichtet und f\u00fcr die BMW M50\/M50TU\/ M52\/M52TU\/S5\/M54 Motoren geeignet. Es enth\u00e4lt 1x M62 Einlass, 1x M62 Auslass und 1x M62 Adapterplatte.<br \/>\nDiese 3 Artikel sind in den Optionen V3.62 Halterung und Basis-Kit enthalten.<br \/>\nSie k\u00f6nnen diesen Kr\u00fcmmer Kit auch separat als Ersatzteil erwerben.<\/li>\n<li><strong>M90 Einlass- und Auslasskr\u00fcmmer<\/strong><br \/>\nDer M90 Kr\u00fcmmer Kit ist komplett pulverbeschichtet und f\u00fcr die BMW M50\/M50TU\/ M52\/M52TU\/S5\/M54 Motoren geeignet. Es enth\u00e4lt 1x M90 Einlass, 1x M90 Auslass und 1x M90 Adapterplatte.<br \/>\nDiese 3 Artikel sind in den Optionen V3.2 Halterung und Basis-Kit enthalten.<br \/>\nSie k\u00f6nnen diesen Kr\u00fcmmer Kit auch separat als Ersatzteil erwerben.<\/li>\n<\/ul>","protected":false},"excerpt":{"rendered":"<p>Our collection of custom inlet and outlet manifolds made for superchargers as the SC14 Supercharger, AMR 500 Supercharger, Eaton M45, Eaton M62, Eaton M90 as well as well as throttle body dummy manifolds for the BMW M5x engines, BMW M4x engines.<\/p>","protected":false},"featured_media":2149,"template":"","meta":{"kia_subtitle":"Spare Supercharger & Throttlebody Manifolds","ocean_post_layout":"","ocean_both_sidebars_style":"","ocean_both_sidebars_content_width":0,"ocean_both_sidebars_sidebars_width":0,"ocean_sidebar":"0","ocean_second_sidebar":"0","ocean_disable_margins":"enable","ocean_add_body_class":"","ocean_shortcode_before_top_bar":"","ocean_shortcode_after_top_bar":"","ocean_shortcode_before_header":"","ocean_shortcode_after_header":"","ocean_has_shortcode":"","ocean_shortcode_after_title":"","ocean_shortcode_before_footer_widgets":"","ocean_shortcode_after_footer_widgets":"","ocean_shortcode_before_footer_bottom":"","ocean_shortcode_after_footer_bottom":"","ocean_display_top_bar":"default","ocean_display_header":"default","ocean_header_style":"","ocean_center_header_left_menu":"0","ocean_custom_header_template":"0","ocean_custom_logo":0,"ocean_custom_retina_logo":0,"ocean_custom_logo_max_width":0,"ocean_custom_logo_tablet_max_width":0,"ocean_custom_logo_mobile_max_width":0,"ocean_custom_logo_max_height":0,"ocean_custom_logo_tablet_max_height":0,"ocean_custom_logo_mobile_max_height":0,"ocean_header_custom_menu":"0","ocean_menu_typo_font_family":"0","ocean_menu_typo_font_subset":"","ocean_menu_typo_font_size":0,"ocean_menu_typo_font_size_tablet":0,"ocean_menu_typo_font_size_mobile":0,"ocean_menu_typo_font_size_unit":"px","ocean_menu_typo_font_weight":"","ocean_menu_typo_font_weight_tablet":"","ocean_menu_typo_font_weight_mobile":"","ocean_menu_typo_transform":"","ocean_menu_typo_transform_tablet":"","ocean_menu_typo_transform_mobile":"","ocean_menu_typo_line_height":0,"ocean_menu_typo_line_height_tablet":0,"ocean_menu_typo_line_height_mobile":0,"ocean_menu_typo_line_height_unit":"","ocean_menu_typo_spacing":0,"ocean_menu_typo_spacing_tablet":0,"ocean_menu_typo_spacing_mobile":0,"ocean_menu_typo_spacing_unit":"","ocean_menu_link_color":"","ocean_menu_link_color_hover":"","ocean_menu_link_color_active":"","ocean_menu_link_background":"","ocean_menu_link_hover_background":"","ocean_menu_link_active_background":"","ocean_menu_social_links_bg":"","ocean_menu_social_hover_links_bg":"","ocean_menu_social_links_color":"","ocean_menu_social_hover_links_color":"","ocean_disable_title":"default","ocean_disable_heading":"default","ocean_post_title":"","ocean_post_subheading":"","ocean_post_title_style":"","ocean_post_title_background_color":"","ocean_post_title_background":0,"ocean_post_title_bg_image_position":"","ocean_post_title_bg_image_attachment":"","ocean_post_title_bg_image_repeat":"","ocean_post_title_bg_image_size":"","ocean_post_title_height":0,"ocean_post_title_bg_overlay":0.5,"ocean_post_title_bg_overlay_color":"","ocean_disable_breadcrumbs":"default","ocean_breadcrumbs_color":"","ocean_breadcrumbs_separator_color":"","ocean_breadcrumbs_links_color":"","ocean_breadcrumbs_links_hover_color":"","ocean_display_footer_widgets":"default","ocean_display_footer_bottom":"default","ocean_custom_footer_template":"0","ofc_meta_disable_footer_callout":"","ofc_meta_callout_button_url":"","ofc_meta_callout_button_txt":"","ofc_meta_callout_text":"","ofc_enable_fullscreen":"disable","ofc_fullscreen_speed":0,"ofc_fullscreen_nav":"enable","ofc_fullscreen_nav_pos":"right","ofc_fullscreen_nav_color":"","ofc_fullscreen_nav_tooltip_color":"","ofc_fullscreen_responsive":0,"osh_disable_topbar_sticky":"default","osh_disable_header_sticky":"default","osh_sticky_header_style":"default","osh_sticky_header_effect":"","osh_custom_sticky_logo":0,"osh_custom_retina_sticky_logo":0,"osh_custom_sticky_logo_height":0,"osh_background_color":"","osh_links_color":"","osh_links_hover_color":"","osh_links_active_color":"","osh_links_bg_color":"","osh_links_hover_bg_color":"","osh_links_active_bg_color":"","osh_menu_social_links_color":"","osh_menu_social_hover_links_color":""},"product_brand":[],"product_cat":[154],"product_tag":[143,178,104,173,103,175,174,179,140,141,142,176,177,137,138,172,144],"class_list":{"0":"post-2210","1":"product","2":"type-product","3":"status-publish","4":"has-post-thumbnail","6":"product_cat-manifolds","7":"product_tag-bmw-throttlebody","8":"product_tag-m122h-manifold","9":"product_tag-m42","10":"product_tag-m43","11":"product_tag-m44","12":"product_tag-m45-intake","13":"product_tag-m45-manifold","14":"product_tag-m4x-intake-manifold","15":"product_tag-m50","16":"product_tag-m52","17":"product_tag-m54","18":"product_tag-m62-manifold","19":"product_tag-m90-manifold","20":"product_tag-sc14-supercharger-manifolds","21":"product_tag-spare-parts","22":"product_tag-supercharger-manifold","23":"product_tag-throttlebody-relocation","25":"entry","26":"has-media","28":"first","29":"instock","30":"sale","31":"taxable","32":"shipping-taxable","33":"purchasable","34":"product-type-variable","35":"has-default-attributes","36":"has-product-nav","37":"col","38":"span_1_of_4","39":"owp-content-center","40":"owp-thumbs-layout-horizontal","41":"owp-btn-normal","42":"owp-tabs-layout-vertical"},"_links":{"self":[{"href":"https:\/\/hydemotorworks.com\/shop\/de\/wp-json\/wp\/v2\/product\/2210","targetHints":{"allow":["GET"]}}],"collection":[{"href":"https:\/\/hydemotorworks.com\/shop\/de\/wp-json\/wp\/v2\/product"}],"about":[{"href":"https:\/\/hydemotorworks.com\/shop\/de\/wp-json\/wp\/v2\/types\/product"}],"version-history":[{"count":4,"href":"https:\/\/hydemotorworks.com\/shop\/de\/wp-json\/wp\/v2\/product\/2210\/revisions"}],"predecessor-version":[{"id":5655,"href":"https:\/\/hydemotorworks.com\/shop\/de\/wp-json\/wp\/v2\/product\/2210\/revisions\/5655"}],"wp:featuredmedia":[{"embeddable":true,"href":"https:\/\/hydemotorworks.com\/shop\/de\/wp-json\/wp\/v2\/media\/2149"}],"wp:attachment":[{"href":"https:\/\/hydemotorworks.com\/shop\/de\/wp-json\/wp\/v2\/media?parent=2210"}],"wp:term":[{"taxonomy":"product_brand","embeddable":true,"href":"https:\/\/hydemotorworks.com\/shop\/de\/wp-json\/wp\/v2\/product_brand?post=2210"},{"taxonomy":"product_cat","embeddable":true,"href":"https:\/\/hydemotorworks.com\/shop\/de\/wp-json\/wp\/v2\/product_cat?post=2210"},{"taxonomy":"product_tag","embeddable":true,"href":"https:\/\/hydemotorworks.com\/shop\/de\/wp-json\/wp\/v2\/product_tag?post=2210"}],"curies":[{"name":"wp","href":"https:\/\/api.w.org\/{rel}","templated":true}]}}