{"id":1150,"date":"2020-07-12T09:29:57","date_gmt":"2020-07-12T09:29:57","guid":{"rendered":"https:\/\/hydemotorworks.com\/shop\/?post_type=product&#038;p=1150"},"modified":"2024-04-10T09:22:53","modified_gmt":"2024-04-10T09:22:53","slug":"fuel-injectors","status":"publish","type":"product","link":"https:\/\/hydemotorworks.com\/shop\/de\/produkt\/fuel-injectors\/","title":{"rendered":"Fuel Injectors &#8211; EV1\/EV6"},"content":{"rendered":"<h2><span style=\"text-decoration: underline; color: #13aff0;\"><strong>FUEL INJECTORS EV1\/EV6<\/strong><\/span><\/h2>\n<p>These are EV1\/EV6 style re manufactured injectors that are flow tested and matched by TRE Performance for Hyde Motor Works.\u00a0\u00a0 These are flow matched with 1% \u2013 3% variance, with high resistance ratings and come with a 12 months warranty.<\/p>\n<p><span style=\"text-decoration: underline; color: #13aff0;\"><strong>Anmerkungen<\/strong><\/span><\/p>\n<ul>\n<li><em>The car\u2019s ECU and maps must be re-programmed and coded in order to accept larger injectors, they are not just plug and play.<\/em><\/li>\n<li><em>For the V2, V3 Kits, we recommend the 42 lbs and for the M1 K.C. Kits the 60 lbs set of injectors.<\/em><\/li>\n<li><em>The V4 M.O.A.B. Kits for the M42\/M44 engines will not support these injectors.<\/em><\/li>\n<li><em>These Injectors are non OEM aftermarket item. They are not manufactured by Hyde Motor Works. This is an item we source and resell from a 3rd party manufacturer.<\/em><\/li>\n<li><em>Injector clips are optional and dependent on application, these injectors will accept OBD1 Bosch EV1 center notch style injector clips, which are not supplied.<\/em><\/li>\n<li><em><em>Warranty 1 Year through TRE Performance*<\/em><\/em><\/li>\n<li><em><span style=\"text-decoration: underline;\">Manufacturer Specification:<\/span><br \/>\nElektrischer Steckertyp: EV1\/Jetronic\/Mini-Zeitschaltuhr<\/em><br \/>\n<em>Kraftstoffzufuhr: Vierfachloch-Scheibend\u00fcse<\/em><em>Spannung: 8-15 Volt, nominal 13,5 Volt<\/em><br \/>\n<em>Stromst\u00e4rke: 1,0 Ampere<\/em><br \/>\n<em>Druck: Min. 30 PSIG \/ Max. 100 PSIG<\/em><em>Konstruktion des Injektorgeh\u00e4uses: Komposit-Kunststoff<\/em><br \/>\n<em>Durchmesser: 16 mm<\/em><br \/>\n<em>Gesamtl\u00e4nge: 74 mm<\/em><br \/>\n<em>L\u00e4nge von O-Ring zu O-Ring: 63 mm<\/em><br \/>\n<em>O-Ringe Oben: 14,5 mm<\/em><br \/>\n<em>O-Ringe Unten: 14,5 mm<\/em><\/li>\n<\/ul>\n<p>&nbsp;<\/p>\n<p>&nbsp;<\/p>","protected":false},"excerpt":{"rendered":"<p>This is a set of six (6) high resistance re-manufactured Bosch EV1\/EV6 style fuel injectors. They are and flow tested and matched by TRE Performance. They are a affordable upgrade to the injectors found in the BMW 6-cylinder M50, M52, M54, S50, S52 engines.<\/p>\n<p>Erh\u00e4ltlich entweder in den Gr\u00f6\u00dfen 42Ibs (440cc) oder 60Ibs (600cc).<\/p>","protected":false},"featured_media":2209,"template":"","meta":{"kia_subtitle":"Re manufactured by TRE Performance","ocean_post_layout":"","ocean_both_sidebars_style":"","ocean_both_sidebars_content_width":0,"ocean_both_sidebars_sidebars_width":0,"ocean_sidebar":"0","ocean_second_sidebar":"0","ocean_disable_margins":"enable","ocean_add_body_class":"","ocean_shortcode_before_top_bar":"","ocean_shortcode_after_top_bar":"","ocean_shortcode_before_header":"","ocean_shortcode_after_header":"","ocean_has_shortcode":"","ocean_shortcode_after_title":"","ocean_shortcode_before_footer_widgets":"","ocean_shortcode_after_footer_widgets":"","ocean_shortcode_before_footer_bottom":"","ocean_shortcode_after_footer_bottom":"","ocean_display_top_bar":"default","ocean_display_header":"default","ocean_header_style":"","ocean_center_header_left_menu":"0","ocean_custom_header_template":"0","ocean_custom_logo":0,"ocean_custom_retina_logo":0,"ocean_custom_logo_max_width":0,"ocean_custom_logo_tablet_max_width":0,"ocean_custom_logo_mobile_max_width":0,"ocean_custom_logo_max_height":0,"ocean_custom_logo_tablet_max_height":0,"ocean_custom_logo_mobile_max_height":0,"ocean_header_custom_menu":"0","ocean_menu_typo_font_family":"0","ocean_menu_typo_font_subset":"","ocean_menu_typo_font_size":0,"ocean_menu_typo_font_size_tablet":0,"ocean_menu_typo_font_size_mobile":0,"ocean_menu_typo_font_size_unit":"px","ocean_menu_typo_font_weight":"","ocean_menu_typo_font_weight_tablet":"","ocean_menu_typo_font_weight_mobile":"","ocean_menu_typo_transform":"","ocean_menu_typo_transform_tablet":"","ocean_menu_typo_transform_mobile":"","ocean_menu_typo_line_height":0,"ocean_menu_typo_line_height_tablet":0,"ocean_menu_typo_line_height_mobile":0,"ocean_menu_typo_line_height_unit":"","ocean_menu_typo_spacing":0,"ocean_menu_typo_spacing_tablet":0,"ocean_menu_typo_spacing_mobile":0,"ocean_menu_typo_spacing_unit":"","ocean_menu_link_color":"","ocean_menu_link_color_hover":"","ocean_menu_link_color_active":"","ocean_menu_link_background":"","ocean_menu_link_hover_background":"","ocean_menu_link_active_background":"","ocean_menu_social_links_bg":"","ocean_menu_social_hover_links_bg":"","ocean_menu_social_links_color":"","ocean_menu_social_hover_links_color":"","ocean_disable_title":"default","ocean_disable_heading":"default","ocean_post_title":"","ocean_post_subheading":"","ocean_post_title_style":"","ocean_post_title_background_color":"","ocean_post_title_background":0,"ocean_post_title_bg_image_position":"","ocean_post_title_bg_image_attachment":"","ocean_post_title_bg_image_repeat":"","ocean_post_title_bg_image_size":"","ocean_post_title_height":0,"ocean_post_title_bg_overlay":0.5,"ocean_post_title_bg_overlay_color":"","ocean_disable_breadcrumbs":"default","ocean_breadcrumbs_color":"","ocean_breadcrumbs_separator_color":"","ocean_breadcrumbs_links_color":"","ocean_breadcrumbs_links_hover_color":"","ocean_display_footer_widgets":"default","ocean_display_footer_bottom":"default","ocean_custom_footer_template":"0","ofc_meta_disable_footer_callout":"","ofc_meta_callout_button_url":"","ofc_meta_callout_button_txt":"","ofc_meta_callout_text":"","ofc_enable_fullscreen":"disable","ofc_fullscreen_speed":0,"ofc_fullscreen_nav":"enable","ofc_fullscreen_nav_pos":"right","ofc_fullscreen_nav_color":"","ofc_fullscreen_nav_tooltip_color":"","ofc_fullscreen_responsive":0,"osh_disable_topbar_sticky":"default","osh_disable_header_sticky":"default","osh_sticky_header_style":"default","osh_sticky_header_effect":"","osh_custom_sticky_logo":0,"osh_custom_retina_sticky_logo":0,"osh_custom_sticky_logo_height":0,"osh_background_color":"","osh_links_color":"","osh_links_hover_color":"","osh_links_active_color":"","osh_links_bg_color":"","osh_links_hover_bg_color":"","osh_links_active_bg_color":"","osh_menu_social_links_color":"","osh_menu_social_hover_links_color":""},"product_brand":[],"product_cat":[82],"product_tag":[134,135,133],"class_list":{"0":"post-1150","1":"product","2":"type-product","3":"status-publish","4":"has-post-thumbnail","6":"product_cat-accessories","7":"product_tag-42lbs","8":"product_tag-60lbs","9":"product_tag-fuel-injectors","11":"entry","12":"has-media","14":"first","15":"instock","16":"taxable","17":"shipping-taxable","18":"purchasable","19":"product-type-variable","20":"has-product-nav","21":"col","22":"span_1_of_4","23":"owp-content-center","24":"owp-thumbs-layout-horizontal","25":"owp-btn-normal","26":"owp-tabs-layout-vertical"},"_links":{"self":[{"href":"https:\/\/hydemotorworks.com\/shop\/de\/wp-json\/wp\/v2\/product\/1150","targetHints":{"allow":["GET"]}}],"collection":[{"href":"https:\/\/hydemotorworks.com\/shop\/de\/wp-json\/wp\/v2\/product"}],"about":[{"href":"https:\/\/hydemotorworks.com\/shop\/de\/wp-json\/wp\/v2\/types\/product"}],"version-history":[{"count":7,"href":"https:\/\/hydemotorworks.com\/shop\/de\/wp-json\/wp\/v2\/product\/1150\/revisions"}],"predecessor-version":[{"id":5857,"href":"https:\/\/hydemotorworks.com\/shop\/de\/wp-json\/wp\/v2\/product\/1150\/revisions\/5857"}],"wp:featuredmedia":[{"embeddable":true,"href":"https:\/\/hydemotorworks.com\/shop\/de\/wp-json\/wp\/v2\/media\/2209"}],"wp:attachment":[{"href":"https:\/\/hydemotorworks.com\/shop\/de\/wp-json\/wp\/v2\/media?parent=1150"}],"wp:term":[{"taxonomy":"product_brand","embeddable":true,"href":"https:\/\/hydemotorworks.com\/shop\/de\/wp-json\/wp\/v2\/product_brand?post=1150"},{"taxonomy":"product_cat","embeddable":true,"href":"https:\/\/hydemotorworks.com\/shop\/de\/wp-json\/wp\/v2\/product_cat?post=1150"},{"taxonomy":"product_tag","embeddable":true,"href":"https:\/\/hydemotorworks.com\/shop\/de\/wp-json\/wp\/v2\/product_tag?post=1150"}],"curies":[{"name":"wp","href":"https:\/\/api.w.org\/{rel}","templated":true}]}}